{"id":1011,"date":"2014-09-08T13:18:58","date_gmt":"2014-09-08T13:18:58","guid":{"rendered":"http:\/\/bilmat.org\/calisma_grubu\/?page_id=1011"},"modified":"2020-03-04T02:17:33","modified_gmt":"2020-03-04T02:17:33","slug":"dr-ogr-uyesi-zeynep-medine-ozmen","status":"publish","type":"page","link":"https:\/\/bilmat.org\/calisma_grubu\/dr-ogr-uyesi-zeynep-medine-ozmen\/","title":{"rendered":"Dr. \u00d6\u011fr. \u00dcyesi Zeynep Medine \u00d6ZMEN"},"content":{"rendered":"<table border=\"0\" width=\"100%\" cellspacing=\"1\" cellpadding=\"1\" align=\"left\" bgcolor=\"#CCCCCC\">\n<tbody>\n<tr>\n<td bgcolor=\"#CCCCCC\" width=\"116\">\n<div style=\"text-align: left;\" align=\"left\">Dr. \u00d6\u011fr. \u00dcyesi<\/div>\n<div style=\"text-align: left;\" align=\"left\">Zeynep Medine \u00d6ZMEN<\/div>\n<p><a href=\"http:\/\/bilmat.org\/calisma_grubu\/wp-content\/uploads\/2014\/01\/Z\u00d6ZMEN.jpg\"><img loading=\"lazy\" src=\"http:\/\/bilmat.org\/calisma_grubu\/wp-content\/uploads\/2014\/01\/Z\u00d6ZMEN-150x150.jpg\" alt=\"Z\u00d6ZMEN\" width=\"110\" height=\"120\" \/><\/a><\/td>\n<td valign=\"top\" bgcolor=\"#FFFFFF\">\n<div align=\"left\">\n<div align=\"left\">\n<div align=\"left\">\n<div align=\"left\">\n<div align=\"left\">\n<div align=\"left\">\n<div align=\"left\">\n<div align=\"left\"><a href=\"http:\/\/www.bilmat.org\/ktubilmat\/yayh.php?ids=25\" target=\"_blank\">Yay\u0131nlar<\/a><\/div>\n<div align=\"justify\">\n<p>18 Aral\u0131k 1986 tarihinde Ad\u0131yaman&#8217;da do\u011fdu. \u0130lk, orta ve lise \u00f6\u011frenimini Osmaniye\u2019de tamamlad\u0131. 2004 y\u0131l\u0131nda girdi\u011fi Karadeniz Teknik \u00dcniversitesi Fatih E\u011fitim Fak\u00fcltesi Matematik \u00d6\u011fretmenli\u011fi program\u0131n\u0131 2009 y\u0131l\u0131nda b\u00f6l\u00fcm birincili\u011fi ile bitirdi. Ayn\u0131 y\u0131l Karadeniz Teknik \u00dcniversitesi Orta\u00f6\u011fretim Fen ve Matematik Alanlar\u0131 E\u011fitimi Anabilim dal\u0131 Matematik E\u011fitiminde doktora e\u011fitimine ba\u015flad\u0131. 2010 y\u0131l\u0131nda Karadeniz Teknik \u00dcniversitesi Fatih E\u011fitim Fak\u00fcltesinde ara\u015ft\u0131rma g\u00f6revlisi olarak \u00e7al\u0131\u015fmaya ba\u015flad\u0131. Halen Fatih E\u011fitim Fak\u00fcltesi Orta\u00f6\u011fretim Fen ve Matematik Alanlar\u0131 E\u011fitimi Anabilim dal\u0131nda ara\u015ft\u0131rma g\u00f6revlisi olarak \u00e7al\u0131\u015fmakta ve doktora e\u011fitimine devam etmektedir.<\/p>\n<\/div>\n<\/div>\n<\/div>\n<\/div>\n<\/div>\n<\/div>\n<\/div>\n<\/div>\n<\/td>\n<\/tr>\n<tr>\n<td bgcolor=\"#CCCCCC\">\n<div align=\"left\">\u00c7al\u0131\u015fma Alanlar\u0131:<\/div>\n<\/td>\n<td bgcolor=\"#F3F3F3\">\u0130statistik e\u011fitimi, \u0130statistiksel okuryazarl\u0131k, Problem \u00e7\u00f6zme<\/td>\n<\/tr>\n<tr>\n<td bgcolor=\"#CCCCCC\">\n<div align=\"left\">\u0130leti\u015fim Bilgileri:<\/div>\n<\/td>\n<td bgcolor=\"#FFFFFF\"><\/td>\n<\/tr>\n<tr>\n<td bgcolor=\"#CCCCCC\">E-posta:<\/td>\n<td bgcolor=\"#F3F3F3\"><a href=\"mailto:abudak@erzincan.edu.tr\">zozmen@ktu.edu.tr<\/a><\/td>\n<\/tr>\n<tr>\n<td bgcolor=\"#CCCCCC\">\n<div align=\"left\">Web Adresi:<\/div>\n<\/td>\n<td bgcolor=\"#FFFFFF\">\u00a0<a href=\"http:\/\/aves.ktu.edu.tr\/zmozmen\/\" target=\"_blank\">http:\/\/aves.ktu.edu.tr\/zmozmen\/<\/a><\/td>\n<\/tr>\n<\/tbody>\n<\/table>\n<p style=\"text-align: right;\">\n","protected":false},"excerpt":{"rendered":"<p>Dr. \u00d6\u011fr. \u00dcyesi Zeynep Medine \u00d6ZMEN Yay\u0131nlar 18 Aral\u0131k 1986 tarihinde Ad\u0131yaman&#8217;da do\u011fdu. \u0130lk, orta ve lise \u00f6\u011frenimini Osmaniye\u2019de tamamlad\u0131. 2004 y\u0131l\u0131nda girdi\u011fi Karadeniz Teknik \u00dcniversitesi Fatih E\u011fitim Fak\u00fcltesi Matematik \u00d6\u011fretmenli\u011fi program\u0131n\u0131 2009 y\u0131l\u0131nda b\u00f6l\u00fcm birincili\u011fi ile bitirdi. Ayn\u0131 y\u0131l Karadeniz Teknik \u00dcniversitesi Orta\u00f6\u011fretim Fen ve Matematik Alanlar\u0131 E\u011fitimi Anabilim dal\u0131 Matematik E\u011fitiminde doktora e\u011fitimine [&hellip;]<\/p>\n","protected":false},"author":1,"featured_media":0,"parent":0,"menu_order":0,"comment_status":"closed","ping_status":"closed","template":"","meta":[],"_links":{"self":[{"href":"https:\/\/bilmat.org\/calisma_grubu\/wp-json\/wp\/v2\/pages\/1011"}],"collection":[{"href":"https:\/\/bilmat.org\/calisma_grubu\/wp-json\/wp\/v2\/pages"}],"about":[{"href":"https:\/\/bilmat.org\/calisma_grubu\/wp-json\/wp\/v2\/types\/page"}],"author":[{"embeddable":true,"href":"https:\/\/bilmat.org\/calisma_grubu\/wp-json\/wp\/v2\/users\/1"}],"replies":[{"embeddable":true,"href":"https:\/\/bilmat.org\/calisma_grubu\/wp-json\/wp\/v2\/comments?post=1011"}],"version-history":[{"count":4,"href":"https:\/\/bilmat.org\/calisma_grubu\/wp-json\/wp\/v2\/pages\/1011\/revisions"}],"predecessor-version":[{"id":2047,"href":"https:\/\/bilmat.org\/calisma_grubu\/wp-json\/wp\/v2\/pages\/1011\/revisions\/2047"}],"wp:attachment":[{"href":"https:\/\/bilmat.org\/calisma_grubu\/wp-json\/wp\/v2\/media?parent=1011"}],"curies":[{"name":"wp","href":"https:\/\/api.w.org\/{rel}","templated":true}]}}