{"id":1016,"date":"2014-09-08T13:21:40","date_gmt":"2014-09-08T13:21:40","guid":{"rendered":"http:\/\/bilmat.org\/calisma_grubu\/?page_id=1016"},"modified":"2020-03-04T02:18:06","modified_gmt":"2020-03-04T02:18:06","slug":"dr-ogr-uyesi-oben-kanbolat","status":"publish","type":"page","link":"https:\/\/bilmat.org\/calisma_grubu\/dr-ogr-uyesi-oben-kanbolat\/","title":{"rendered":"Dr. \u00d6\u011fr. \u00dcyesi Oben KANBOLAT"},"content":{"rendered":"<table border=\"0\" width=\"100%\" cellspacing=\"1\" cellpadding=\"1\" align=\"left\" bgcolor=\"#CCCCCC\">\n<tbody>\n<tr>\n<td bgcolor=\"#CCCCCC\" width=\"116\">\n<div style=\"text-align: left;\" align=\"left\">Dr. \u00d6\u011fr. \u00dcyesi Oben KANBOLAT<\/div>\n<p><img loading=\"lazy\" src=\"http:\/\/www.bilmat.org\/ktubilmat\/kullanici\/115.jpg\" alt=\"\" width=\"120\" height=\"130\" \/><\/td>\n<td valign=\"top\" bgcolor=\"#FFFFFF\">\n<div align=\"left\">\n<div align=\"left\">\n<div align=\"left\">\n<div align=\"left\">\n<div align=\"left\">\n<div align=\"left\">\n<div align=\"left\">\n<div align=\"left\"><a href=\"http:\/\/www.bilmat.org\/ktubilmat\/yayh.php?ids=26\" target=\"_blank\">Yay\u0131nlar<\/a><\/div>\n<div align=\"justify\">\n<p>1983 y\u0131l\u0131nda Samsun\u2019da do\u011fdu. \u0130lk\u00f6\u011frenimini Tayyar Mehmet Pa\u015fa ve Atat\u00fcrk \u0130.\u00d6.O.\u2019da, orta \u00f6\u011frenimini ise Akp\u0131nar Anadolu \u00d6\u011fretmen Lisesi\u2019nde tamamlad\u0131. 2006 y\u0131l\u0131nda Ondokuz May\u0131s \u00dcniversitesi E\u011fitim Fak\u00fcltesi \u0130lk\u00f6\u011fretim Matematik \u00d6\u011fretmenli\u011fi anabilim dal\u0131ndan mezun olduktan sonra 2006 y\u0131l\u0131nda Karadeniz Teknik \u00fcniversitesi Fen bilimleri Enstit\u00fcs\u00fc \u0130lk\u00f6\u011fretim (Matematik E\u011fitimi)anabilim dal\u0131nda y\u00fckseklisans \u00f6\u011frenimine ba\u015flad\u0131. 2007 y\u0131l\u0131nda Erzincan \u00dcniversitesi E\u011fitim Fak\u00fcltesi, \u0130lk\u00f6\u011fretim B\u00f6l\u00fcm\u00fc, Matematik E\u011fitimi ABD\u2019da Ar\u015f. G\u00f6r. olarak g\u00f6reve ba\u015flad\u0131. 2010 y\u0131l\u0131nda Karadeniz Teknik \u00dcniversitesi, Fen Bilimleri Enstit\u00fcs\u00fc, \u0130lk\u00f6\u011fretim Anabilim Dal\u0131ndan mezun olup, ayn\u0131 y\u0131l doktora \u00f6\u011frenimine ba\u015flam\u0131\u015ft\u0131r. 2015 y\u0131l\u0131nda doktora e\u011fitimini tamamlayan Kanbolat, Erzincan \u00dcniversitesi&#8217;nde doktor \u00fcnvan\u0131yla g\u00f6revini s\u00fcrd\u00fcrmektedir.<\/p>\n<\/div>\n<\/div>\n<\/div>\n<\/div>\n<\/div>\n<\/div>\n<\/div>\n<\/div>\n<\/td>\n<\/tr>\n<tr>\n<td bgcolor=\"#CCCCCC\">\n<div align=\"left\">\u00c7al\u0131\u015fma Alanlar\u0131:<\/div>\n<\/td>\n<td bgcolor=\"#F3F3F3\"><\/td>\n<\/tr>\n<tr>\n<td bgcolor=\"#CCCCCC\">\n<div align=\"left\">\u0130leti\u015fim Bilgileri:<\/div>\n<\/td>\n<td bgcolor=\"#FFFFFF\"><\/td>\n<\/tr>\n<tr>\n<td bgcolor=\"#CCCCCC\">E-posta:<\/td>\n<td bgcolor=\"#F3F3F3\"><a href=\"mailto:abudak@erzincan.edu.tr\">obenkarahan@hotmail.com<\/a><\/td>\n<\/tr>\n<tr>\n<td bgcolor=\"#CCCCCC\">\n<div align=\"left\">Web Adresi:<\/div>\n<\/td>\n<td bgcolor=\"#FFFFFF\"><a href=\"http:\/\/www.erzincan.edu.tr\/birim\/ogretim_uyesi.php?id=okanbolat \" target=\"_blank\">http:\/\/www.erzincan.edu.tr<\/a><\/td>\n<\/tr>\n<\/tbody>\n<\/table>\n","protected":false},"excerpt":{"rendered":"<p>Dr. \u00d6\u011fr. \u00dcyesi Oben KANBOLAT Yay\u0131nlar 1983 y\u0131l\u0131nda Samsun\u2019da do\u011fdu. \u0130lk\u00f6\u011frenimini Tayyar Mehmet Pa\u015fa ve Atat\u00fcrk \u0130.\u00d6.O.\u2019da, orta \u00f6\u011frenimini ise Akp\u0131nar Anadolu \u00d6\u011fretmen Lisesi\u2019nde tamamlad\u0131. 2006 y\u0131l\u0131nda Ondokuz May\u0131s \u00dcniversitesi E\u011fitim Fak\u00fcltesi \u0130lk\u00f6\u011fretim Matematik \u00d6\u011fretmenli\u011fi anabilim dal\u0131ndan mezun olduktan sonra 2006 y\u0131l\u0131nda Karadeniz Teknik \u00fcniversitesi Fen bilimleri Enstit\u00fcs\u00fc \u0130lk\u00f6\u011fretim (Matematik E\u011fitimi)anabilim dal\u0131nda y\u00fckseklisans \u00f6\u011frenimine ba\u015flad\u0131. [&hellip;]<\/p>\n","protected":false},"author":1,"featured_media":0,"parent":0,"menu_order":0,"comment_status":"closed","ping_status":"closed","template":"","meta":[],"_links":{"self":[{"href":"https:\/\/bilmat.org\/calisma_grubu\/wp-json\/wp\/v2\/pages\/1016"}],"collection":[{"href":"https:\/\/bilmat.org\/calisma_grubu\/wp-json\/wp\/v2\/pages"}],"about":[{"href":"https:\/\/bilmat.org\/calisma_grubu\/wp-json\/wp\/v2\/types\/page"}],"author":[{"embeddable":true,"href":"https:\/\/bilmat.org\/calisma_grubu\/wp-json\/wp\/v2\/users\/1"}],"replies":[{"embeddable":true,"href":"https:\/\/bilmat.org\/calisma_grubu\/wp-json\/wp\/v2\/comments?post=1016"}],"version-history":[{"count":6,"href":"https:\/\/bilmat.org\/calisma_grubu\/wp-json\/wp\/v2\/pages\/1016\/revisions"}],"predecessor-version":[{"id":2048,"href":"https:\/\/bilmat.org\/calisma_grubu\/wp-json\/wp\/v2\/pages\/1016\/revisions\/2048"}],"wp:attachment":[{"href":"https:\/\/bilmat.org\/calisma_grubu\/wp-json\/wp\/v2\/media?parent=1016"}],"curies":[{"name":"wp","href":"https:\/\/api.w.org\/{rel}","templated":true}]}}