{"id":1033,"date":"2014-09-08T13:48:49","date_gmt":"2014-09-08T13:48:49","guid":{"rendered":"http:\/\/bilmat.org\/calisma_grubu\/?page_id=1033"},"modified":"2020-12-26T12:26:09","modified_gmt":"2020-12-26T12:26:09","slug":"doc-dr-avni-yildiz","status":"publish","type":"page","link":"https:\/\/bilmat.org\/calisma_grubu\/doc-dr-avni-yildiz\/","title":{"rendered":"Do\u00e7. Dr. Avni YILDIZ"},"content":{"rendered":"<table border=\"0\" width=\"100%\" cellspacing=\"1\" cellpadding=\"1\" align=\"left\" bgcolor=\"#CCCCCC\">\n<tbody>\n<tr>\n<td bgcolor=\"#CCCCCC\" width=\"116\">\n<div style=\"text-align: left;\" align=\"left\">Do\u00e7. Dr. Avni YILDIZ<a href=\"http:\/\/bilmat.org\/calisma_grubu\/wp-content\/uploads\/2020\/11\/AVN\u0130-YILDIZ-Avni-Y\u0131ld\u0131z.jpg\"><img loading=\"lazy\" class=\"aligncenter size-full wp-image-2310\" src=\"http:\/\/bilmat.org\/calisma_grubu\/wp-content\/uploads\/2020\/11\/AVN\u0130-YILDIZ-Avni-Y\u0131ld\u0131z.jpg\" alt=\"AVN\u0130 YILDIZ - Avni Y\u0131ld\u0131z\" width=\"257\" height=\"321\" srcset=\"https:\/\/bilmat.org\/calisma_grubu\/wp-content\/uploads\/2020\/11\/AVN\u0130-YILDIZ-Avni-Y\u0131ld\u0131z.jpg 257w, https:\/\/bilmat.org\/calisma_grubu\/wp-content\/uploads\/2020\/11\/AVN\u0130-YILDIZ-Avni-Y\u0131ld\u0131z-250x312.jpg 250w, https:\/\/bilmat.org\/calisma_grubu\/wp-content\/uploads\/2020\/11\/AVN\u0130-YILDIZ-Avni-Y\u0131ld\u0131z-150x187.jpg 150w, https:\/\/bilmat.org\/calisma_grubu\/wp-content\/uploads\/2020\/11\/AVN\u0130-YILDIZ-Avni-Y\u0131ld\u0131z-50x62.jpg 50w, https:\/\/bilmat.org\/calisma_grubu\/wp-content\/uploads\/2020\/11\/AVN\u0130-YILDIZ-Avni-Y\u0131ld\u0131z-100x125.jpg 100w, https:\/\/bilmat.org\/calisma_grubu\/wp-content\/uploads\/2020\/11\/AVN\u0130-YILDIZ-Avni-Y\u0131ld\u0131z-200x250.jpg 200w\" sizes=\"(max-width: 257px) 100vw, 257px\" \/><\/a><\/div>\n<p><img class=\"thumbnail\" src=\"http:\/\/bilmat.org\/calisma_grubu\/wp-content\/uploads\/2014\/09\/ay-700x934.jpg\" alt=\"\" \/><\/td>\n<td valign=\"top\" bgcolor=\"#FFFFFF\">\n<div align=\"left\">\n<div align=\"left\">\n<div align=\"left\">\n<div align=\"left\">\n<div align=\"left\">\n<div align=\"left\">\n<div align=\"left\"><\/div>\n<div align=\"justify\">\n<p>1984 y\u0131l\u0131nda Giresun\u2019da do\u011fdu. \u0130lk ve orta \u00f6\u011frenimini bu \u015fehirde tamamlad\u0131. 2007 y\u0131l\u0131nda, KT\u00dc Fatih E\u011fitim Fak\u00fcltesi\u2019nde \u0130lk\u00f6\u011fretim Matematik \u00d6\u011fretmenli\u011fi program\u0131n\u0131 bitirdi. Ayn\u0131 y\u0131l, KT\u00dc Fatih E\u011fitim Fak\u00fcltesi\u2019nde \u0130lk\u00f6\u011fretim Matematik E\u011fitimi program\u0131nda doktora e\u011fitimine ba\u015flad\u0131. Nisan 2009 ve Mart 2014 y\u0131llar\u0131 aras\u0131nda K\u0131r\u015fehir Ahi Evran \u00dcniversitesi\u2019nde ara\u015ft\u0131rma g\u00f6revlisi olarak g\u00f6rev yapt\u0131. Doktora e\u011fitimi s\u00fcresince T\u00dcB\u0130TAK 2211 Yurt \u0130\u00e7i Doktora Burs program\u0131 ile desteklendi. \u201cDers \u0130mecesinin Matematik \u00d6\u011fretmenlerinin Problem \u00c7\u00f6zme Ortamlar\u0131nda \u00d6\u011frencilerinin \u00dcstbili\u015flerini Harekete Ge\u00e7irmeye Y\u00f6nelik Davran\u0131\u015flar\u0131na Etkisi\u201d adl\u0131 doktora teziyle doktor \u00fcnvan\u0131n\u0131 ald\u0131. Mart 2014\u2019de Zonguldak B\u00fclent Ecevit \u00dcniversitesi Ere\u011fli E\u011fitim Fak\u00fcltesi\u2019nde Dr. \u00d6\u011fr. \u00dcyesi kadrosuna atand\u0131. Ekim 2018 y\u0131l\u0131nda Do\u00e7entlik \u00fcnvan\u0131n\u0131 almaya hak kazand\u0131. Halen ayn\u0131 kurumda Do\u00e7. Dr. olarak \u00e7al\u0131\u015fan Y\u0131ld\u0131z\u2019\u0131n yabanc\u0131 dili \u0130ngilizce olup evli ve iki \u00e7ocuk babas\u0131d\u0131r.<\/p>\n<div><\/div>\n<\/div>\n<\/div>\n<\/div>\n<\/div>\n<\/div>\n<\/div>\n<\/div>\n<\/td>\n<\/tr>\n<tr>\n<td bgcolor=\"#CCCCCC\">\n<div align=\"left\">\u00c7al\u0131\u015fma Alanlar\u0131:<\/div>\n<\/td>\n<td bgcolor=\"#F3F3F3\">Problem \u00e7\u00f6zme, Ders imecesi, Bilgisayar destekli e\u011fitim, \u00dcst\u00fcn yetenekli \u00f6\u011frenciler, TPAB<\/td>\n<\/tr>\n<tr>\n<td bgcolor=\"#CCCCCC\">\n<div align=\"left\">\u0130leti\u015fim Bilgileri:<\/div>\n<\/td>\n<td bgcolor=\"#FFFFFF\"><\/td>\n<\/tr>\n<tr>\n<td bgcolor=\"#CCCCCC\">E-posta:<\/td>\n<td bgcolor=\"#F3F3F3\">yildiz.avni@gmail.com<\/td>\n<\/tr>\n<tr>\n<td bgcolor=\"#CCCCCC\">\n<div align=\"left\">Yay\u0131nlar:<\/div>\n<\/td>\n<td bgcolor=\"#FFFFFF\">\u00a0\u00a0<a href=\"https:\/\/scholar.google.com.tr\/citations?user=qt4rdnEAAAAJ&amp;hl=tr\">https:\/\/scholar.google.com.tr\/citations?user=qt4rdnEAAAAJ&amp;hl=tr<\/a><\/td>\n<\/tr>\n<\/tbody>\n<\/table>\n<p><span style=\"font-style: normal; font-variant: normal; font-family: 'Droid Sans', 'Helvetica Neue', 'Nimbus Sans L', sans-serif; font-size: 15px; line-height: 24.2999992370605px; text-align: justify;\">\u00a0<\/span><\/p>\n","protected":false},"excerpt":{"rendered":"<p>Do\u00e7. Dr. Avni YILDIZ 1984 y\u0131l\u0131nda Giresun\u2019da do\u011fdu. \u0130lk ve orta \u00f6\u011frenimini bu \u015fehirde tamamlad\u0131. 2007 y\u0131l\u0131nda, KT\u00dc Fatih E\u011fitim Fak\u00fcltesi\u2019nde \u0130lk\u00f6\u011fretim Matematik \u00d6\u011fretmenli\u011fi program\u0131n\u0131 bitirdi. Ayn\u0131 y\u0131l, KT\u00dc Fatih E\u011fitim Fak\u00fcltesi\u2019nde \u0130lk\u00f6\u011fretim Matematik E\u011fitimi program\u0131nda doktora e\u011fitimine ba\u015flad\u0131. Nisan 2009 ve Mart 2014 y\u0131llar\u0131 aras\u0131nda K\u0131r\u015fehir Ahi Evran \u00dcniversitesi\u2019nde ara\u015ft\u0131rma g\u00f6revlisi olarak g\u00f6rev yapt\u0131. [&hellip;]<\/p>\n","protected":false},"author":1,"featured_media":0,"parent":0,"menu_order":0,"comment_status":"closed","ping_status":"closed","template":"","meta":[],"_links":{"self":[{"href":"https:\/\/bilmat.org\/calisma_grubu\/wp-json\/wp\/v2\/pages\/1033"}],"collection":[{"href":"https:\/\/bilmat.org\/calisma_grubu\/wp-json\/wp\/v2\/pages"}],"about":[{"href":"https:\/\/bilmat.org\/calisma_grubu\/wp-json\/wp\/v2\/types\/page"}],"author":[{"embeddable":true,"href":"https:\/\/bilmat.org\/calisma_grubu\/wp-json\/wp\/v2\/users\/1"}],"replies":[{"embeddable":true,"href":"https:\/\/bilmat.org\/calisma_grubu\/wp-json\/wp\/v2\/comments?post=1033"}],"version-history":[{"count":8,"href":"https:\/\/bilmat.org\/calisma_grubu\/wp-json\/wp\/v2\/pages\/1033\/revisions"}],"predecessor-version":[{"id":2388,"href":"https:\/\/bilmat.org\/calisma_grubu\/wp-json\/wp\/v2\/pages\/1033\/revisions\/2388"}],"wp:attachment":[{"href":"https:\/\/bilmat.org\/calisma_grubu\/wp-json\/wp\/v2\/media?parent=1033"}],"curies":[{"name":"wp","href":"https:\/\/api.w.org\/{rel}","templated":true}]}}