{"id":1038,"date":"2014-09-08T13:54:39","date_gmt":"2014-09-08T13:54:39","guid":{"rendered":"http:\/\/bilmat.org\/calisma_grubu\/?page_id=1038"},"modified":"2021-01-04T04:17:41","modified_gmt":"2021-01-04T04:17:41","slug":"doc-dr-tuba-iskenderoglu","status":"publish","type":"page","link":"https:\/\/bilmat.org\/calisma_grubu\/doc-dr-tuba-iskenderoglu\/","title":{"rendered":"Do\u00e7. Dr. Tuba AYDO\u011eDU \u0130SKENDERO\u011eLU"},"content":{"rendered":"<table border=\"0\" width=\"100%\" cellspacing=\"1\" cellpadding=\"1\" align=\"left\" bgcolor=\"#CCCCCC\">\n<tbody>\n<tr>\n<td bgcolor=\"#CCCCCC\" width=\"116\">\n<div style=\"text-align: left;\" align=\"left\">\n<div align=\"left\">Do\u00e7. Dr. Tuba AYDO\u011eDU \u0130SKENDERO\u011eLU<a href=\"http:\/\/bilmat.org\/calisma_grubu\/wp-content\/uploads\/2020\/11\/IMG_20201031_195615-Tuba-AYDO\u011eDU-\u0130SKENDERO\u011eLU.jpg\"><img loading=\"lazy\" class=\"size-medium wp-image-2318\" src=\"http:\/\/bilmat.org\/calisma_grubu\/wp-content\/uploads\/2020\/11\/IMG_20201031_195615-Tuba-AYDO\u011eDU-\u0130SKENDERO\u011eLU-400x583.jpg\" alt=\"rbt\" width=\"206\" height=\"300\" srcset=\"https:\/\/bilmat.org\/calisma_grubu\/wp-content\/uploads\/2020\/11\/IMG_20201031_195615-Tuba-AYDO\u011eDU-\u0130SKENDERO\u011eLU-400x583.jpg 400w, https:\/\/bilmat.org\/calisma_grubu\/wp-content\/uploads\/2020\/11\/IMG_20201031_195615-Tuba-AYDO\u011eDU-\u0130SKENDERO\u011eLU-250x365.jpg 250w, https:\/\/bilmat.org\/calisma_grubu\/wp-content\/uploads\/2020\/11\/IMG_20201031_195615-Tuba-AYDO\u011eDU-\u0130SKENDERO\u011eLU-650x948.jpg 650w, https:\/\/bilmat.org\/calisma_grubu\/wp-content\/uploads\/2020\/11\/IMG_20201031_195615-Tuba-AYDO\u011eDU-\u0130SKENDERO\u011eLU-150x219.jpg 150w, https:\/\/bilmat.org\/calisma_grubu\/wp-content\/uploads\/2020\/11\/IMG_20201031_195615-Tuba-AYDO\u011eDU-\u0130SKENDERO\u011eLU-50x73.jpg 50w, https:\/\/bilmat.org\/calisma_grubu\/wp-content\/uploads\/2020\/11\/IMG_20201031_195615-Tuba-AYDO\u011eDU-\u0130SKENDERO\u011eLU-100x146.jpg 100w, https:\/\/bilmat.org\/calisma_grubu\/wp-content\/uploads\/2020\/11\/IMG_20201031_195615-Tuba-AYDO\u011eDU-\u0130SKENDERO\u011eLU-200x292.jpg 200w, https:\/\/bilmat.org\/calisma_grubu\/wp-content\/uploads\/2020\/11\/IMG_20201031_195615-Tuba-AYDO\u011eDU-\u0130SKENDERO\u011eLU-300x438.jpg 300w, https:\/\/bilmat.org\/calisma_grubu\/wp-content\/uploads\/2020\/11\/IMG_20201031_195615-Tuba-AYDO\u011eDU-\u0130SKENDERO\u011eLU-350x510.jpg 350w, https:\/\/bilmat.org\/calisma_grubu\/wp-content\/uploads\/2020\/11\/IMG_20201031_195615-Tuba-AYDO\u011eDU-\u0130SKENDERO\u011eLU-450x656.jpg 450w, https:\/\/bilmat.org\/calisma_grubu\/wp-content\/uploads\/2020\/11\/IMG_20201031_195615-Tuba-AYDO\u011eDU-\u0130SKENDERO\u011eLU-500x729.jpg 500w, https:\/\/bilmat.org\/calisma_grubu\/wp-content\/uploads\/2020\/11\/IMG_20201031_195615-Tuba-AYDO\u011eDU-\u0130SKENDERO\u011eLU-550x802.jpg 550w, https:\/\/bilmat.org\/calisma_grubu\/wp-content\/uploads\/2020\/11\/IMG_20201031_195615-Tuba-AYDO\u011eDU-\u0130SKENDERO\u011eLU.jpg 696w\" sizes=\"(max-width: 206px) 100vw, 206px\" \/><\/a><\/div>\n<\/div>\n<p><img class=\"thumbnail\" src=\"http:\/\/bilmat.org\/calisma_grubu\/wp-content\/uploads\/2014\/09\/T.-%C4%B0skendero%C4%9Flu-Foto%C4%9Fraf.jpg\" alt=\"\" \/><\/td>\n<td valign=\"top\" bgcolor=\"#FFFFFF\">\n<div align=\"left\">\n<div align=\"left\">\n<div align=\"left\">\n<div align=\"left\">\n<div align=\"left\">\n<div align=\"left\">\n<div align=\"left\"><\/div>\n<div align=\"justify\">Merzifon do\u011fumlu. \u0130lk, orta ve lise \u00f6\u011frenimini Merzif\u0131n&#8217;da tamamlad\u0131. Karadeniz Teknik \u00dcniversitesi Matematik B\u00f6l\u00fcm\u00fc&#8217;nde lisans e\u011fitimini tamamlad\u0131ktan sonra 2 y\u0131l matematik \u00f6\u011fretnenli\u011fi yapt\u0131. Daha sonra Abant \u0130zzet Baysal \u00dcniversitesi&#8217; nde ilk\u00f6\u011fretim matematik e\u011fitiminde y\u00fcksek lisans e\u011fitimini yaparken yine bu \u00fcniversite de ara\u015ft\u0131rma g\u00f6revlisi olarak \u00e7al\u0131\u015fmaya ba\u015flad\u0131. Y\u00fcksek lisans\u0131n\u0131 tamamlad\u0131ktan sonra Karadeniz Teknik \u00dcniversitesi&#8217;nde ilk\u00f6\u011fretim matematik e\u011fitiminde doktora e\u011fitimine ba\u015flad\u0131 ve bu s\u00fcre\u00e7te ayn\u0131 \u00fcniversitede ara\u015ft\u0131rma g\u00f6revlisi olarak g\u00f6rev yapt\u0131. 2010 y\u0131l\u0131nda doktora e\u011fitimini tamamlad\u0131. Trabzon \u00dcniversitesi&#8217;nde do\u00e7ent olarak g\u00f6rev yapmakta.<\/div>\n<\/div>\n<\/div>\n<\/div>\n<\/div>\n<\/div>\n<\/div>\n<\/td>\n<\/tr>\n<tr>\n<td bgcolor=\"#CCCCCC\">\n<div align=\"left\">\u00c7al\u0131\u015fma Alanlar\u0131:<\/div>\n<\/td>\n<td bgcolor=\"#F3F3F3\">\u00a0Matematik \u00f6\u011fretimi, kan\u0131t ve kan\u0131t \u015femalar\u0131, \u00f6\u011fretmen e\u011fitimi, problem \u00e7\u00f6zme ve kurma<\/td>\n<\/tr>\n<tr>\n<td bgcolor=\"#CCCCCC\">\n<div align=\"left\">\u0130leti\u015fim Bilgileri:<\/div>\n<\/td>\n<td bgcolor=\"#FFFFFF\"><\/td>\n<\/tr>\n<tr>\n<td bgcolor=\"#CCCCCC\">E-posta:<\/td>\n<td bgcolor=\"#F3F3F3\">tuba.iskenderoglu@trabzon.edu.tr<\/td>\n<\/tr>\n<tr>\n<td bgcolor=\"#CCCCCC\">\n<div align=\"left\">Web Adresi:<\/div>\n<\/td>\n<td bgcolor=\"#FFFFFF\"><\/td>\n<\/tr>\n<\/tbody>\n<\/table>\n<p style=\"text-align: right;\">\n","protected":false},"excerpt":{"rendered":"<p>Do\u00e7. Dr. Tuba AYDO\u011eDU \u0130SKENDERO\u011eLU Merzifon do\u011fumlu. \u0130lk, orta ve lise \u00f6\u011frenimini Merzif\u0131n&#8217;da tamamlad\u0131. Karadeniz Teknik \u00dcniversitesi Matematik B\u00f6l\u00fcm\u00fc&#8217;nde lisans e\u011fitimini tamamlad\u0131ktan sonra 2 y\u0131l matematik \u00f6\u011fretnenli\u011fi yapt\u0131. Daha sonra Abant \u0130zzet Baysal \u00dcniversitesi&#8217; nde ilk\u00f6\u011fretim matematik e\u011fitiminde y\u00fcksek lisans e\u011fitimini yaparken yine bu \u00fcniversite de ara\u015ft\u0131rma g\u00f6revlisi olarak \u00e7al\u0131\u015fmaya ba\u015flad\u0131. Y\u00fcksek lisans\u0131n\u0131 tamamlad\u0131ktan sonra [&hellip;]<\/p>\n","protected":false},"author":1,"featured_media":0,"parent":0,"menu_order":0,"comment_status":"closed","ping_status":"closed","template":"","meta":[],"_links":{"self":[{"href":"https:\/\/bilmat.org\/calisma_grubu\/wp-json\/wp\/v2\/pages\/1038"}],"collection":[{"href":"https:\/\/bilmat.org\/calisma_grubu\/wp-json\/wp\/v2\/pages"}],"about":[{"href":"https:\/\/bilmat.org\/calisma_grubu\/wp-json\/wp\/v2\/types\/page"}],"author":[{"embeddable":true,"href":"https:\/\/bilmat.org\/calisma_grubu\/wp-json\/wp\/v2\/users\/1"}],"replies":[{"embeddable":true,"href":"https:\/\/bilmat.org\/calisma_grubu\/wp-json\/wp\/v2\/comments?post=1038"}],"version-history":[{"count":5,"href":"https:\/\/bilmat.org\/calisma_grubu\/wp-json\/wp\/v2\/pages\/1038\/revisions"}],"predecessor-version":[{"id":2430,"href":"https:\/\/bilmat.org\/calisma_grubu\/wp-json\/wp\/v2\/pages\/1038\/revisions\/2430"}],"wp:attachment":[{"href":"https:\/\/bilmat.org\/calisma_grubu\/wp-json\/wp\/v2\/media?parent=1038"}],"curies":[{"name":"wp","href":"https:\/\/api.w.org\/{rel}","templated":true}]}}