{"id":1046,"date":"2014-09-08T13:57:43","date_gmt":"2014-09-08T13:57:43","guid":{"rendered":"http:\/\/bilmat.org\/calisma_grubu\/?page_id=1046"},"modified":"2020-03-04T02:23:47","modified_gmt":"2020-03-04T02:23:47","slug":"doc-dr-fatih-karakus","status":"publish","type":"page","link":"https:\/\/bilmat.org\/calisma_grubu\/doc-dr-fatih-karakus\/","title":{"rendered":"Do\u00e7. Dr. Fatih KARAKU\u015e"},"content":{"rendered":"<table border=\"0\" width=\"100%\" cellspacing=\"1\" cellpadding=\"1\" align=\"left\" bgcolor=\"#CCCCCC\">\n<tbody>\n<tr>\n<td bgcolor=\"#CCCCCC\" width=\"116\">\n<div style=\"text-align: left;\" align=\"left\">Do\u00e7. Dr. Fatih KARAKU\u015e<\/div>\n<p><img loading=\"lazy\" src=\"http:\/\/www.bilmat.org\/ktubilmat\/kullanici\/47.png\" alt=\"\" width=\"120\" height=\"130\" \/><\/td>\n<td valign=\"top\" bgcolor=\"#FFFFFF\">\n<div align=\"left\">\n<div align=\"left\">\n<div align=\"left\">\n<div align=\"left\">\n<div align=\"left\">\n<div align=\"left\">\n<div align=\"left\"><a href=\"http:\/\/www.bilmat.org\/ktubilmat\/yayh.php?ids=26\" target=\"_blank\">Yay\u0131nlar<\/a><\/div>\n<div align=\"justify\">1979 y\u0131l\u0131nda Sivas\u2019ta do\u011fdum. 2001 y\u0131l\u0131nda C.\u00dc. E\u011fitim Fak\u00fcltesi Matematik \u00d6\u011fretmenli\u011finden mezun oldum. 2001-2002 aras\u0131 Sivas Anadolu Lisesinde 2002-2004 aras\u0131 ise Sivas Anadolu Meslek ve EML. de g\u00f6rev yapt\u0131m. 2004 y\u0131l\u0131nda C.\u00dc. Fen Bilimleri Enstit\u00fcs\u00fc Matematik A.B.D. dan Fourier Serileri ve Ortogonal Serilerin Toplanabilirli\u011fi \u00dczerine Y\u00fcksek Lisans\u0131m\u0131 tamamlad\u0131m. 2004 y\u0131l\u0131nda C.\u00dc. E\u011fitim Fak\u00fcltesi OFMAE B\u00f6l. Ar\u015f. G\u00f6r. olarak girdim. 2005 y\u0131l\u0131nda 35. madde kapsam\u0131nda K.T.\u00dc. Fen Bilimleri Enstit\u00fcs\u00fc OFMAE MAtematik E\u011fitiminde doktora program\u0131na ba\u015flad\u0131m. 2011 y\u0131l\u0131ndan beri Afyon Kocatepe \u00dcniversitesi&#8217;nde \u0130lk\u00f6\u011fretim Matematik E\u011fitimi anabilim dal\u0131nda \u00f6\u011fretim \u00fcyesiyim.<\/div>\n<\/div>\n<\/div>\n<\/div>\n<\/div>\n<\/div>\n<\/div>\n<\/td>\n<\/tr>\n<tr>\n<td bgcolor=\"#CCCCCC\">\n<div align=\"left\">\u00c7al\u0131\u015fma Alanlar\u0131:<\/div>\n<\/td>\n<td bgcolor=\"#F3F3F3\"><\/td>\n<\/tr>\n<tr>\n<td bgcolor=\"#CCCCCC\">\n<div align=\"left\">\u0130leti\u015fim Bilgileri:<\/div>\n<\/td>\n<td bgcolor=\"#FFFFFF\"><\/td>\n<\/tr>\n<tr>\n<td bgcolor=\"#CCCCCC\">E-posta:<\/td>\n<td bgcolor=\"#F3F3F3\"><a href=\"mailto:abudak@erzincan.edu.tr\">fkarakus58@gmail.com<\/a><\/td>\n<\/tr>\n<tr>\n<td bgcolor=\"#CCCCCC\">\n<div align=\"left\">Web Adresi:<\/div>\n<\/td>\n<td bgcolor=\"#FFFFFF\"><\/td>\n<\/tr>\n<\/tbody>\n<\/table>\n<p style=\"text-align: right;\">\n","protected":false},"excerpt":{"rendered":"<p>Do\u00e7. Dr. Fatih KARAKU\u015e Yay\u0131nlar 1979 y\u0131l\u0131nda Sivas\u2019ta do\u011fdum. 2001 y\u0131l\u0131nda C.\u00dc. E\u011fitim Fak\u00fcltesi Matematik \u00d6\u011fretmenli\u011finden mezun oldum. 2001-2002 aras\u0131 Sivas Anadolu Lisesinde 2002-2004 aras\u0131 ise Sivas Anadolu Meslek ve EML. de g\u00f6rev yapt\u0131m. 2004 y\u0131l\u0131nda C.\u00dc. Fen Bilimleri Enstit\u00fcs\u00fc Matematik A.B.D. dan Fourier Serileri ve Ortogonal Serilerin Toplanabilirli\u011fi \u00dczerine Y\u00fcksek Lisans\u0131m\u0131 tamamlad\u0131m. 2004 y\u0131l\u0131nda [&hellip;]<\/p>\n","protected":false},"author":1,"featured_media":0,"parent":0,"menu_order":0,"comment_status":"closed","ping_status":"closed","template":"","meta":[],"_links":{"self":[{"href":"https:\/\/bilmat.org\/calisma_grubu\/wp-json\/wp\/v2\/pages\/1046"}],"collection":[{"href":"https:\/\/bilmat.org\/calisma_grubu\/wp-json\/wp\/v2\/pages"}],"about":[{"href":"https:\/\/bilmat.org\/calisma_grubu\/wp-json\/wp\/v2\/types\/page"}],"author":[{"embeddable":true,"href":"https:\/\/bilmat.org\/calisma_grubu\/wp-json\/wp\/v2\/users\/1"}],"replies":[{"embeddable":true,"href":"https:\/\/bilmat.org\/calisma_grubu\/wp-json\/wp\/v2\/comments?post=1046"}],"version-history":[{"count":4,"href":"https:\/\/bilmat.org\/calisma_grubu\/wp-json\/wp\/v2\/pages\/1046\/revisions"}],"predecessor-version":[{"id":2060,"href":"https:\/\/bilmat.org\/calisma_grubu\/wp-json\/wp\/v2\/pages\/1046\/revisions\/2060"}],"wp:attachment":[{"href":"https:\/\/bilmat.org\/calisma_grubu\/wp-json\/wp\/v2\/media?parent=1046"}],"curies":[{"name":"wp","href":"https:\/\/api.w.org\/{rel}","templated":true}]}}