{"id":1054,"date":"2014-09-08T14:04:49","date_gmt":"2014-09-08T14:04:49","guid":{"rendered":"http:\/\/bilmat.org\/calisma_grubu\/?page_id=1054"},"modified":"2020-03-04T02:22:28","modified_gmt":"2020-03-04T02:22:28","slug":"doc-dr-davut-kogce","status":"publish","type":"page","link":"https:\/\/bilmat.org\/calisma_grubu\/doc-dr-davut-kogce\/","title":{"rendered":"Do\u00e7.Dr. Davut K\u00f6\u011fce"},"content":{"rendered":"<table border=\"0\" width=\"100%\" cellspacing=\"1\" cellpadding=\"1\" align=\"left\" bgcolor=\"#CCCCCC\">\n<tbody>\n<tr>\n<td bgcolor=\"#CCCCCC\" width=\"116\">\n<div style=\"text-align: left;\" align=\"left\">\n<div align=\"left\">Do\u00e7.Dr.<\/div>\n<div align=\"left\">Davut K\u00f6\u011fce<\/div>\n<p><img loading=\"lazy\" src=\"http:\/\/www.bilmat.org\/ktubilmat\/kullanici\/57.jpg\" alt=\"\" width=\"120\" height=\"130\" \/><\/p>\n<\/div>\n<\/td>\n<td valign=\"top\" bgcolor=\"#FFFFFF\">\n<div align=\"left\">\n<div align=\"left\">\n<div align=\"left\">\n<div align=\"left\">\n<div align=\"left\">\n<div align=\"left\">\n<div align=\"left\">\n<div align=\"left\"><a href=\"http:\/\/www.bilmat.org\/ktubilmat\/yayh.php?ids=26\" target=\"_blank\">Yay\u0131nlar<\/a><\/div>\n<div align=\"justify\">\n<p>01.01.1980 tarihinde Mersin ili G\u00fclnar il\u00e7esine ba\u011fl\u0131 Kuskan kasabas\u0131nda do\u011fdu. \u0130lk ve ortaokulu Kuskan kasabas\u0131nda tamamlad\u0131. 1995 y\u0131l\u0131nda Mersin Gazi Lisesinden, 1999 y\u0131l\u0131nda Sel\u00e7uk \u00dcniversitesi E\u011fitim Fak\u00fcltesi Matematik \u00d6\u011fretmenli\u011fi B\u00f6l\u00fcm\u00fcnden mezun oldu. 12.10.1999 tarihinde Ni\u011fde ilinin Bor il\u00e7esinde bulunan Bor End\u00fcstri Meslek Lisesi\u2019ne matematik \u00f6\u011fretmeni olarak atand\u0131 ve 1999-2000 e\u011fitim \u00f6\u011fretim d\u00f6neminde bu okulda matematik \u00f6\u011fretmeni olarak \u00e7al\u0131\u015ft\u0131. Mart 2000\u2019de Ni\u011fde \u00dcniversitesi\u2019nin yapm\u0131\u015f oldu\u011fu s\u0131nav\u0131 kazanarak E\u011fitim Fak\u00fcltesi \u0130lk\u00f6\u011fretim B\u00f6l\u00fcm\u00fc Matematik ABD\u2019na ara\u015ft\u0131rma g\u00f6revlisi olarak atand\u0131. Ayn\u0131 y\u0131l Aral\u0131k ay\u0131nda 2547 say\u0131l\u0131 kanunun 35. maddesi uyar\u0131nca lisans\u00fcst\u00fc e\u011fitimini tamamlamak \u00fczere K.T.\u00dc. Fen Bilimleri Enstit\u00fcs\u00fc\u2019ne kadro tahsisi yap\u0131ld\u0131. Nisan 2012\u2019de lisans\u00fcst\u00fc e\u011fitimimi tamamlayarak Doktor unvan\u0131 ald\u0131. Eyl\u00fcl 2012\u2019de Ni\u011fde \u00dcniversitesi E\u011fitim Fak\u00fcltesi Matematik E\u011fitimi Anabilim Dal\u0131na Yard\u0131mc\u0131 Do\u00e7ent Doktor olarak atand\u0131. 2017 y\u0131l\u0131nda do\u00e7ent \u00fcnvan\u0131 alan K\u00f6\u011fce halen ayn\u0131 kurumda \u00f6\u011fretim \u00fcyesi olarak \u00e7al\u0131\u015fmaktad\u0131r. Evli ve iki \u00e7ocuk babas\u0131d\u0131r.<\/p>\n<\/div>\n<\/div>\n<\/div>\n<\/div>\n<\/div>\n<\/div>\n<\/div>\n<\/div>\n<\/td>\n<\/tr>\n<tr>\n<td bgcolor=\"#CCCCCC\">\n<div align=\"left\">\u00c7al\u0131\u015fma Alanlar\u0131:<\/div>\n<\/td>\n<td bgcolor=\"#F3F3F3\"><\/td>\n<\/tr>\n<tr>\n<td bgcolor=\"#CCCCCC\">\n<div align=\"left\">\u0130leti\u015fim Bilgileri:<\/div>\n<\/td>\n<td bgcolor=\"#FFFFFF\"><\/td>\n<\/tr>\n<tr>\n<td bgcolor=\"#CCCCCC\">E-posta:<\/td>\n<td bgcolor=\"#F3F3F3\"><a href=\"mailto:abudak@erzincan.edu.tr\">d_kogce@yahoo.com<\/a><\/td>\n<\/tr>\n<tr>\n<td bgcolor=\"#CCCCCC\">\n<div align=\"left\">Web Adresi:<\/div>\n<\/td>\n<td bgcolor=\"#FFFFFF\"><\/td>\n<\/tr>\n<\/tbody>\n<\/table>\n<p style=\"text-align: right;\">\n","protected":false},"excerpt":{"rendered":"<p>Do\u00e7.Dr. Davut K\u00f6\u011fce Yay\u0131nlar 01.01.1980 tarihinde Mersin ili G\u00fclnar il\u00e7esine ba\u011fl\u0131 Kuskan kasabas\u0131nda do\u011fdu. \u0130lk ve ortaokulu Kuskan kasabas\u0131nda tamamlad\u0131. 1995 y\u0131l\u0131nda Mersin Gazi Lisesinden, 1999 y\u0131l\u0131nda Sel\u00e7uk \u00dcniversitesi E\u011fitim Fak\u00fcltesi Matematik \u00d6\u011fretmenli\u011fi B\u00f6l\u00fcm\u00fcnden mezun oldu. 12.10.1999 tarihinde Ni\u011fde ilinin Bor il\u00e7esinde bulunan Bor End\u00fcstri Meslek Lisesi\u2019ne matematik \u00f6\u011fretmeni olarak atand\u0131 ve 1999-2000 e\u011fitim \u00f6\u011fretim [&hellip;]<\/p>\n","protected":false},"author":1,"featured_media":0,"parent":0,"menu_order":0,"comment_status":"closed","ping_status":"closed","template":"","meta":[],"_links":{"self":[{"href":"https:\/\/bilmat.org\/calisma_grubu\/wp-json\/wp\/v2\/pages\/1054"}],"collection":[{"href":"https:\/\/bilmat.org\/calisma_grubu\/wp-json\/wp\/v2\/pages"}],"about":[{"href":"https:\/\/bilmat.org\/calisma_grubu\/wp-json\/wp\/v2\/types\/page"}],"author":[{"embeddable":true,"href":"https:\/\/bilmat.org\/calisma_grubu\/wp-json\/wp\/v2\/users\/1"}],"replies":[{"embeddable":true,"href":"https:\/\/bilmat.org\/calisma_grubu\/wp-json\/wp\/v2\/comments?post=1054"}],"version-history":[{"count":4,"href":"https:\/\/bilmat.org\/calisma_grubu\/wp-json\/wp\/v2\/pages\/1054\/revisions"}],"predecessor-version":[{"id":2053,"href":"https:\/\/bilmat.org\/calisma_grubu\/wp-json\/wp\/v2\/pages\/1054\/revisions\/2053"}],"wp:attachment":[{"href":"https:\/\/bilmat.org\/calisma_grubu\/wp-json\/wp\/v2\/media?parent=1054"}],"curies":[{"name":"wp","href":"https:\/\/api.w.org\/{rel}","templated":true}]}}