{"id":1073,"date":"2014-09-08T14:14:16","date_gmt":"2014-09-08T14:14:16","guid":{"rendered":"http:\/\/bilmat.org\/calisma_grubu\/?page_id=1073"},"modified":"2020-03-04T02:28:28","modified_gmt":"2020-03-04T02:28:28","slug":"dr-ogr-uyesi-mujgan-baki","status":"publish","type":"page","link":"https:\/\/bilmat.org\/calisma_grubu\/dr-ogr-uyesi-mujgan-baki\/","title":{"rendered":"Dr. \u00d6\u011fr. \u00dcyesi M\u00fcjgan BAK\u0130"},"content":{"rendered":"<table border=\"0\" width=\"100%\" cellspacing=\"1\" cellpadding=\"1\" align=\"left\" bgcolor=\"#CCCCCC\">\n<tbody>\n<tr>\n<td bgcolor=\"#CCCCCC\" width=\"116\">\n<div style=\"text-align: left;\" align=\"left\">Dr. \u00d6\u011fr. \u00dcyesi<\/div>\n<div style=\"text-align: left;\" align=\"left\">M\u00fcjgan BAK\u0130<\/div>\n<p><a href=\"http:\/\/bilmat.org\/calisma_grubu\/wp-content\/uploads\/2014\/01\/baki.png\"><img loading=\"lazy\" src=\"http:\/\/bilmat.org\/calisma_grubu\/wp-content\/uploads\/2014\/01\/baki-124x150.png\" alt=\"baki\" width=\"112\" height=\"135\" \/><\/a><\/td>\n<td valign=\"top\" bgcolor=\"#FFFFFF\">\n<div align=\"left\">\n<div align=\"left\">\n<div align=\"left\">\n<div align=\"left\">\n<div align=\"left\">\n<div align=\"left\">\n<div align=\"left\"><a href=\"http:\/\/www.bilmat.org\/ktubilmat\/yayh.php?ids=26\" target=\"_blank\">Yay\u0131nlar<\/a><\/div>\n<div align=\"justify\">Gazi \u00dcniversitesi, Gazi E\u011fitim Fak\u00fcltesi\u00a0Matematik \u00d6\u011fretmenli\u011fi B\u00f6l\u00fcm\u00fcn\u00fc bitirdikten sonra bir s\u00fcre Matematik \u00d6\u011fretmenli\u011fi yapan Baki, Gazi \u00dcniversitesi Matematik E\u011fitimi Anabilim dal\u0131nda y\u00fcksek lisans\u0131n\u0131 tamamlam\u0131\u015ft\u0131r. \u00d6\u011fretim g\u00f6revlisi olarak \u00e7al\u0131\u015ft\u0131\u011f\u0131 KT\u00dc\u2019nde ayn\u0131 zamanda doktora e\u011fitimine devam etmi\u015f, 2012 y\u0131l\u0131nda doktor \u00fcnvan\u0131 alm\u0131\u015ft\u0131r. 2013 y\u0131l\u0131ndan beri \u0130lk\u00f6\u011fretim Matematik E\u011fitimi ABD\u2019de Yrd. Do\u00e7. olarak g\u00f6rev yapmaktad\u0131r.<\/div>\n<\/div>\n<\/div>\n<\/div>\n<\/div>\n<\/div>\n<\/div>\n<\/td>\n<\/tr>\n<tr>\n<td bgcolor=\"#CCCCCC\">\n<div align=\"left\">\u00c7al\u0131\u015fma Alanlar\u0131:<\/div>\n<\/td>\n<td bgcolor=\"#F3F3F3\"><\/td>\n<\/tr>\n<tr>\n<td bgcolor=\"#CCCCCC\">\n<div align=\"left\">\u0130leti\u015fim Bilgileri:<\/div>\n<\/td>\n<td bgcolor=\"#FFFFFF\"><\/td>\n<\/tr>\n<tr>\n<td bgcolor=\"#CCCCCC\">E-posta:<\/td>\n<td bgcolor=\"#F3F3F3\"><a href=\"mailto:abudak@erzincan.edu.tr\">mujgan@ktu.edu.tr<\/a><\/td>\n<\/tr>\n<tr>\n<td bgcolor=\"#CCCCCC\">\n<div align=\"left\">Web Adresi:<\/div>\n<\/td>\n<td bgcolor=\"#FFFFFF\"><\/td>\n<\/tr>\n<\/tbody>\n<\/table>\n<p style=\"text-align: right;\">\n","protected":false},"excerpt":{"rendered":"<p>Dr. \u00d6\u011fr. \u00dcyesi M\u00fcjgan BAK\u0130 Yay\u0131nlar Gazi \u00dcniversitesi, Gazi E\u011fitim Fak\u00fcltesi\u00a0Matematik \u00d6\u011fretmenli\u011fi B\u00f6l\u00fcm\u00fcn\u00fc bitirdikten sonra bir s\u00fcre Matematik \u00d6\u011fretmenli\u011fi yapan Baki, Gazi \u00dcniversitesi Matematik E\u011fitimi Anabilim dal\u0131nda y\u00fcksek lisans\u0131n\u0131 tamamlam\u0131\u015ft\u0131r. \u00d6\u011fretim g\u00f6revlisi olarak \u00e7al\u0131\u015ft\u0131\u011f\u0131 KT\u00dc\u2019nde ayn\u0131 zamanda doktora e\u011fitimine devam etmi\u015f, 2012 y\u0131l\u0131nda doktor \u00fcnvan\u0131 alm\u0131\u015ft\u0131r. 2013 y\u0131l\u0131ndan beri \u0130lk\u00f6\u011fretim Matematik E\u011fitimi ABD\u2019de Yrd. Do\u00e7. [&hellip;]<\/p>\n","protected":false},"author":1,"featured_media":0,"parent":0,"menu_order":0,"comment_status":"closed","ping_status":"closed","template":"","meta":[],"_links":{"self":[{"href":"https:\/\/bilmat.org\/calisma_grubu\/wp-json\/wp\/v2\/pages\/1073"}],"collection":[{"href":"https:\/\/bilmat.org\/calisma_grubu\/wp-json\/wp\/v2\/pages"}],"about":[{"href":"https:\/\/bilmat.org\/calisma_grubu\/wp-json\/wp\/v2\/types\/page"}],"author":[{"embeddable":true,"href":"https:\/\/bilmat.org\/calisma_grubu\/wp-json\/wp\/v2\/users\/1"}],"replies":[{"embeddable":true,"href":"https:\/\/bilmat.org\/calisma_grubu\/wp-json\/wp\/v2\/comments?post=1073"}],"version-history":[{"count":4,"href":"https:\/\/bilmat.org\/calisma_grubu\/wp-json\/wp\/v2\/pages\/1073\/revisions"}],"predecessor-version":[{"id":2067,"href":"https:\/\/bilmat.org\/calisma_grubu\/wp-json\/wp\/v2\/pages\/1073\/revisions\/2067"}],"wp:attachment":[{"href":"https:\/\/bilmat.org\/calisma_grubu\/wp-json\/wp\/v2\/media?parent=1073"}],"curies":[{"name":"wp","href":"https:\/\/api.w.org\/{rel}","templated":true}]}}