{"id":1081,"date":"2014-09-08T14:25:41","date_gmt":"2014-09-08T14:25:41","guid":{"rendered":"http:\/\/bilmat.org\/calisma_grubu\/?page_id=1081"},"modified":"2021-01-04T04:27:32","modified_gmt":"2021-01-04T04:27:32","slug":"doc-dr-ilknur-ozpinar","status":"publish","type":"page","link":"https:\/\/bilmat.org\/calisma_grubu\/doc-dr-ilknur-ozpinar\/","title":{"rendered":"Do\u00e7. Dr. \u0130lknur \u00d6ZPINAR"},"content":{"rendered":"<table border=\"0\" width=\"100%\" cellspacing=\"1\" cellpadding=\"1\" align=\"left\" bgcolor=\"#CCCCCC\">\n<tbody>\n<tr>\n<td bgcolor=\"#CCCCCC\" width=\"116\">\n<div style=\"text-align: left;\" align=\"left\">Do\u00e7. Dr. \u0130lknur \u00d6ZPINAR<a href=\"http:\/\/bilmat.org\/calisma_grubu\/wp-content\/uploads\/2020\/11\/Bilmat-ilknur-\u00f6zp\u0131nar.jpg\"><img loading=\"lazy\" class=\"aligncenter size-medium wp-image-2311\" src=\"http:\/\/bilmat.org\/calisma_grubu\/wp-content\/uploads\/2020\/11\/Bilmat-ilknur-\u00f6zp\u0131nar-400x760.jpg\" alt=\"Bilmat - ilknur \u00f6zp\u0131nar\" width=\"158\" height=\"300\" srcset=\"https:\/\/bilmat.org\/calisma_grubu\/wp-content\/uploads\/2020\/11\/Bilmat-ilknur-\u00f6zp\u0131nar-400x760.jpg 400w, https:\/\/bilmat.org\/calisma_grubu\/wp-content\/uploads\/2020\/11\/Bilmat-ilknur-\u00f6zp\u0131nar-250x475.jpg 250w, https:\/\/bilmat.org\/calisma_grubu\/wp-content\/uploads\/2020\/11\/Bilmat-ilknur-\u00f6zp\u0131nar-768x1460.jpg 768w, https:\/\/bilmat.org\/calisma_grubu\/wp-content\/uploads\/2020\/11\/Bilmat-ilknur-\u00f6zp\u0131nar-650x1236.jpg 650w, https:\/\/bilmat.org\/calisma_grubu\/wp-content\/uploads\/2020\/11\/Bilmat-ilknur-\u00f6zp\u0131nar-150x285.jpg 150w, https:\/\/bilmat.org\/calisma_grubu\/wp-content\/uploads\/2020\/11\/Bilmat-ilknur-\u00f6zp\u0131nar-50x95.jpg 50w, https:\/\/bilmat.org\/calisma_grubu\/wp-content\/uploads\/2020\/11\/Bilmat-ilknur-\u00f6zp\u0131nar-100x190.jpg 100w, https:\/\/bilmat.org\/calisma_grubu\/wp-content\/uploads\/2020\/11\/Bilmat-ilknur-\u00f6zp\u0131nar-200x380.jpg 200w, https:\/\/bilmat.org\/calisma_grubu\/wp-content\/uploads\/2020\/11\/Bilmat-ilknur-\u00f6zp\u0131nar-300x570.jpg 300w, https:\/\/bilmat.org\/calisma_grubu\/wp-content\/uploads\/2020\/11\/Bilmat-ilknur-\u00f6zp\u0131nar-350x665.jpg 350w, https:\/\/bilmat.org\/calisma_grubu\/wp-content\/uploads\/2020\/11\/Bilmat-ilknur-\u00f6zp\u0131nar-450x855.jpg 450w, https:\/\/bilmat.org\/calisma_grubu\/wp-content\/uploads\/2020\/11\/Bilmat-ilknur-\u00f6zp\u0131nar-500x950.jpg 500w, https:\/\/bilmat.org\/calisma_grubu\/wp-content\/uploads\/2020\/11\/Bilmat-ilknur-\u00f6zp\u0131nar-550x1046.jpg 550w, https:\/\/bilmat.org\/calisma_grubu\/wp-content\/uploads\/2020\/11\/Bilmat-ilknur-\u00f6zp\u0131nar-800x1521.jpg 800w, https:\/\/bilmat.org\/calisma_grubu\/wp-content\/uploads\/2020\/11\/Bilmat-ilknur-\u00f6zp\u0131nar.jpg 1080w\" sizes=\"(max-width: 158px) 100vw, 158px\" \/><\/a><\/div>\n<p><img class=\"thumbnail\" src=\"http:\/\/bilmat.org\/calisma_grubu\/wp-content\/uploads\/2014\/09\/io.jpg\" alt=\"\" \/><\/td>\n<td valign=\"top\" bgcolor=\"#FFFFFF\">\n<div align=\"left\">\n<div align=\"left\">\n<div align=\"left\">\n<div align=\"left\">\n<div align=\"left\">\n<div align=\"left\">\n<div align=\"left\"><\/div>\n<div align=\"justify\">Mersin\u2019de do\u011fdu. \u0130lk\u00f6\u011frenimini Bursa Orhaneli Termik Santral\u0131 \u0130lk\u00f6\u011fretim Okulu\u2019nda, orta\u00f6\u011frenimini ise Mersin Yusuf Kalkavan Anadolu Lisesi\u2019nde tamamlad\u0131. 2001 y\u0131l\u0131nda girdi\u011fi Cumhuriyet \u00dcniversitesi \u0130lk\u00f6\u011fretim Matematik \u00d6\u011fretmenli\u011fi program\u0131ndan 2005 y\u0131l\u0131nda mezun oldu. Ara\u015ft\u0131rma g\u00f6revlisi olarak g\u00f6rev yapt\u0131\u011f\u0131 Karadeniz Teknik \u00dcniversitesi Fatih E\u011fitim Fak\u00fcltesi\u2019nde 2006 y\u0131l\u0131nda E\u011fitim Bilimleri Enstit\u00fcs\u00fc \u0130lk\u00f6\u011fretim Matematik E\u011fitimi Anabilim Dal\u0131\u2019nda ba\u015flad\u0131\u011f\u0131 doktora program\u0131ndan 2012 y\u0131l\u0131nda mezun oldu. 2013 y\u0131l\u0131nda Ni\u011fde \u00d6mer Halisdemir \u00dcniversitesi\u2019nde doktor \u00f6\u011fretim \u00fcyesi olarak \u00e7al\u0131\u015fmaya ba\u015flad\u0131 ve 2018 y\u0131l\u0131nda matematik e\u011fitimi alan\u0131nda do\u00e7ent unvan\u0131 ald\u0131.<\/div>\n<\/div>\n<\/div>\n<\/div>\n<\/div>\n<\/div>\n<\/div>\n<\/td>\n<\/tr>\n<tr>\n<td bgcolor=\"#CCCCCC\">\n<div align=\"left\">\u00c7al\u0131\u015fma Alanlar\u0131:<\/div>\n<\/td>\n<td bgcolor=\"#F3F3F3\">\u00a0Temel matematik becerileri, \u00f6\u011fretmen e\u011fitimi ve teknoloji destekli matematik e\u011fitimi<\/td>\n<\/tr>\n<tr>\n<td bgcolor=\"#CCCCCC\">\n<div align=\"left\">\u0130leti\u015fim Bilgileri:<\/div>\n<\/td>\n<td bgcolor=\"#FFFFFF\"><\/td>\n<\/tr>\n<tr>\n<td bgcolor=\"#CCCCCC\">E-posta:<\/td>\n<td bgcolor=\"#F3F3F3\"><a href=\"mailto:ilknurozpinar@gmail.com\">ilknurozpinar@gmail.com<\/a><a href=\"mailto:abudak@erzincan.edu.tr\"><br \/>\n<\/a><\/td>\n<\/tr>\n<tr>\n<td bgcolor=\"#CCCCCC\">\n<div align=\"left\">Web Adresi:<\/div>\n<\/td>\n<td bgcolor=\"#FFFFFF\"><\/td>\n<\/tr>\n<\/tbody>\n<\/table>\n<p style=\"text-align: right;\">\n","protected":false},"excerpt":{"rendered":"<p>Do\u00e7. Dr. \u0130lknur \u00d6ZPINAR Mersin\u2019de do\u011fdu. \u0130lk\u00f6\u011frenimini Bursa Orhaneli Termik Santral\u0131 \u0130lk\u00f6\u011fretim Okulu\u2019nda, orta\u00f6\u011frenimini ise Mersin Yusuf Kalkavan Anadolu Lisesi\u2019nde tamamlad\u0131. 2001 y\u0131l\u0131nda girdi\u011fi Cumhuriyet \u00dcniversitesi \u0130lk\u00f6\u011fretim Matematik \u00d6\u011fretmenli\u011fi program\u0131ndan 2005 y\u0131l\u0131nda mezun oldu. Ara\u015ft\u0131rma g\u00f6revlisi olarak g\u00f6rev yapt\u0131\u011f\u0131 Karadeniz Teknik \u00dcniversitesi Fatih E\u011fitim Fak\u00fcltesi\u2019nde 2006 y\u0131l\u0131nda E\u011fitim Bilimleri Enstit\u00fcs\u00fc \u0130lk\u00f6\u011fretim Matematik E\u011fitimi Anabilim Dal\u0131\u2019nda [&hellip;]<\/p>\n","protected":false},"author":1,"featured_media":0,"parent":0,"menu_order":0,"comment_status":"closed","ping_status":"closed","template":"","meta":[],"_links":{"self":[{"href":"https:\/\/bilmat.org\/calisma_grubu\/wp-json\/wp\/v2\/pages\/1081"}],"collection":[{"href":"https:\/\/bilmat.org\/calisma_grubu\/wp-json\/wp\/v2\/pages"}],"about":[{"href":"https:\/\/bilmat.org\/calisma_grubu\/wp-json\/wp\/v2\/types\/page"}],"author":[{"embeddable":true,"href":"https:\/\/bilmat.org\/calisma_grubu\/wp-json\/wp\/v2\/users\/1"}],"replies":[{"embeddable":true,"href":"https:\/\/bilmat.org\/calisma_grubu\/wp-json\/wp\/v2\/comments?post=1081"}],"version-history":[{"count":4,"href":"https:\/\/bilmat.org\/calisma_grubu\/wp-json\/wp\/v2\/pages\/1081\/revisions"}],"predecessor-version":[{"id":2432,"href":"https:\/\/bilmat.org\/calisma_grubu\/wp-json\/wp\/v2\/pages\/1081\/revisions\/2432"}],"wp:attachment":[{"href":"https:\/\/bilmat.org\/calisma_grubu\/wp-json\/wp\/v2\/media?parent=1081"}],"curies":[{"name":"wp","href":"https:\/\/api.w.org\/{rel}","templated":true}]}}