{"id":1119,"date":"2014-09-08T14:51:40","date_gmt":"2014-09-08T14:51:40","guid":{"rendered":"http:\/\/bilmat.org\/calisma_grubu\/?page_id=1119"},"modified":"2020-03-04T02:40:41","modified_gmt":"2020-03-04T02:40:41","slug":"dr-ogr-uyesi-mehmet-aydin","status":"publish","type":"page","link":"https:\/\/bilmat.org\/calisma_grubu\/dr-ogr-uyesi-mehmet-aydin\/","title":{"rendered":"Dr. \u00d6\u011fr. \u00dcyesi Mehmet AYDIN"},"content":{"rendered":"<table border=\"0\" width=\"100%\" cellspacing=\"1\" cellpadding=\"1\" align=\"left\" bgcolor=\"#CCCCCC\">\n<tbody>\n<tr>\n<td bgcolor=\"#CCCCCC\" width=\"116\">\n<div style=\"text-align: left;\" align=\"left\">Dr. \u00d6\u011fr. \u00dcyesi<\/div>\n<div style=\"text-align: left;\" align=\"left\">Mehmet AYDIN<\/div>\n<p>&nbsp;<\/td>\n<td valign=\"top\" bgcolor=\"#FFFFFF\">\n<div align=\"left\">\n<div align=\"left\">\n<div align=\"left\">\n<div align=\"left\">\n<div align=\"left\">Yay\u0131nlar<\/div>\n<div align=\"left\">\n<p>1970 Diyarbak\u0131r \u0130line ba\u011fl\u0131 Lice il\u00e7esinde d\u00fcnyaya geldi. \u0130lk, orta ve lise \u00f6\u011frenimini Diyarbak\u0131r ili Hazro il\u00e7esinde yapt\u0131. 1986\u20131987 \u00f6\u011fretim y\u0131l\u0131nda Sel\u00e7uk \u00dcniversitesi tar\u0131m alet ve makineleri b\u00f6l\u00fcm\u00fcn\u00fc kazand\u0131. Tekniker unvan\u0131yla 1989&#8217;da bu b\u00f6l\u00fcmden mezun oldu. 1992\u2019de kazand\u0131\u011f\u0131 Dicle \u00dcniversitesi Ziya G\u00f6kalp E\u011fitim Fak\u00fcltesi Orta\u00f6\u011fretim Matematik \u00d6\u011fretmenli\u011fi program\u0131ndan 1996\u2019da mezun oldu. Ayn\u0131 y\u0131l atand\u0131\u011f\u0131 Bismil Cumhuriyet \u0130lk\u00f6\u011fretim Okulu\u2019nda bir y\u0131l g\u00f6rev yapt\u0131. 1997 y\u0131l\u0131nda Diyarbak\u0131r Merkez Feritk\u00f6\u015f\u00fc \u0130lk\u00f6\u011fretim Okulu\u2019nda bir y\u0131l s\u0131n\u0131f \u00f6\u011fretmeni olarak \u00e7al\u0131\u015ft\u0131. 1998\u2019de Dicle \u00dcniversitesi Ziya G\u00f6kalp E\u011fitim Fak\u00fcltesi\u2019nde ara\u015ft\u0131rma g\u00f6revlisi olarak g\u00f6reve ba\u015flad\u0131. 2003 y\u0131l\u0131nda 2547 say\u0131l\u0131 kanunun 35. maddesi uyar\u0131nca lisans\u00fcst\u00fc ve doktora e\u011fitimini tamamlamak \u00fczere K.T.\u00dc. Fen Bilimleri Enstit\u00fcs\u00fc\u2019ne kadro tahsisi yap\u0131ld\u0131. 2010 y\u0131l\u0131nda doktora program\u0131n\u0131 bitiren Ayd\u0131n, Dicle \u00dcniversitesi\u2019nde \u00f6\u011fretim \u00fcyeli\u011fini s\u00fcrd\u00fcrmektedir.<\/p>\n<\/div>\n<\/div>\n<\/div>\n<\/div>\n<\/div>\n<\/td>\n<\/tr>\n<tr>\n<td bgcolor=\"#CCCCCC\">\n<div align=\"left\">\u00c7al\u0131\u015fma Alanlar\u0131:<\/div>\n<\/td>\n<td bgcolor=\"#F3F3F3\"><\/td>\n<\/tr>\n<tr>\n<td bgcolor=\"#CCCCCC\">\n<div align=\"left\">\u0130leti\u015fim Bilgileri:<\/div>\n<\/td>\n<td bgcolor=\"#FFFFFF\"><\/td>\n<\/tr>\n<tr>\n<td bgcolor=\"#CCCCCC\">E-posta:<\/td>\n<td bgcolor=\"#F3F3F3\"><a href=\"mailto:rgurbuz@outlook.com\">mehaydin2008@gmail.com<\/a><\/td>\n<\/tr>\n<tr>\n<td bgcolor=\"#CCCCCC\">\n<div align=\"left\">Web Adresi:<\/div>\n<\/td>\n<td bgcolor=\"#FFFFFF\"><\/td>\n<\/tr>\n<\/tbody>\n<\/table>\n<p style=\"text-align: right;\">\n","protected":false},"excerpt":{"rendered":"<p>Dr. \u00d6\u011fr. \u00dcyesi Mehmet AYDIN &nbsp; Yay\u0131nlar 1970 Diyarbak\u0131r \u0130line ba\u011fl\u0131 Lice il\u00e7esinde d\u00fcnyaya geldi. \u0130lk, orta ve lise \u00f6\u011frenimini Diyarbak\u0131r ili Hazro il\u00e7esinde yapt\u0131. 1986\u20131987 \u00f6\u011fretim y\u0131l\u0131nda Sel\u00e7uk \u00dcniversitesi tar\u0131m alet ve makineleri b\u00f6l\u00fcm\u00fcn\u00fc kazand\u0131. Tekniker unvan\u0131yla 1989&#8217;da bu b\u00f6l\u00fcmden mezun oldu. 1992\u2019de kazand\u0131\u011f\u0131 Dicle \u00dcniversitesi Ziya G\u00f6kalp E\u011fitim Fak\u00fcltesi Orta\u00f6\u011fretim Matematik \u00d6\u011fretmenli\u011fi program\u0131ndan [&hellip;]<\/p>\n","protected":false},"author":1,"featured_media":0,"parent":0,"menu_order":0,"comment_status":"closed","ping_status":"closed","template":"","meta":[],"_links":{"self":[{"href":"https:\/\/bilmat.org\/calisma_grubu\/wp-json\/wp\/v2\/pages\/1119"}],"collection":[{"href":"https:\/\/bilmat.org\/calisma_grubu\/wp-json\/wp\/v2\/pages"}],"about":[{"href":"https:\/\/bilmat.org\/calisma_grubu\/wp-json\/wp\/v2\/types\/page"}],"author":[{"embeddable":true,"href":"https:\/\/bilmat.org\/calisma_grubu\/wp-json\/wp\/v2\/users\/1"}],"replies":[{"embeddable":true,"href":"https:\/\/bilmat.org\/calisma_grubu\/wp-json\/wp\/v2\/comments?post=1119"}],"version-history":[{"count":4,"href":"https:\/\/bilmat.org\/calisma_grubu\/wp-json\/wp\/v2\/pages\/1119\/revisions"}],"predecessor-version":[{"id":2089,"href":"https:\/\/bilmat.org\/calisma_grubu\/wp-json\/wp\/v2\/pages\/1119\/revisions\/2089"}],"wp:attachment":[{"href":"https:\/\/bilmat.org\/calisma_grubu\/wp-json\/wp\/v2\/media?parent=1119"}],"curies":[{"name":"wp","href":"https:\/\/api.w.org\/{rel}","templated":true}]}}