{"id":1148,"date":"2014-09-18T09:27:18","date_gmt":"2014-09-18T09:27:18","guid":{"rendered":"http:\/\/bilmat.org\/calisma_grubu\/?page_id=1148"},"modified":"2020-03-04T02:37:10","modified_gmt":"2020-03-04T02:37:10","slug":"ars-gor-neslihan-uzun","status":"publish","type":"page","link":"https:\/\/bilmat.org\/calisma_grubu\/ars-gor-neslihan-uzun\/","title":{"rendered":"Ar\u015f. G\u00f6r. Neslihan UZUN"},"content":{"rendered":"<table border=\"0\" width=\"100%\" cellspacing=\"1\" cellpadding=\"1\" align=\"left\" bgcolor=\"#CCCCCC\">\n<tbody>\n<tr>\n<td bgcolor=\"#CCCCCC\" width=\"116\">\n<div style=\"text-align: left;\" align=\"left\">Ar\u015f. G\u00f6r. Neslihan UZUN<\/div>\n<p><img class=\"thumbnail\" src=\"http:\/\/bilmat.org\/calisma_grubu\/wp-content\/uploads\/2014\/09\/nesli.jpg\" alt=\"\" \/><\/td>\n<td valign=\"top\" bgcolor=\"#FFFFFF\">\n<div align=\"left\">\n<div align=\"left\">\n<div align=\"left\">\n<div align=\"left\">\n<div align=\"left\">\n<div align=\"left\">\n<div align=\"left\">\n<div align=\"left\"><a href=\"http:\/\/www.bilmat.org\/ktubilmat\/yayh.php?ids=25\" target=\"_blank\">Yay\u0131nlar<\/a><\/div>\n<div align=\"justify\">\n<p>15 Ekim 1989\u00a0 tarihinde Trabzon&#8217;da do\u011fdu. \u0130lk, orta ve lise \u00f6\u011frenimini bu \u015fehirde tamamlad\u0131.\u00a02007 y\u0131l\u0131nda e\u011fitimine ba\u015flad\u0131\u011f\u0131 KT\u00dc Fatih E\u011fitim Fak\u00fcltesi \u0130lk\u00f6\u011fretim Matematik \u00d6\u011fretmenli\u011fi program\u0131ndan 2011 y\u0131l\u0131nda mezun oldu ve ayn\u0131 y\u0131l Gazi \u00dcniversitesi E\u011fitim Bilimleri Enstit\u00fcs\u00fc \u0130lk\u00f6\u011fretim Matematik E\u011fitimi&#8217;nde y\u00fcksek lisans e\u011fitimine ba\u015flad\u0131. 2013 y\u0131l\u0131nda RTE \u00dcniversitesi \u0130lk\u00f6\u011fretim Matematik \u00d6\u011fretmenli\u011fi Anabilim dal\u0131nda ara\u015ft\u0131rma g\u00f6revlisi olarak g\u00f6reve ba\u015flad\u0131. Ayn\u0131 y\u0131l y\u00fcksek lisans e\u011fitimini tamamlad\u0131. 2014 y\u0131l\u0131nda ba\u015flad\u0131\u011f\u0131 KT\u00dc E\u011fitim Bilimleri Enstit\u00fcs\u00fc \u0130lk\u00f6\u011fretim Matematik E\u011fitimi&#8217;nde doktora e\u011fitimine devam etmektedir.<\/p>\n<\/div>\n<\/div>\n<\/div>\n<\/div>\n<\/div>\n<\/div>\n<\/div>\n<\/div>\n<\/td>\n<\/tr>\n<tr>\n<td bgcolor=\"#CCCCCC\">\n<div align=\"left\">\u00c7al\u0131\u015fma Alanlar\u0131:<\/div>\n<\/td>\n<td bgcolor=\"#F3F3F3\"><\/td>\n<\/tr>\n<tr>\n<td bgcolor=\"#CCCCCC\">\n<div align=\"left\">\u0130leti\u015fim Bilgileri:<\/div>\n<\/td>\n<td bgcolor=\"#FFFFFF\"><\/td>\n<\/tr>\n<tr>\n<td bgcolor=\"#CCCCCC\">E-posta:<\/td>\n<td bgcolor=\"#F3F3F3\"><a href=\"mailto:deryacelik@ktu.edu.tr\">neslihanuzun61@gmail.com<\/a><\/td>\n<\/tr>\n<tr>\n<td bgcolor=\"#CCCCCC\">\n<div align=\"left\">Web Adresi:<\/div>\n<\/td>\n<td bgcolor=\"#FFFFFF\"><a href=\" http:\/\/akademisyen.erdogan.edu.tr\/akademisyen.php?uyeid=rua916g3j9r2r1o7x0s5p1x4k2s2t3\" target=\"_blank\">\u00a0http:\/\/akademisyen.erdogan.edu.tr\/<\/a><\/td>\n<\/tr>\n<\/tbody>\n<\/table>\n<p style=\"text-align: right;\">\n","protected":false},"excerpt":{"rendered":"<p>Ar\u015f. G\u00f6r. Neslihan UZUN Yay\u0131nlar 15 Ekim 1989\u00a0 tarihinde Trabzon&#8217;da do\u011fdu. \u0130lk, orta ve lise \u00f6\u011frenimini bu \u015fehirde tamamlad\u0131.\u00a02007 y\u0131l\u0131nda e\u011fitimine ba\u015flad\u0131\u011f\u0131 KT\u00dc Fatih E\u011fitim Fak\u00fcltesi \u0130lk\u00f6\u011fretim Matematik \u00d6\u011fretmenli\u011fi program\u0131ndan 2011 y\u0131l\u0131nda mezun oldu ve ayn\u0131 y\u0131l Gazi \u00dcniversitesi E\u011fitim Bilimleri Enstit\u00fcs\u00fc \u0130lk\u00f6\u011fretim Matematik E\u011fitimi&#8217;nde y\u00fcksek lisans e\u011fitimine ba\u015flad\u0131. 2013 y\u0131l\u0131nda RTE \u00dcniversitesi \u0130lk\u00f6\u011fretim Matematik [&hellip;]<\/p>\n","protected":false},"author":1,"featured_media":0,"parent":0,"menu_order":0,"comment_status":"closed","ping_status":"closed","template":"","meta":[],"_links":{"self":[{"href":"https:\/\/bilmat.org\/calisma_grubu\/wp-json\/wp\/v2\/pages\/1148"}],"collection":[{"href":"https:\/\/bilmat.org\/calisma_grubu\/wp-json\/wp\/v2\/pages"}],"about":[{"href":"https:\/\/bilmat.org\/calisma_grubu\/wp-json\/wp\/v2\/types\/page"}],"author":[{"embeddable":true,"href":"https:\/\/bilmat.org\/calisma_grubu\/wp-json\/wp\/v2\/users\/1"}],"replies":[{"embeddable":true,"href":"https:\/\/bilmat.org\/calisma_grubu\/wp-json\/wp\/v2\/comments?post=1148"}],"version-history":[{"count":3,"href":"https:\/\/bilmat.org\/calisma_grubu\/wp-json\/wp\/v2\/pages\/1148\/revisions"}],"predecessor-version":[{"id":2082,"href":"https:\/\/bilmat.org\/calisma_grubu\/wp-json\/wp\/v2\/pages\/1148\/revisions\/2082"}],"wp:attachment":[{"href":"https:\/\/bilmat.org\/calisma_grubu\/wp-json\/wp\/v2\/media?parent=1148"}],"curies":[{"name":"wp","href":"https:\/\/api.w.org\/{rel}","templated":true}]}}