{"id":126,"date":"2016-12-23T04:10:03","date_gmt":"2016-12-23T04:10:03","guid":{"rendered":"http:\/\/bilmat.org\/calisma_grubu\/?page_id=126"},"modified":"2020-03-20T13:43:13","modified_gmt":"2020-03-20T13:43:13","slug":"iletisim","status":"publish","type":"page","link":"https:\/\/bilmat.org\/calisma_grubu\/iletisim\/","title":{"rendered":"\u0130leti\u015fim"},"content":{"rendered":"<p><div class=\"column no-sticky\" style=\"width:50%\"><div class=\"column-inner\" style=\"padding:0px 20px 0px 0px\"><\/p>\n<p style=\"text-align: center;\"><em><span style=\"font-size: 14pt;\"><strong>\u0130leti\u015fim Bilgileri<\/strong><\/span><\/em><br \/>\n<strong>Prof. Dr. Adnan BAK\u0130<\/strong><br \/>\n<em> <a href=\"mailto:abaki@trabzon.edu.tr\">abaki@trabzon.edu.tr<\/a><\/em><\/p>\n<p style=\"text-align: center;\"><strong><em>Trabzon \u00dcniversitesi<\/em><\/strong><br \/>\n<strong><em> Fatih E\u011fitim Fak\u00fcltesi<\/em><\/strong><br \/>\n0462 248 23 05<\/p>\n<p style=\"text-align: center;\"><em><strong>Sorular\u0131n\u0131z i\u00e7in:<\/strong><\/em><br \/>\nAr\u015f. G\u00f6r. Dr. Mustafa G\u00dcLER<br \/>\n<a href=\"mailto:mustafaguler@trabzon.edu.tr\">mustafaguler@trabzon.edu.tr<\/a><\/p>\n<p style=\"text-align: center;\"><em><strong>Web Sayfas\u0131 Sorumlusu:<\/strong><\/em><br \/>\nAr\u015f. G\u00f6r. Zeynep ARSLAN<br \/>\n<a href=\"mailto:zeyneparslan@trabzon.edu.tr\">zeyneparslan@trabzon.edu.tr<\/a><\/p>\n<p>\n<\/div><\/div><div class=\"column no-sticky\" style=\"width:50%\"><div class=\"column-inner\" style=\"padding:0px 0px 0px 20px\"><p><iframe loading=\"lazy\" style=\"border: 0;\" src=\"https:\/\/www.google.com\/maps\/embed?pb=!1m18!1m12!1m3!1d3010.6298151671185!2d39.607521315768594!3d41.01147497930044!2m3!1f0!2f0!3f0!3m2!1i1024!2i768!4f13.1!3m3!1m2!1s0x406415ebed5bfddf%3A0x9ba256c0637fc5!2zVHJhYnpvbiDDnG5pdmVyc2l0ZXNpIEZhdGloIEXEn2l0aW0gS2FtcMO8c8O8!5e0!3m2!1str!2str!4v1571676179823!5m2!1str!2str\" width=\"450\" height=\"450\" frameborder=\"0\" allowfullscreen=\"allowfullscreen\"><\/iframe><\/p>\n<\/div><\/div><\/p>\n","protected":false},"excerpt":{"rendered":"","protected":false},"author":2,"featured_media":0,"parent":0,"menu_order":0,"comment_status":"closed","ping_status":"closed","template":"","meta":[],"_links":{"self":[{"href":"https:\/\/bilmat.org\/calisma_grubu\/wp-json\/wp\/v2\/pages\/126"}],"collection":[{"href":"https:\/\/bilmat.org\/calisma_grubu\/wp-json\/wp\/v2\/pages"}],"about":[{"href":"https:\/\/bilmat.org\/calisma_grubu\/wp-json\/wp\/v2\/types\/page"}],"author":[{"embeddable":true,"href":"https:\/\/bilmat.org\/calisma_grubu\/wp-json\/wp\/v2\/users\/2"}],"replies":[{"embeddable":true,"href":"https:\/\/bilmat.org\/calisma_grubu\/wp-json\/wp\/v2\/comments?post=126"}],"version-history":[{"count":22,"href":"https:\/\/bilmat.org\/calisma_grubu\/wp-json\/wp\/v2\/pages\/126\/revisions"}],"predecessor-version":[{"id":2201,"href":"https:\/\/bilmat.org\/calisma_grubu\/wp-json\/wp\/v2\/pages\/126\/revisions\/2201"}],"wp:attachment":[{"href":"https:\/\/bilmat.org\/calisma_grubu\/wp-json\/wp\/v2\/media?parent=126"}],"curies":[{"name":"wp","href":"https:\/\/api.w.org\/{rel}","templated":true}]}}