{"id":1323,"date":"2015-04-03T10:20:49","date_gmt":"2015-04-03T10:20:49","guid":{"rendered":"http:\/\/bilmat.org\/calisma_grubu\/?page_id=1323"},"modified":"2020-03-04T02:37:40","modified_gmt":"2020-03-04T02:37:40","slug":"dr-ogr-uyesi-funda-aydin-guc","status":"publish","type":"page","link":"https:\/\/bilmat.org\/calisma_grubu\/dr-ogr-uyesi-funda-aydin-guc\/","title":{"rendered":"Dr. \u00d6\u011fr. \u00dcyesi Funda AYDIN G\u00dc\u00c7"},"content":{"rendered":"<table border=\"0\" width=\"100%\" cellspacing=\"1\" cellpadding=\"1\" align=\"left\" bgcolor=\"#CCCCCC\">\n<tbody>\n<tr>\n<td bgcolor=\"#CCCCCC\" width=\"116\">\n<div style=\"text-align: left;\" align=\"left\">Dr. \u00d6\u011fr. \u00dcyesi<\/div>\n<div style=\"text-align: left;\" align=\"left\">Funda AYDIN G\u00dc\u00c7<\/div>\n<p><img class=\"thumbnail\" src=\"http:\/\/bilmat.org\/calisma_grubu\/wp-content\/uploads\/2015\/06\/funda.jpg\" alt=\"\" \/><\/td>\n<td valign=\"top\" bgcolor=\"#FFFFFF\">\n<div align=\"left\">\n<div align=\"left\">\n<div align=\"left\">\n<div align=\"left\">\n<div align=\"left\">\n<div align=\"left\">\n<div align=\"left\">\n<div align=\"left\">\n<p>1986 y\u0131l\u0131nda Giresun\u2019da do\u011fdu. \u0130lk, orta ve lise \u00f6\u011frenimini bu \u015fehirde tamamlad\u0131. 2004 y\u0131l\u0131nda Atat\u00fcrk \u00dcniversitesi Orta \u00d6\u011fretim Fen ve Matematik Alanlar\u0131 E\u011fitimi Matematik \u00d6\u011fretmenli\u011fini kazand\u0131. 2006 y\u0131l\u0131nda KT\u00dc Fatih E\u011fitim Fak\u00fcltesi Orta \u00d6\u011fretim Fen ve Matematik Alanlar\u0131 E\u011fitimi Matematik \u00d6\u011fretmenli\u011fi program\u0131na yatay ge\u00e7i\u015f yapt\u0131 ve 2009 y\u0131l\u0131nda mezun oldu. Ayn\u0131 y\u0131l KT\u00dc Orta\u00f6\u011fretim Fen ve Matematik Alanlar\u0131 E\u011fitimi Matematik E\u011fitimi Bilim dal\u0131nda doktora e\u011fitimine ba\u015flad\u0131. 2009-2011 y\u0131llar\u0131 aras\u0131nda \u00f6zel e\u011fitim kurumlar\u0131nda matematik \u00f6\u011fretmenli\u011fi yapt\u0131. 2011 y\u0131l\u0131nda Giresun \u00dcniversitesi E\u011fitim Fak\u00fcltesi \u0130lk\u00f6\u011fretim B\u00f6l\u00fcm\u00fc Matematik E\u011fitimi A.B.D.\u2019da ara\u015ft\u0131rma g\u00f6revlisi olarak \u00e7al\u0131\u015fmaya ba\u015flad\u0131. \u015eubat 2015\u2019de doktora e\u011fitimini tamamlayarak Matematik E\u011fitimi alan\u0131nda \u201cDoktor\u201d unvan\u0131 ald\u0131. Giresun \u00dcniversitesinde ara\u015ft\u0131rma g\u00f6revlisi doktor olarak \u00e7al\u0131\u015fmaya devam etmektedir.<\/p>\n<\/div>\n<\/div>\n<\/div>\n<\/div>\n<\/div>\n<\/div>\n<\/div>\n<\/div>\n<\/td>\n<\/tr>\n<tr>\n<td bgcolor=\"#CCCCCC\">\n<div align=\"left\">\u00c7al\u0131\u015fma Alanlar\u0131:<\/div>\n<\/td>\n<td bgcolor=\"#F3F3F3\">\u00d6\u011fretmen e\u011fitimi, problem \u00e7\u00f6zme, matematiksel modelleme<\/td>\n<\/tr>\n<tr>\n<td bgcolor=\"#CCCCCC\">\n<div align=\"left\">\u0130leti\u015fim Bilgileri:<\/div>\n<\/td>\n<td bgcolor=\"#FFFFFF\"><\/td>\n<\/tr>\n<tr>\n<td bgcolor=\"#CCCCCC\">E-posta:<\/td>\n<td bgcolor=\"#F3F3F3\"><a href=\"mailto:abudak@erzincan.edu.tr\">fundaydin05@gmail.com<\/a><\/td>\n<\/tr>\n<tr>\n<td bgcolor=\"#CCCCCC\">\n<div align=\"left\">Web Adresi:<\/div>\n<\/td>\n<td bgcolor=\"#FFFFFF\"><a href=\"http:\/\/aves.ktu.edu.tr\/dtaskin\/\" target=\"_blank\">\u00a0<\/a><\/td>\n<\/tr>\n<\/tbody>\n<\/table>\n<p style=\"text-align: right;\">\n","protected":false},"excerpt":{"rendered":"<p>Dr. \u00d6\u011fr. \u00dcyesi Funda AYDIN G\u00dc\u00c7 1986 y\u0131l\u0131nda Giresun\u2019da do\u011fdu. \u0130lk, orta ve lise \u00f6\u011frenimini bu \u015fehirde tamamlad\u0131. 2004 y\u0131l\u0131nda Atat\u00fcrk \u00dcniversitesi Orta \u00d6\u011fretim Fen ve Matematik Alanlar\u0131 E\u011fitimi Matematik \u00d6\u011fretmenli\u011fini kazand\u0131. 2006 y\u0131l\u0131nda KT\u00dc Fatih E\u011fitim Fak\u00fcltesi Orta \u00d6\u011fretim Fen ve Matematik Alanlar\u0131 E\u011fitimi Matematik \u00d6\u011fretmenli\u011fi program\u0131na yatay ge\u00e7i\u015f yapt\u0131 ve 2009 y\u0131l\u0131nda mezun [&hellip;]<\/p>\n","protected":false},"author":1,"featured_media":0,"parent":0,"menu_order":0,"comment_status":"closed","ping_status":"closed","template":"","meta":[],"_links":{"self":[{"href":"https:\/\/bilmat.org\/calisma_grubu\/wp-json\/wp\/v2\/pages\/1323"}],"collection":[{"href":"https:\/\/bilmat.org\/calisma_grubu\/wp-json\/wp\/v2\/pages"}],"about":[{"href":"https:\/\/bilmat.org\/calisma_grubu\/wp-json\/wp\/v2\/types\/page"}],"author":[{"embeddable":true,"href":"https:\/\/bilmat.org\/calisma_grubu\/wp-json\/wp\/v2\/users\/1"}],"replies":[{"embeddable":true,"href":"https:\/\/bilmat.org\/calisma_grubu\/wp-json\/wp\/v2\/comments?post=1323"}],"version-history":[{"count":7,"href":"https:\/\/bilmat.org\/calisma_grubu\/wp-json\/wp\/v2\/pages\/1323\/revisions"}],"predecessor-version":[{"id":2084,"href":"https:\/\/bilmat.org\/calisma_grubu\/wp-json\/wp\/v2\/pages\/1323\/revisions\/2084"}],"wp:attachment":[{"href":"https:\/\/bilmat.org\/calisma_grubu\/wp-json\/wp\/v2\/media?parent=1323"}],"curies":[{"name":"wp","href":"https:\/\/api.w.org\/{rel}","templated":true}]}}