{"id":1748,"date":"2019-10-28T06:03:36","date_gmt":"2019-10-28T06:03:36","guid":{"rendered":"http:\/\/bilmat.org\/calisma_grubu\/?page_id=1748"},"modified":"2020-03-04T02:32:43","modified_gmt":"2020-03-04T02:32:43","slug":"ars-gor-neslihan-sonmez","status":"publish","type":"page","link":"https:\/\/bilmat.org\/calisma_grubu\/ars-gor-neslihan-sonmez\/","title":{"rendered":"Ar\u015f. G\u00f6r. Neslihan S\u00d6NMEZ"},"content":{"rendered":"<table border=\"0\" width=\"100%\" cellspacing=\"1\" cellpadding=\"1\" align=\"left\" bgcolor=\"#CCCCCC\">\n<tbody>\n<tr>\n<td bgcolor=\"#CCCCCC\" width=\"116\">\n<div style=\"text-align: center;\" align=\"left\">Ar\u015f. G\u00f6r.<\/div>\n<div style=\"text-align: center;\" align=\"left\">Neslihan S\u00d6NMEZ<\/div>\n<p><img class=\"thumbnail\" src=\"http:\/\/bilmat.org\/calisma_grubu\/wp-content\/uploads\/2019\/10\/50374332344_Neslihan-S\u00d6NMEZ.jpg\" alt=\"\" \/><\/td>\n<td valign=\"top\" bgcolor=\"#FFFFFF\">\n<div align=\"left\">\n<div align=\"left\">\n<div align=\"left\">\n<div align=\"left\">\n<div align=\"left\">\n<div align=\"left\">\n<div align=\"justify\">\n<p>26.02.1988 tarihinde Kayseri\u2019de d\u00fcnyaya gelmi\u015ftir. \u0130lk, orta ve lisans \u00f6\u011frenimini Kayseri\u2019de tamamlad\u0131ktan sonra 2013 y\u0131l\u0131nda Erciyes \u00dcniversitesi\u2019nde matematik e\u011fitimi alan\u0131nda y\u00fcksek lisans e\u011fitimine ba\u015flam\u0131\u015f ve 2014 y\u0131l\u0131nda ara\u015ft\u0131rma g\u00f6revlisi olarak atand\u0131\u011f\u0131 Karadeniz Teknik \u00dcniversitesi\u2019ne yatay ge\u00e7i\u015f yapm\u0131\u015ft\u0131r. Doktora e\u011fitimine 2016 y\u0131l\u0131nda Karadeniz Teknik \u00dcniversitesi\u2019nde ba\u015flam\u0131\u015ft\u0131r. \u0130yi d\u00fczeyde \u0130ngilizce, orta d\u00fczeyde Almanca \u00a0bilmektedir ve Trabzon \u00dcniversitesi b\u00fcnyesinde g\u00f6revini s\u00fcrd\u00fcrmektedir.<\/p>\n<\/div>\n<\/div>\n<\/div>\n<\/div>\n<\/div>\n<\/div>\n<\/div>\n<\/td>\n<\/tr>\n<tr>\n<td bgcolor=\"#CCCCCC\">\n<div align=\"left\">\u00c7al\u0131\u015fma Alanlar\u0131:<\/div>\n<\/td>\n<td bgcolor=\"#F3F3F3\"><\/td>\n<\/tr>\n<tr>\n<td bgcolor=\"#CCCCCC\">\n<div align=\"left\">\u0130leti\u015fim Bilgileri:<\/div>\n<\/td>\n<td bgcolor=\"#FFFFFF\"><\/td>\n<\/tr>\n<tr>\n<td bgcolor=\"#CCCCCC\">E-posta:<\/td>\n<td bgcolor=\"#F3F3F3\"><a href=\"mailto:soenmez.neslihan@gmail.com\">soenmez.neslihan@gmail.com<\/a><\/td>\n<\/tr>\n<tr>\n<td bgcolor=\"#CCCCCC\">\n<div align=\"left\">Web Adresi:<\/div>\n<\/td>\n<td bgcolor=\"#FFFFFF\"><\/td>\n<\/tr>\n<\/tbody>\n<\/table>\n<p style=\"text-align: right;\">\n","protected":false},"excerpt":{"rendered":"<p>Ar\u015f. G\u00f6r. Neslihan S\u00d6NMEZ 26.02.1988 tarihinde Kayseri\u2019de d\u00fcnyaya gelmi\u015ftir. \u0130lk, orta ve lisans \u00f6\u011frenimini Kayseri\u2019de tamamlad\u0131ktan sonra 2013 y\u0131l\u0131nda Erciyes \u00dcniversitesi\u2019nde matematik e\u011fitimi alan\u0131nda y\u00fcksek lisans e\u011fitimine ba\u015flam\u0131\u015f ve 2014 y\u0131l\u0131nda ara\u015ft\u0131rma g\u00f6revlisi olarak atand\u0131\u011f\u0131 Karadeniz Teknik \u00dcniversitesi\u2019ne yatay ge\u00e7i\u015f yapm\u0131\u015ft\u0131r. Doktora e\u011fitimine 2016 y\u0131l\u0131nda Karadeniz Teknik \u00dcniversitesi\u2019nde ba\u015flam\u0131\u015ft\u0131r. \u0130yi d\u00fczeyde \u0130ngilizce, orta d\u00fczeyde Almanca [&hellip;]<\/p>\n","protected":false},"author":1,"featured_media":0,"parent":0,"menu_order":0,"comment_status":"closed","ping_status":"closed","template":"","meta":[],"_links":{"self":[{"href":"https:\/\/bilmat.org\/calisma_grubu\/wp-json\/wp\/v2\/pages\/1748"}],"collection":[{"href":"https:\/\/bilmat.org\/calisma_grubu\/wp-json\/wp\/v2\/pages"}],"about":[{"href":"https:\/\/bilmat.org\/calisma_grubu\/wp-json\/wp\/v2\/types\/page"}],"author":[{"embeddable":true,"href":"https:\/\/bilmat.org\/calisma_grubu\/wp-json\/wp\/v2\/users\/1"}],"replies":[{"embeddable":true,"href":"https:\/\/bilmat.org\/calisma_grubu\/wp-json\/wp\/v2\/comments?post=1748"}],"version-history":[{"count":5,"href":"https:\/\/bilmat.org\/calisma_grubu\/wp-json\/wp\/v2\/pages\/1748\/revisions"}],"predecessor-version":[{"id":2075,"href":"https:\/\/bilmat.org\/calisma_grubu\/wp-json\/wp\/v2\/pages\/1748\/revisions\/2075"}],"wp:attachment":[{"href":"https:\/\/bilmat.org\/calisma_grubu\/wp-json\/wp\/v2\/media?parent=1748"}],"curies":[{"name":"wp","href":"https:\/\/api.w.org\/{rel}","templated":true}]}}