{"id":1764,"date":"2020-01-28T11:52:20","date_gmt":"2020-01-28T11:52:20","guid":{"rendered":"http:\/\/bilmat.org\/calisma_grubu\/?page_id=1764"},"modified":"2021-06-15T01:15:19","modified_gmt":"2021-06-15T01:15:19","slug":"prof-dr-adnan-baki","status":"publish","type":"page","link":"https:\/\/bilmat.org\/calisma_grubu\/prof-dr-adnan-baki\/","title":{"rendered":"Prof. Dr. Adnan BAK\u0130"},"content":{"rendered":"<table border=\"0\" width=\"100%\" cellspacing=\"1\" cellpadding=\"1\" align=\"left\" bgcolor=\"#CCCCCC\">\n<tbody>\n<tr>\n<td bgcolor=\"#CCCCCC\" width=\"116\">\n<div style=\"text-align: center;\" align=\"left\"><a href=\"http:\/\/bilmat.org\/calisma_grubu\/wp-content\/uploads\/2021\/06\/adnanbaki.jpg\"><img loading=\"lazy\" class=\"aligncenter wp-image-2503 size-full\" src=\"http:\/\/bilmat.org\/calisma_grubu\/wp-content\/uploads\/2021\/06\/adnanbaki.jpg\" alt=\"\" width=\"191\" height=\"264\" srcset=\"https:\/\/bilmat.org\/calisma_grubu\/wp-content\/uploads\/2021\/06\/adnanbaki.jpg 191w, https:\/\/bilmat.org\/calisma_grubu\/wp-content\/uploads\/2021\/06\/adnanbaki-150x207.jpg 150w, https:\/\/bilmat.org\/calisma_grubu\/wp-content\/uploads\/2021\/06\/adnanbaki-50x69.jpg 50w, https:\/\/bilmat.org\/calisma_grubu\/wp-content\/uploads\/2021\/06\/adnanbaki-100x138.jpg 100w\" sizes=\"(max-width: 191px) 100vw, 191px\" \/><\/a><\/div>\n<div style=\"text-align: center;\" align=\"left\"><\/div>\n<div style=\"text-align: center;\" align=\"left\"><\/div>\n<div style=\"text-align: center;\" align=\"left\"><\/div>\n<div style=\"text-align: center;\" align=\"left\"><\/div>\n<div style=\"text-align: center;\" align=\"left\"><\/div>\n<div style=\"text-align: center;\" align=\"left\"><\/div>\n<div style=\"text-align: center;\" align=\"left\"><\/div>\n<div style=\"text-align: center;\" align=\"left\"><\/div>\n<div style=\"text-align: center;\" align=\"left\"><\/div>\n<div style=\"text-align: center;\" align=\"left\"><\/div>\n<div style=\"text-align: center;\" align=\"left\"><\/div>\n<div style=\"text-align: center;\" align=\"left\"><\/div>\n<div style=\"text-align: center;\" align=\"left\"><\/div>\n<div style=\"text-align: center;\" align=\"left\"><\/div>\n<div style=\"text-align: center;\" align=\"left\"><\/div>\n<\/td>\n<td valign=\"top\" bgcolor=\"#FFFFFF\">\n<div align=\"left\">\n<div align=\"left\">\n<div align=\"left\">\n<div align=\"left\">\n<div align=\"left\">\n<div align=\"left\">\n<div align=\"justify\">1978 y\u0131l\u0131nda girdi\u011fi Karadeniz Teknik \u00dcniversitesi Fatih E\u011fitim Fak\u00fcltesi Matematik \u00d6\u011fretmenli\u011fi program\u0131ndan 1982 de mezun oldu. 1985 y\u0131l\u0131nda ara\u015ft\u0131rma g\u00f6revlisi olarak Karadeniz Teknik \u00dcniversitesi Fen Fak\u00fcltesi Matematik B\u00f6l\u00fcm\u00fc&#8217;nde g\u00f6reve ba\u015flad\u0131. 1986 y\u0131l\u0131nda Y\u00d6K\u2019\u00fcn 38. maddesiyle Gazi \u00dcniversitesi Fen Fak\u00fcltesi Matematik B\u00f6l\u00fcm\u00fcnde y\u00fcksek lisansa ba\u015flad\u0131. Diferansiyel geometri alan\u0131nda y\u00fcksek lisans tez a\u015famas\u0131ndayken 1988 y\u0131lnda yurtd\u0131\u015f\u0131 g\u00f6revlendirmesiyle lisans\u00fcst\u00fc \u00e7al\u0131\u015fmalar i\u00e7in Kanada\u2019ya gitti. 1990 y\u0131l\u0131nda Kanada\u2019n\u0131n New Brunswick \u00dcniversitesi&#8217;nde \u201cCurriculum and Instruction\u201d anabilim dal\u0131nda y\u00fcksek lisans\u0131n\u0131 tamamlad\u0131. Doktora \u00e7al\u0131\u015fmalar\u0131na \u0130ngiltere\u2019de University of London\u2019da ba\u015flad\u0131. Doktora \u00e7al\u0131\u015fmalar\u0131n\u0131 d\u00fcnya s\u0131ralamas\u0131nda e\u011fitim bilimleri alan\u0131nda birinci s\u0131rada olan Institute of Education\u2019da \u201cBeaking with tradition: a study of Turkish student teachers\u2019 experiences within a Logo-based mathematical environment\u201d adl\u0131 PhD tezi ile 1994 y\u0131l\u0131nda tamamlad\u0131. Yurda d\u00f6nd\u00fckten sonra Y\u00d6K\/D\u00fcnya Bankas\u0131 milli e\u011fitimi geli\u015ftirme projesi kapsam\u0131nda 1996-1998 y\u0131llar\u0131 aras\u0131nda Y\u00d6K dan\u0131\u015fman\u0131 olarak \u00e7al\u0131\u015ft\u0131. 1996 y\u0131l\u0131nda T\u00fcrkiye\u2019nin ilk matematik e\u011fitimi do\u00e7enti oldu. 2004 y\u0131l\u0131nda profes\u00f6r oldu. 1995 y\u0131l\u0131ndan itibaren \u00f6\u011fretim \u00fcyesi olarak \u00e7al\u0131\u015ft\u0131\u011f\u0131 KT\u00dc Fatih E\u011fitim Fak\u00fcltesinde bir\u00e7ok akademik ve idari g\u00f6revlerde bulundu. B\u00d6TE B\u00f6l\u00fcm\u00fc 6 y\u0131l, OFMAE B\u00f6l\u00fcm\u00fc 6 y\u0131l olmak \u00fczere toplam 12 y\u0131l b\u00f6l\u00fcm ba\u015fkanl\u0131\u011f\u0131 ve 2010-2013 y\u0131llar\u0131 aras\u0131nda Fatih E\u011fitim Fak\u00fcltesi&#8217;nin dekanl\u0131\u011f\u0131n\u0131 yapt\u0131. \u00d6\u011fretim \u00fcyesi olarak \u00e7al\u0131\u015ft\u0131\u011f\u0131 bu kurumda yakla\u015f\u0131k 22 y\u0131l boyunca y\u00f6netiminde 43\u2019\u00fc doktora olmak \u00fczere 80\u2019in \u00fczerinde lisans\u00fcst\u00fc tez \u00e7al\u0131\u015fmas\u0131 tamamland\u0131. Ulusal ve uluslararas\u0131 indeksli hakemli dergilerde yay\u0131nlanm\u0131\u015f toplam 85 makalesi ve 6 kitab\u0131 bulunmaktad\u0131r. Makalelerine ve kitaplar\u0131na yap\u0131lan at\u0131flar (web of Science+Google Scholar+Di\u011fer indeksler) 3000\u2019in \u00fczerindedir. Bu yo\u011fun eme\u011fin ve mesainin kar\u015f\u0131l\u0131\u011f\u0131 olarak 2016 y\u0131l\u0131nda Karadeniz Teknik \u00dcniversitesi kendisini \u00fcniversite \u00f6zel \u00f6d\u00fcl\u00fc ile \u00f6d\u00fcllendirmi\u015ftir. Ayn\u0131 zamanda bir\u00e7ok ulusal ve uluslararas\u0131 indekste taranan T\u00fcrk Bilgisayar ve Matematik E\u011fitimi dergisinin edit\u00f6rl\u00fc\u011f\u00fcn\u00fc yapmaktad\u0131r.<br \/>\n2018 y\u0131l\u0131 itibariyle Trabzon \u00dcniversitesi, Fatih E\u011fitim Fak\u00fcltesi\u00a0Matematik E\u011fitimi anabilim dal\u0131nda \u00f6\u011fretim \u00fcyesi olarak\u00a0 g\u00f6rev yapmakta ve akademik \u00e7al\u0131\u015fmalar\u0131na devam etmektedir.<\/div>\n<\/div>\n<\/div>\n<\/div>\n<\/div>\n<\/div>\n<\/div>\n<\/td>\n<\/tr>\n<tr>\n<td bgcolor=\"#CCCCCC\">\n<div align=\"left\">\u00c7al\u0131\u015fma Alanlar\u0131:<\/div>\n<\/td>\n<td style=\"text-align: center;\" bgcolor=\"#F3F3F3\">\u00a0\u00d6\u011fretmen E\u011fitimi,\u00a0Teknoloji Destekli Matematik E\u011fitimi<\/td>\n<\/tr>\n<tr>\n<td bgcolor=\"#CCCCCC\">\n<div align=\"left\">\u0130leti\u015fim Bilgileri:<\/div>\n<\/td>\n<td style=\"text-align: center;\" bgcolor=\"#FFFFFF\">\u00a0Trabzon\u00a0\u00dcniversitesi, Fatih E\u011fitim Fak\u00fcltesi, OFMAE B\u00f6l\u00fcm\u00fc, Matematik E\u011fitimi ABD<\/td>\n<\/tr>\n<tr>\n<td bgcolor=\"#CCCCCC\">E-posta:<\/td>\n<td style=\"text-align: center;\" bgcolor=\"#F3F3F3\">adnanbaki@gmail.com<\/td>\n<\/tr>\n<tr>\n<td bgcolor=\"#CCCCCC\">\n<div align=\"left\">Web Adresi:<\/div>\n<\/td>\n<td style=\"text-align: center;\" bgcolor=\"#FFFFFF\"><\/td>\n<\/tr>\n<\/tbody>\n<\/table>\n<p style=\"text-align: right;\">\n","protected":false},"excerpt":{"rendered":"<p>1978 y\u0131l\u0131nda girdi\u011fi Karadeniz Teknik \u00dcniversitesi Fatih E\u011fitim Fak\u00fcltesi Matematik \u00d6\u011fretmenli\u011fi program\u0131ndan 1982 de mezun oldu. 1985 y\u0131l\u0131nda ara\u015ft\u0131rma g\u00f6revlisi olarak Karadeniz Teknik \u00dcniversitesi Fen Fak\u00fcltesi Matematik B\u00f6l\u00fcm\u00fc&#8217;nde g\u00f6reve ba\u015flad\u0131. 1986 y\u0131l\u0131nda Y\u00d6K\u2019\u00fcn 38. maddesiyle Gazi \u00dcniversitesi Fen Fak\u00fcltesi Matematik B\u00f6l\u00fcm\u00fcnde y\u00fcksek lisansa ba\u015flad\u0131. Diferansiyel geometri alan\u0131nda y\u00fcksek lisans tez a\u015famas\u0131ndayken 1988 y\u0131lnda yurtd\u0131\u015f\u0131 g\u00f6revlendirmesiyle [&hellip;]<\/p>\n","protected":false},"author":1,"featured_media":0,"parent":0,"menu_order":0,"comment_status":"closed","ping_status":"closed","template":"","meta":[],"_links":{"self":[{"href":"https:\/\/bilmat.org\/calisma_grubu\/wp-json\/wp\/v2\/pages\/1764"}],"collection":[{"href":"https:\/\/bilmat.org\/calisma_grubu\/wp-json\/wp\/v2\/pages"}],"about":[{"href":"https:\/\/bilmat.org\/calisma_grubu\/wp-json\/wp\/v2\/types\/page"}],"author":[{"embeddable":true,"href":"https:\/\/bilmat.org\/calisma_grubu\/wp-json\/wp\/v2\/users\/1"}],"replies":[{"embeddable":true,"href":"https:\/\/bilmat.org\/calisma_grubu\/wp-json\/wp\/v2\/comments?post=1764"}],"version-history":[{"count":14,"href":"https:\/\/bilmat.org\/calisma_grubu\/wp-json\/wp\/v2\/pages\/1764\/revisions"}],"predecessor-version":[{"id":2510,"href":"https:\/\/bilmat.org\/calisma_grubu\/wp-json\/wp\/v2\/pages\/1764\/revisions\/2510"}],"wp:attachment":[{"href":"https:\/\/bilmat.org\/calisma_grubu\/wp-json\/wp\/v2\/media?parent=1764"}],"curies":[{"name":"wp","href":"https:\/\/api.w.org\/{rel}","templated":true}]}}