{"id":2111,"date":"2020-03-04T03:24:07","date_gmt":"2020-03-04T03:24:07","guid":{"rendered":"http:\/\/bilmat.org\/calisma_grubu\/?page_id=2111"},"modified":"2025-12-19T11:51:52","modified_gmt":"2025-12-19T11:51:52","slug":"seminerler","status":"publish","type":"page","link":"https:\/\/bilmat.org\/calisma_grubu\/seminerler\/","title":{"rendered":"Seminerler"},"content":{"rendered":"<table>\n<tbody>\n<tr>\n<td width=\"604\"><strong>Seminer Program\u0131<\/strong><\/td>\n<\/tr>\n<tr>\n<td width=\"604\"><i class=\"fas fa-chalkboard-teacher\"><\/i> 2013-2014 seminer tarihleri belirlenmi\u015ftir. Seminer program\u0131 i\u00e7in\u00a0<a href=\"http:\/\/www.bilmat.org\/ktubilmat\/seminer\/2013-14.pdf\">t\u0131klay\u0131n\u0131z<\/a><\/td>\n<\/tr>\n<tr>\n<td width=\"604\"><i class=\"fas fa-chalkboard-teacher\"><\/i> 2014-2015 seminer tarihleri belirlenmi\u015ftir. Seminer program\u0131 i\u00e7in\u00a0<a href=\"http:\/\/bilmat.org\/calisma_grubu\/wp-content\/uploads\/2015\/01\/Matematik-E%C4%9Fitimi-Seminer-Program%C4%B1T.pdf\">t\u0131klay\u0131n\u0131z<\/a><\/td>\n<\/tr>\n<tr>\n<td width=\"604\"><i class=\"fas fa-chalkboard-teacher\"><\/i> 2015-2016 seminer tarihleri belirlenmi\u015ftir. Seminer program\u0131 i\u00e7in\u00a0<a href=\"http:\/\/bilmat.org\/calisma_grubu\/wp-content\/uploads\/2016\/03\/Matematik-E%C4%9Fitimi-Seminer-Program%C4%B1-2015-2016-1.revised.pdf\">t\u0131klay\u0131n\u0131z<\/a><\/td>\n<\/tr>\n<tr>\n<td width=\"604\">\u203c\ufe0f 2025-2026 seminer tarihleri belirlenmi\u015ftir. Seminer program\u0131 i\u00e7in <a href=\"http:\/\/bilmat.org\/calisma_grubu\/wp-content\/uploads\/2025\/12\/2025_Matematik-Eg\u0306itimi-Lisansu\u0308stu\u0308-Seminerler_Sirali-sonccc.pdf\">t\u0131klay\u0131n\u0131z<\/a><\/td>\n<\/tr>\n<\/tbody>\n<\/table>\n","protected":false},"excerpt":{"rendered":"<p>Seminer Program\u0131 2013-2014 seminer tarihleri belirlenmi\u015ftir. Seminer program\u0131 i\u00e7in\u00a0t\u0131klay\u0131n\u0131z 2014-2015 seminer tarihleri belirlenmi\u015ftir. Seminer program\u0131 i\u00e7in\u00a0t\u0131klay\u0131n\u0131z 2015-2016 seminer tarihleri belirlenmi\u015ftir. Seminer program\u0131 i\u00e7in\u00a0t\u0131klay\u0131n\u0131z \u203c\ufe0f 2025-2026 seminer tarihleri belirlenmi\u015ftir. Seminer program\u0131 i\u00e7in t\u0131klay\u0131n\u0131z<\/p>\n","protected":false},"author":1,"featured_media":0,"parent":0,"menu_order":0,"comment_status":"closed","ping_status":"closed","template":"","meta":[],"_links":{"self":[{"href":"https:\/\/bilmat.org\/calisma_grubu\/wp-json\/wp\/v2\/pages\/2111"}],"collection":[{"href":"https:\/\/bilmat.org\/calisma_grubu\/wp-json\/wp\/v2\/pages"}],"about":[{"href":"https:\/\/bilmat.org\/calisma_grubu\/wp-json\/wp\/v2\/types\/page"}],"author":[{"embeddable":true,"href":"https:\/\/bilmat.org\/calisma_grubu\/wp-json\/wp\/v2\/users\/1"}],"replies":[{"embeddable":true,"href":"https:\/\/bilmat.org\/calisma_grubu\/wp-json\/wp\/v2\/comments?post=2111"}],"version-history":[{"count":7,"href":"https:\/\/bilmat.org\/calisma_grubu\/wp-json\/wp\/v2\/pages\/2111\/revisions"}],"predecessor-version":[{"id":2777,"href":"https:\/\/bilmat.org\/calisma_grubu\/wp-json\/wp\/v2\/pages\/2111\/revisions\/2777"}],"wp:attachment":[{"href":"https:\/\/bilmat.org\/calisma_grubu\/wp-json\/wp\/v2\/media?parent=2111"}],"curies":[{"name":"wp","href":"https:\/\/api.w.org\/{rel}","templated":true}]}}