{"id":2132,"date":"2020-03-04T03:39:37","date_gmt":"2020-03-04T03:39:37","guid":{"rendered":"http:\/\/bilmat.org\/calisma_grubu\/?page_id=2132"},"modified":"2020-03-07T12:36:49","modified_gmt":"2020-03-07T12:36:49","slug":"lisansustu","status":"publish","type":"page","link":"https:\/\/bilmat.org\/calisma_grubu\/lisansustu\/","title":{"rendered":"L\u0130SANS\u00dcST\u00dc"},"content":{"rendered":"<table>\n<tbody>\n<tr>\n<td width=\"604\"><strong>Lisans\u00fcst\u00fc Notlar\u0131<\/strong><\/td>\n<\/tr>\n<tr>\n<td width=\"604\"><strong>Mathematical Knowledge for Teaching<\/strong><\/td>\n<\/tr>\n<tr>\n<td width=\"604\"><i class=\"fas fa-file-powerpoint\"><\/i>\u00a0\u00a0\u00a0\u00a0\u00a0\u00a0\u00a0\u00a0 <a href=\"http:\/\/bilmat.org\/calisma_grubu\/wp-content\/uploads\/2013\/11\/18.ppt\">MKT1<\/a><\/td>\n<\/tr>\n<tr>\n<td width=\"604\"><i class=\"fas fa-file-powerpoint\"><\/i>\u00a0\u00a0\u00a0\u00a0\u00a0\u00a0\u00a0\u00a0 <a href=\"http:\/\/bilmat.org\/calisma_grubu\/wp-content\/uploads\/2013\/11\/19.ppt\">MKT2<\/a><\/td>\n<\/tr>\n<tr>\n<td width=\"604\"><strong>Research in Mathematics Education<\/strong><\/td>\n<\/tr>\n<tr>\n<td width=\"604\"><i class=\"fas fa-file-powerpoint\"><\/i>\u00a0\u00a0\u00a0\u00a0\u00a0\u00a0\u00a0\u00a0 <a href=\"http:\/\/bilmat.org\/calisma_grubu\/wp-content\/uploads\/2013\/11\/RM1.ppt\">RME1\u00a0<\/a><\/td>\n<\/tr>\n<tr>\n<td width=\"604\"><i class=\"fas fa-file-powerpoint\"><\/i>\u00a0\u00a0\u00a0\u00a0\u00a0\u00a0\u00a0\u00a0 <a href=\"http:\/\/bilmat.org\/calisma_grubu\/wp-content\/uploads\/2013\/11\/RM2.ppt\">RME2<\/a><\/td>\n<\/tr>\n<tr>\n<td width=\"604\"><i class=\"fas fa-file-powerpoint\"><\/i>\u00a0\u00a0\u00a0\u00a0\u00a0\u00a0\u00a0\u00a0 <a href=\"http:\/\/bilmat.org\/calisma_grubu\/wp-content\/uploads\/2013\/11\/RM3.ppt\">RME3<\/a><\/td>\n<\/tr>\n<tr>\n<td width=\"604\"><i class=\"fas fa-file-powerpoint\"><\/i>\u00a0\u00a0\u00a0\u00a0\u00a0\u00a0\u00a0\u00a0 <a href=\"http:\/\/bilmat.org\/calisma_grubu\/wp-content\/uploads\/2013\/11\/RM4.ppt\">RME4<\/a><\/td>\n<\/tr>\n<tr>\n<td width=\"604\"><i class=\"fas fa-file-powerpoint\"><\/i>\u00a0\u00a0\u00a0\u00a0\u00a0\u00a0\u00a0\u00a0 <a href=\"http:\/\/bilmat.org\/calisma_grubu\/wp-content\/uploads\/2013\/11\/RM5.ppt\">RME5<\/a><\/td>\n<\/tr>\n<tr>\n<td width=\"604\"><i class=\"fas fa-file-powerpoint\"><\/i>\u00a0\u00a0\u00a0\u00a0\u00a0\u00a0\u00a0\u00a0 <a href=\"http:\/\/bilmat.org\/calisma_grubu\/wp-content\/uploads\/2013\/11\/RM6.ppt\">RME6<\/a><\/td>\n<\/tr>\n<tr>\n<td width=\"604\"><i class=\"fas fa-file-powerpoint\"><\/i>\u00a0\u00a0\u00a0\u00a0\u00a0\u00a0\u00a0\u00a0 <a href=\"http:\/\/bilmat.org\/calisma_grubu\/wp-content\/uploads\/2013\/11\/RM7.ppt\">RME7<\/a><\/td>\n<\/tr>\n<\/tbody>\n<\/table>\n","protected":false},"excerpt":{"rendered":"<p>Lisans\u00fcst\u00fc Notlar\u0131 Mathematical Knowledge for Teaching \u00a0\u00a0\u00a0\u00a0\u00a0\u00a0\u00a0\u00a0 MKT1 \u00a0\u00a0\u00a0\u00a0\u00a0\u00a0\u00a0\u00a0 MKT2 Research in Mathematics Education \u00a0\u00a0\u00a0\u00a0\u00a0\u00a0\u00a0\u00a0 RME1\u00a0 \u00a0\u00a0\u00a0\u00a0\u00a0\u00a0\u00a0\u00a0 RME2 \u00a0\u00a0\u00a0\u00a0\u00a0\u00a0\u00a0\u00a0 RME3 \u00a0\u00a0\u00a0\u00a0\u00a0\u00a0\u00a0\u00a0 RME4 \u00a0\u00a0\u00a0\u00a0\u00a0\u00a0\u00a0\u00a0 RME5 \u00a0\u00a0\u00a0\u00a0\u00a0\u00a0\u00a0\u00a0 RME6 \u00a0\u00a0\u00a0\u00a0\u00a0\u00a0\u00a0\u00a0 RME7<\/p>\n","protected":false},"author":1,"featured_media":0,"parent":0,"menu_order":0,"comment_status":"closed","ping_status":"closed","template":"","meta":[],"_links":{"self":[{"href":"https:\/\/bilmat.org\/calisma_grubu\/wp-json\/wp\/v2\/pages\/2132"}],"collection":[{"href":"https:\/\/bilmat.org\/calisma_grubu\/wp-json\/wp\/v2\/pages"}],"about":[{"href":"https:\/\/bilmat.org\/calisma_grubu\/wp-json\/wp\/v2\/types\/page"}],"author":[{"embeddable":true,"href":"https:\/\/bilmat.org\/calisma_grubu\/wp-json\/wp\/v2\/users\/1"}],"replies":[{"embeddable":true,"href":"https:\/\/bilmat.org\/calisma_grubu\/wp-json\/wp\/v2\/comments?post=2132"}],"version-history":[{"count":2,"href":"https:\/\/bilmat.org\/calisma_grubu\/wp-json\/wp\/v2\/pages\/2132\/revisions"}],"predecessor-version":[{"id":2175,"href":"https:\/\/bilmat.org\/calisma_grubu\/wp-json\/wp\/v2\/pages\/2132\/revisions\/2175"}],"wp:attachment":[{"href":"https:\/\/bilmat.org\/calisma_grubu\/wp-json\/wp\/v2\/media?parent=2132"}],"curies":[{"name":"wp","href":"https:\/\/api.w.org\/{rel}","templated":true}]}}