{"id":2350,"date":"2020-11-22T19:05:55","date_gmt":"2020-11-22T19:05:55","guid":{"rendered":"http:\/\/bilmat.org\/calisma_grubu\/?page_id=2350"},"modified":"2020-11-22T19:05:55","modified_gmt":"2020-11-22T19:05:55","slug":"ogr-gor-hulya-elmas-baydar","status":"publish","type":"page","link":"https:\/\/bilmat.org\/calisma_grubu\/ogr-gor-hulya-elmas-baydar\/","title":{"rendered":"\u00d6\u011fr. G\u00f6r. H\u00fclya ELMAS BAYDAR"},"content":{"rendered":"<table border=\"0\" width=\"100%\" cellspacing=\"1\" cellpadding=\"1\" align=\"left\" bgcolor=\"#CCCCCC\">\n<tbody>\n<tr>\n<td bgcolor=\"#CCCCCC\" width=\"116\">\n<div style=\"text-align: center;\" align=\"left\">\u00d6\u011fr. G\u00f6r. H\u00fclya ELMAS BAYDAR<a href=\"http:\/\/bilmat.org\/calisma_grubu\/wp-content\/uploads\/2020\/11\/IMG20200923165245-hulya-elmas.jpg\"><img loading=\"lazy\" class=\"aligncenter size-medium wp-image-2320\" src=\"http:\/\/bilmat.org\/calisma_grubu\/wp-content\/uploads\/2020\/11\/IMG20200923165245-hulya-elmas.jpg\" alt=\"IMG20200923165245 - hulya elmas\" width=\"1\" height=\"1\" \/><\/a><a href=\"http:\/\/bilmat.org\/calisma_grubu\/wp-content\/uploads\/2020\/11\/IMG-20180105-WA0002-Damla-Kutlu.jpg\"><br \/>\n<\/a><img class=\"thumbnail\" src=\"http:\/\/bilmat.org\/calisma_grubu\/wp-content\/uploads\/2019\/10\/50374332344_Neslihan-S\u00d6NMEZ.jpg\" alt=\"\" \/><\/div>\n<\/td>\n<td valign=\"top\" bgcolor=\"#FFFFFF\">\n<div align=\"left\">\n<div align=\"left\">\n<div align=\"left\">\n<div align=\"left\">\n<div align=\"left\">\n<div align=\"left\">\n<div align=\"justify\">\n<table style=\"height: 241px;\" width=\"682\">\n<tbody>\n<tr>\n<td width=\"659\">&nbsp;<\/p>\n<p>Artvin \u00c7oruh \u00dcniversitesi&#8217;nde \u00f6\u011fretim g\u00f6revlisi olarak lisans ve \u00f6nlisans programlar\u0131na matematik ve istatistik dersleri vermektedir. Lisans e\u011fitimini 1999 y\u0131l\u0131nda Karadeniz Teknik \u00dcniversitesi Matematik E\u011fitimi Anabilim Dal\u0131&#8217;nda tezsiz y\u00fcksek lisans program\u0131 ile ortakla\u015fa s\u00fcrd\u00fcrd\u00fc ve 2004 y\u0131l\u0131nda mezun olduktan sonra 2008 y\u0131l\u0131nda Karadeniz Teknik \u00dcniversitesi Matematik E\u011fitimi Anabilim Dal\u0131 doktora program\u0131na ba\u015flad\u0131. Halen matematik e\u011fitimi anabilim dal\u0131nda e\u011fitimine ve akademik \u00e7al\u0131\u015fmalar\u0131na devam etmektedir. \u0130lgi alanlar\u0131 istatistik e\u011fitimi ve istatistik e\u011fitiminde teknolojiyi kullanmakt\u0131r.<\/td>\n<\/tr>\n<\/tbody>\n<\/table>\n<\/div>\n<\/div>\n<\/div>\n<\/div>\n<\/div>\n<\/div>\n<\/div>\n<\/td>\n<\/tr>\n<tr>\n<td bgcolor=\"#CCCCCC\">\n<div align=\"left\">\u00c7al\u0131\u015fma Alanlar\u0131:<\/div>\n<\/td>\n<td bgcolor=\"#F3F3F3\">\u0130statistik e\u011fitimi, istatistik e\u011fitiminde teknoloji kullan\u0131m\u0131<\/td>\n<\/tr>\n<tr>\n<td bgcolor=\"#CCCCCC\">\n<div align=\"left\">\u0130leti\u015fim Bilgileri:<\/div>\n<\/td>\n<td bgcolor=\"#FFFFFF\"><\/td>\n<\/tr>\n<tr>\n<td bgcolor=\"#CCCCCC\">E-posta:<\/td>\n<td bgcolor=\"#F3F3F3\">hulyaelmas59@gmail.com<\/td>\n<\/tr>\n<tr>\n<td bgcolor=\"#CCCCCC\">\n<div align=\"left\">Web Adresi:<\/div>\n<\/td>\n<td bgcolor=\"#FFFFFF\"><\/td>\n<\/tr>\n<\/tbody>\n<\/table>\n<p style=\"text-align: right;\">\n","protected":false},"excerpt":{"rendered":"<p>\u00d6\u011fr. G\u00f6r. H\u00fclya ELMAS BAYDAR &nbsp; Artvin \u00c7oruh \u00dcniversitesi&#8217;nde \u00f6\u011fretim g\u00f6revlisi olarak lisans ve \u00f6nlisans programlar\u0131na matematik ve istatistik dersleri vermektedir. Lisans e\u011fitimini 1999 y\u0131l\u0131nda Karadeniz Teknik \u00dcniversitesi Matematik E\u011fitimi Anabilim Dal\u0131&#8217;nda tezsiz y\u00fcksek lisans program\u0131 ile ortakla\u015fa s\u00fcrd\u00fcrd\u00fc ve 2004 y\u0131l\u0131nda mezun olduktan sonra 2008 y\u0131l\u0131nda Karadeniz Teknik \u00dcniversitesi Matematik E\u011fitimi Anabilim Dal\u0131 doktora [&hellip;]<\/p>\n","protected":false},"author":1,"featured_media":0,"parent":0,"menu_order":0,"comment_status":"closed","ping_status":"closed","template":"","meta":[],"_links":{"self":[{"href":"https:\/\/bilmat.org\/calisma_grubu\/wp-json\/wp\/v2\/pages\/2350"}],"collection":[{"href":"https:\/\/bilmat.org\/calisma_grubu\/wp-json\/wp\/v2\/pages"}],"about":[{"href":"https:\/\/bilmat.org\/calisma_grubu\/wp-json\/wp\/v2\/types\/page"}],"author":[{"embeddable":true,"href":"https:\/\/bilmat.org\/calisma_grubu\/wp-json\/wp\/v2\/users\/1"}],"replies":[{"embeddable":true,"href":"https:\/\/bilmat.org\/calisma_grubu\/wp-json\/wp\/v2\/comments?post=2350"}],"version-history":[{"count":1,"href":"https:\/\/bilmat.org\/calisma_grubu\/wp-json\/wp\/v2\/pages\/2350\/revisions"}],"predecessor-version":[{"id":2351,"href":"https:\/\/bilmat.org\/calisma_grubu\/wp-json\/wp\/v2\/pages\/2350\/revisions\/2351"}],"wp:attachment":[{"href":"https:\/\/bilmat.org\/calisma_grubu\/wp-json\/wp\/v2\/media?parent=2350"}],"curies":[{"name":"wp","href":"https:\/\/api.w.org\/{rel}","templated":true}]}}