{"id":2399,"date":"2021-01-03T16:55:03","date_gmt":"2021-01-03T16:55:03","guid":{"rendered":"http:\/\/bilmat.org\/calisma_grubu\/?page_id=2399"},"modified":"2021-01-03T20:07:35","modified_gmt":"2021-01-03T20:07:35","slug":"dr-ogr-uyesi-hilal-yildiz","status":"publish","type":"page","link":"https:\/\/bilmat.org\/calisma_grubu\/dr-ogr-uyesi-hilal-yildiz\/","title":{"rendered":"Dr. \u00d6\u011fr. \u00dcyesi Hilal YILDIZ"},"content":{"rendered":"<table border=\"0\" width=\"100%\" cellspacing=\"1\" cellpadding=\"1\" align=\"left\" bgcolor=\"#CCCCCC\">\n<tbody>\n<tr>\n<td bgcolor=\"#CCCCCC\" width=\"116\">\n<div style=\"text-align: center;\" align=\"left\">Dr. \u00d6\u011fr. \u00dcyesi<\/div>\n<div style=\"text-align: center;\" align=\"left\">Hilal YILDIZ<br \/>\n<a href=\"http:\/\/bilmat.org\/calisma_grubu\/wp-content\/uploads\/2020\/11\/Screenshot_20201026-214227-Hilal-Y\u0131ld\u0131z.jpg\"><img loading=\"lazy\" class=\"aligncenter size-medium wp-image-2326\" src=\"http:\/\/bilmat.org\/calisma_grubu\/wp-content\/uploads\/2020\/11\/Screenshot_20201026-214227-Hilal-Y\u0131ld\u0131z-400x488.jpg\" alt=\"Screenshot_20201026-214227 - Hilal Y\u0131ld\u0131z\" width=\"246\" height=\"300\" srcset=\"https:\/\/bilmat.org\/calisma_grubu\/wp-content\/uploads\/2020\/11\/Screenshot_20201026-214227-Hilal-Y\u0131ld\u0131z-400x488.jpg 400w, https:\/\/bilmat.org\/calisma_grubu\/wp-content\/uploads\/2020\/11\/Screenshot_20201026-214227-Hilal-Y\u0131ld\u0131z-250x305.jpg 250w, https:\/\/bilmat.org\/calisma_grubu\/wp-content\/uploads\/2020\/11\/Screenshot_20201026-214227-Hilal-Y\u0131ld\u0131z-150x183.jpg 150w, https:\/\/bilmat.org\/calisma_grubu\/wp-content\/uploads\/2020\/11\/Screenshot_20201026-214227-Hilal-Y\u0131ld\u0131z-50x61.jpg 50w, https:\/\/bilmat.org\/calisma_grubu\/wp-content\/uploads\/2020\/11\/Screenshot_20201026-214227-Hilal-Y\u0131ld\u0131z-100x122.jpg 100w, https:\/\/bilmat.org\/calisma_grubu\/wp-content\/uploads\/2020\/11\/Screenshot_20201026-214227-Hilal-Y\u0131ld\u0131z-200x244.jpg 200w, https:\/\/bilmat.org\/calisma_grubu\/wp-content\/uploads\/2020\/11\/Screenshot_20201026-214227-Hilal-Y\u0131ld\u0131z-300x366.jpg 300w, https:\/\/bilmat.org\/calisma_grubu\/wp-content\/uploads\/2020\/11\/Screenshot_20201026-214227-Hilal-Y\u0131ld\u0131z-350x427.jpg 350w, https:\/\/bilmat.org\/calisma_grubu\/wp-content\/uploads\/2020\/11\/Screenshot_20201026-214227-Hilal-Y\u0131ld\u0131z.jpg 404w\" sizes=\"(max-width: 246px) 100vw, 246px\" \/><\/a><img class=\"thumbnail\" src=\"http:\/\/bilmat.org\/calisma_grubu\/wp-content\/uploads\/2019\/10\/50374332344_Neslihan-S\u00d6NMEZ.jpg\" alt=\"\" \/><\/div>\n<\/td>\n<td valign=\"top\" bgcolor=\"#FFFFFF\">\n<div align=\"left\">\n<div align=\"left\">\n<div align=\"left\">\n<div align=\"left\">\n<div align=\"left\">\n<div align=\"left\">\n<div align=\"justify\">\n<table style=\"height: 207px;\" width=\"666\">\n<tbody>\n<tr>\n<td width=\"659\">\n<p style=\"text-align: justify; padding-left: 30px;\">1985 y\u0131l\u0131nda HATAY&#8217;\u0131n Erzin il\u00e7esinde do\u011fdu. \u0130lkokul ve ortaokul e\u011fitimini Hatay&#8217;da, lise e\u011fitimini Kilis Anadolu \u00d6\u011fretmen Lisesi&#8217;nde tamamlad\u0131. 2008 y\u0131l\u0131nda KT\u00dc Orta\u00f6\u011fretim Matematik \u00d6\u011fretmenli\u011fi b\u00f6l\u00fcm\u00fcn\u00fc bitirdi. 2017 y\u0131l\u0131nda KT\u00dc OFMA MatematikE\u011fitimi Anabilim Dal\u0131nda doktora e\u011fitimini tamamlad\u0131.\u00a0 Kafkas \u00dcniversitesi Matematik E\u011fitimi Anabilim Dal\u0131&#8217;nda Dr. \u00d6\u011fretim \u00dcyesi olarak g\u00f6rev yapmaktad\u0131r. Evli ve 1 \u00e7ocuk annesidir.<\/p>\n<p>&nbsp;<\/td>\n<\/tr>\n<\/tbody>\n<\/table>\n<\/div>\n<\/div>\n<\/div>\n<\/div>\n<\/div>\n<\/div>\n<\/div>\n<\/td>\n<\/tr>\n<tr>\n<td bgcolor=\"#CCCCCC\">\n<div align=\"left\">\u00c7al\u0131\u015fma Alanlar\u0131:<\/div>\n<\/td>\n<td bgcolor=\"#F3F3F3\">Matematik E\u011fitimi, Teknolojik Pedagojik Alan Bilgisi, Bilgisayar Destekli Matematik \u00d6\u011fretimi, Oyunlarla Matematik \u00d6\u011fretimi<\/td>\n<\/tr>\n<tr>\n<td bgcolor=\"#CCCCCC\">\n<div align=\"left\">\u0130leti\u015fim Bilgileri:<\/div>\n<\/td>\n<td bgcolor=\"#FFFFFF\"><\/td>\n<\/tr>\n<tr>\n<td bgcolor=\"#CCCCCC\">E-posta:<\/td>\n<td bgcolor=\"#F3F3F3\">hilalaslanbas@hotmail.com<\/td>\n<\/tr>\n<tr>\n<td bgcolor=\"#CCCCCC\">\n<div align=\"left\">Web Adresi:<\/div>\n<\/td>\n<td bgcolor=\"#FFFFFF\"><\/td>\n<\/tr>\n<\/tbody>\n<\/table>\n<p style=\"text-align: right;\">\n","protected":false},"excerpt":{"rendered":"<p>Dr. \u00d6\u011fr. \u00dcyesi Hilal YILDIZ 1985 y\u0131l\u0131nda HATAY&#8217;\u0131n Erzin il\u00e7esinde do\u011fdu. \u0130lkokul ve ortaokul e\u011fitimini Hatay&#8217;da, lise e\u011fitimini Kilis Anadolu \u00d6\u011fretmen Lisesi&#8217;nde tamamlad\u0131. 2008 y\u0131l\u0131nda KT\u00dc Orta\u00f6\u011fretim Matematik \u00d6\u011fretmenli\u011fi b\u00f6l\u00fcm\u00fcn\u00fc bitirdi. 2017 y\u0131l\u0131nda KT\u00dc OFMA MatematikE\u011fitimi Anabilim Dal\u0131nda doktora e\u011fitimini tamamlad\u0131.\u00a0 Kafkas \u00dcniversitesi Matematik E\u011fitimi Anabilim Dal\u0131&#8217;nda Dr. \u00d6\u011fretim \u00dcyesi olarak g\u00f6rev yapmaktad\u0131r. Evli ve [&hellip;]<\/p>\n","protected":false},"author":1,"featured_media":0,"parent":0,"menu_order":0,"comment_status":"closed","ping_status":"closed","template":"","meta":[],"_links":{"self":[{"href":"https:\/\/bilmat.org\/calisma_grubu\/wp-json\/wp\/v2\/pages\/2399"}],"collection":[{"href":"https:\/\/bilmat.org\/calisma_grubu\/wp-json\/wp\/v2\/pages"}],"about":[{"href":"https:\/\/bilmat.org\/calisma_grubu\/wp-json\/wp\/v2\/types\/page"}],"author":[{"embeddable":true,"href":"https:\/\/bilmat.org\/calisma_grubu\/wp-json\/wp\/v2\/users\/1"}],"replies":[{"embeddable":true,"href":"https:\/\/bilmat.org\/calisma_grubu\/wp-json\/wp\/v2\/comments?post=2399"}],"version-history":[{"count":6,"href":"https:\/\/bilmat.org\/calisma_grubu\/wp-json\/wp\/v2\/pages\/2399\/revisions"}],"predecessor-version":[{"id":2405,"href":"https:\/\/bilmat.org\/calisma_grubu\/wp-json\/wp\/v2\/pages\/2399\/revisions\/2405"}],"wp:attachment":[{"href":"https:\/\/bilmat.org\/calisma_grubu\/wp-json\/wp\/v2\/media?parent=2399"}],"curies":[{"name":"wp","href":"https:\/\/api.w.org\/{rel}","templated":true}]}}