{"id":2410,"date":"2021-01-03T20:20:11","date_gmt":"2021-01-03T20:20:11","guid":{"rendered":"http:\/\/bilmat.org\/calisma_grubu\/?page_id=2410"},"modified":"2021-01-03T21:25:59","modified_gmt":"2021-01-03T21:25:59","slug":"dr-ogr-uyesi-elif-ertemakbas","status":"publish","type":"page","link":"https:\/\/bilmat.org\/calisma_grubu\/dr-ogr-uyesi-elif-ertemakbas\/","title":{"rendered":"Dr. \u00d6\u011fr. \u00dcyesi Elif ERTEM AKBA\u015e"},"content":{"rendered":"<table border=\"0\" width=\"100%\" cellspacing=\"1\" cellpadding=\"1\" align=\"left\" bgcolor=\"#CCCCCC\">\n<tbody>\n<tr>\n<td bgcolor=\"#CCCCCC\" width=\"116\">\n<div style=\"text-align: center;\" align=\"left\">Dr. \u00d6\u011fr. \u00dcyesi Elif ERTEM AKBA\u015e<a href=\"http:\/\/bilmat.org\/calisma_grubu\/wp-content\/uploads\/2020\/11\/IMG_20201026_141458-Elif-ERTEM-AKBA\u015e.jpg\"><img loading=\"lazy\" class=\"aligncenter size-full wp-image-2317\" src=\"http:\/\/bilmat.org\/calisma_grubu\/wp-content\/uploads\/2020\/11\/IMG_20201026_141458-Elif-ERTEM-AKBA\u015e.jpg\" alt=\"IMG_20201026_141458 - Elif ERTEM AKBA\u015e\" width=\"285\" height=\"392\" srcset=\"https:\/\/bilmat.org\/calisma_grubu\/wp-content\/uploads\/2020\/11\/IMG_20201026_141458-Elif-ERTEM-AKBA\u015e.jpg 285w, https:\/\/bilmat.org\/calisma_grubu\/wp-content\/uploads\/2020\/11\/IMG_20201026_141458-Elif-ERTEM-AKBA\u015e-250x344.jpg 250w, https:\/\/bilmat.org\/calisma_grubu\/wp-content\/uploads\/2020\/11\/IMG_20201026_141458-Elif-ERTEM-AKBA\u015e-150x206.jpg 150w, https:\/\/bilmat.org\/calisma_grubu\/wp-content\/uploads\/2020\/11\/IMG_20201026_141458-Elif-ERTEM-AKBA\u015e-50x69.jpg 50w, https:\/\/bilmat.org\/calisma_grubu\/wp-content\/uploads\/2020\/11\/IMG_20201026_141458-Elif-ERTEM-AKBA\u015e-100x138.jpg 100w, https:\/\/bilmat.org\/calisma_grubu\/wp-content\/uploads\/2020\/11\/IMG_20201026_141458-Elif-ERTEM-AKBA\u015e-200x275.jpg 200w\" sizes=\"(max-width: 285px) 100vw, 285px\" \/><\/a><a href=\"http:\/\/bilmat.org\/calisma_grubu\/wp-content\/uploads\/2020\/11\/IMG-20180105-WA0002-Damla-Kutlu.jpg\"><br \/>\n<\/a><\/div>\n<div style=\"text-align: center;\" align=\"left\"><\/div>\n<div style=\"text-align: center;\" align=\"left\"><\/div>\n<div style=\"text-align: center;\" align=\"left\"><\/div>\n<div style=\"text-align: center;\" align=\"left\"><\/div>\n<div style=\"text-align: center;\" align=\"left\"><\/div>\n<div style=\"text-align: center;\" align=\"left\"><\/div>\n<div style=\"text-align: center;\" align=\"left\"><\/div>\n<div style=\"text-align: center;\" align=\"left\"><\/div>\n<div style=\"text-align: center;\" align=\"left\"><img class=\"thumbnail\" src=\"http:\/\/bilmat.org\/calisma_grubu\/wp-content\/uploads\/2019\/10\/50374332344_Neslihan-S\u00d6NMEZ.jpg\" alt=\"\" \/><\/div>\n<\/td>\n<td valign=\"top\" bgcolor=\"#FFFFFF\">\n<div align=\"left\">\n<div align=\"left\">\n<div align=\"left\">\n<div align=\"left\">\n<div align=\"left\">\n<div align=\"left\">\n<div align=\"justify\">\n<table style=\"height: 150px;\" width=\"671\">\n<tbody>\n<tr>\n<td width=\"659\">&nbsp;<\/p>\n<p>Trabzon do\u011fumlu olan Ertem-Akba\u015f ilk, orta ve lise \u00f6\u011frenimini bu \u015fehirde Kanuni Anadolu Lisesi&#8217;nde onur \u00f6\u011frencisi olarak tamamlad\u0131. Lisans\u0131n\u0131 2002-2007 y\u0131llar\u0131nda Karadeniz Teknik \u00dcniversitesi Fatih E\u011fitim Fak\u00fcltesi OFMAE Matematik \u00d6\u011fretmenli\u011fi program\u0131nda\u00a0 y\u00fcksek lisans derecesi ile\u00a0 b\u00f6l\u00fcm ikincisi (y\u00fcksek onur \u00f6\u011frencisi) olarak tamamlad\u0131. Yine ayn\u0131 \u00fcniversitede KT\u00dc E\u011fitim Bilimleri Enstit\u00fcs\u00fc Orta\u00f6\u011fretim Fen ve Matematik Alanlar\u0131 E\u011fitimi Anabilim Dal\u0131 Matematik E\u011fitimi&#8217;nde 2008 y\u0131l\u0131nda Doktora e\u011fitimine ba\u015flayan Ertem-Akba\u015f &#8220;MYO \u00d6\u011frencilerinin Bilgisayar Destekli Ortamda limit-s\u00fcreklilik Konusundaki \u00d6\u011frenmelerinin SOLO Taksonomisine G\u00f6re De\u011ferlendirilmesi&#8221; ba\u015fl\u0131kl\u0131 tezi ile Doktora e\u011fitimini 2016 y\u0131l\u0131nda tamamlad\u0131. 2007-2009 y\u0131llar\u0131 aras\u0131nda \u00f6zel bir kurumda matematik \u00f6\u011fretmenli\u011fi yapt\u0131. 2009 y\u0131l\u0131nda Van Y\u00fcz\u00fcnc\u00fc Y\u0131l \u00dcniversitesi E\u011fitim Fak\u00fcltesi Matematik E\u011fitimi ABD ve \u00d6zalp Meslek Y\u00fcksek Okulu&#8217;nda e\u015f zamanl\u0131 olarak \u00d6\u011fretim G\u00f6revlisi olarak \u00e7al\u0131\u015fmaya ba\u015flayan Ertem Akba\u015f 2017 y\u0131l\u0131nda\u00a0 Van Y\u00fcz\u00fcnc\u00fc Y\u0131l \u00dcniversitesi E\u011fitim Fak\u00fcltesi Matematik E\u011fitimi ABD&#8217;na Dr. \u00d6\u011fr. \u00dcyesi olarak atand\u0131. Hala Van Y\u00fcz\u00fcnc\u00fc Y\u0131l \u00dcniversitesi&#8217;nde g\u00f6rev yapan Ertem-Akba\u015f evli ve bir \u00e7ocuk annesidir.<\/td>\n<\/tr>\n<\/tbody>\n<\/table>\n<\/div>\n<\/div>\n<\/div>\n<\/div>\n<\/div>\n<\/div>\n<\/div>\n<\/td>\n<\/tr>\n<tr>\n<td bgcolor=\"#CCCCCC\">\n<div align=\"left\">\u00c7al\u0131\u015fma Alanlar\u0131:<\/div>\n<\/td>\n<td bgcolor=\"#F3F3F3\">Matematik E\u011fitimi, Teknoloji Destekli Matematik, Bilgisayar Destekli Matematik<\/td>\n<\/tr>\n<tr>\n<td bgcolor=\"#CCCCCC\">\n<div align=\"left\">\u0130leti\u015fim Bilgileri:<\/div>\n<\/td>\n<td bgcolor=\"#FFFFFF\"><\/td>\n<\/tr>\n<tr>\n<td bgcolor=\"#CCCCCC\">E-posta:<\/td>\n<td bgcolor=\"#F3F3F3\">eertema@gmail.com<\/td>\n<\/tr>\n<tr>\n<td bgcolor=\"#CCCCCC\">\n<div align=\"left\">Web Adresi:<\/div>\n<\/td>\n<td bgcolor=\"#FFFFFF\"><\/td>\n<\/tr>\n<\/tbody>\n<\/table>\n<p style=\"text-align: right;\">\n","protected":false},"excerpt":{"rendered":"<p>Dr. \u00d6\u011fr. \u00dcyesi Elif ERTEM AKBA\u015e &nbsp; Trabzon do\u011fumlu olan Ertem-Akba\u015f ilk, orta ve lise \u00f6\u011frenimini bu \u015fehirde Kanuni Anadolu Lisesi&#8217;nde onur \u00f6\u011frencisi olarak tamamlad\u0131. Lisans\u0131n\u0131 2002-2007 y\u0131llar\u0131nda Karadeniz Teknik \u00dcniversitesi Fatih E\u011fitim Fak\u00fcltesi OFMAE Matematik \u00d6\u011fretmenli\u011fi program\u0131nda\u00a0 y\u00fcksek lisans derecesi ile\u00a0 b\u00f6l\u00fcm ikincisi (y\u00fcksek onur \u00f6\u011frencisi) olarak tamamlad\u0131. Yine ayn\u0131 \u00fcniversitede KT\u00dc E\u011fitim Bilimleri [&hellip;]<\/p>\n","protected":false},"author":1,"featured_media":0,"parent":0,"menu_order":0,"comment_status":"closed","ping_status":"closed","template":"","meta":[],"_links":{"self":[{"href":"https:\/\/bilmat.org\/calisma_grubu\/wp-json\/wp\/v2\/pages\/2410"}],"collection":[{"href":"https:\/\/bilmat.org\/calisma_grubu\/wp-json\/wp\/v2\/pages"}],"about":[{"href":"https:\/\/bilmat.org\/calisma_grubu\/wp-json\/wp\/v2\/types\/page"}],"author":[{"embeddable":true,"href":"https:\/\/bilmat.org\/calisma_grubu\/wp-json\/wp\/v2\/users\/1"}],"replies":[{"embeddable":true,"href":"https:\/\/bilmat.org\/calisma_grubu\/wp-json\/wp\/v2\/comments?post=2410"}],"version-history":[{"count":4,"href":"https:\/\/bilmat.org\/calisma_grubu\/wp-json\/wp\/v2\/pages\/2410\/revisions"}],"predecessor-version":[{"id":2415,"href":"https:\/\/bilmat.org\/calisma_grubu\/wp-json\/wp\/v2\/pages\/2410\/revisions\/2415"}],"wp:attachment":[{"href":"https:\/\/bilmat.org\/calisma_grubu\/wp-json\/wp\/v2\/media?parent=2410"}],"curies":[{"name":"wp","href":"https:\/\/api.w.org\/{rel}","templated":true}]}}