{"id":2425,"date":"2021-01-04T03:35:57","date_gmt":"2021-01-04T03:35:57","guid":{"rendered":"http:\/\/bilmat.org\/calisma_grubu\/?page_id=2425"},"modified":"2021-05-19T01:17:04","modified_gmt":"2021-05-19T01:17:04","slug":"dr-beyda-topan","status":"publish","type":"page","link":"https:\/\/bilmat.org\/calisma_grubu\/dr-beyda-topan\/","title":{"rendered":"Dr. Beyda TOPAN"},"content":{"rendered":"<table border=\"0\" width=\"100%\" cellspacing=\"1\" cellpadding=\"1\" align=\"left\" bgcolor=\"#CCCCCC\">\n<tbody>\n<tr>\n<td bgcolor=\"#CCCCCC\" width=\"116\">\n<div style=\"text-align: center;\" align=\"left\">Dr. Beyda TOPAN<a href=\"http:\/\/bilmat.org\/calisma_grubu\/wp-content\/uploads\/2020\/11\/IMG_4190-Beyda-Topan.jpg\"><img loading=\"lazy\" class=\"aligncenter size-medium wp-image-2316\" src=\"http:\/\/bilmat.org\/calisma_grubu\/wp-content\/uploads\/2020\/11\/IMG_4190-Beyda-Topan-400x533.jpg\" alt=\"IMG_4190 - Beyda Topan\" width=\"225\" height=\"300\" srcset=\"https:\/\/bilmat.org\/calisma_grubu\/wp-content\/uploads\/2020\/11\/IMG_4190-Beyda-Topan-400x533.jpg 400w, https:\/\/bilmat.org\/calisma_grubu\/wp-content\/uploads\/2020\/11\/IMG_4190-Beyda-Topan-250x333.jpg 250w, https:\/\/bilmat.org\/calisma_grubu\/wp-content\/uploads\/2020\/11\/IMG_4190-Beyda-Topan-768x1024.jpg 768w, https:\/\/bilmat.org\/calisma_grubu\/wp-content\/uploads\/2020\/11\/IMG_4190-Beyda-Topan-650x867.jpg 650w, https:\/\/bilmat.org\/calisma_grubu\/wp-content\/uploads\/2020\/11\/IMG_4190-Beyda-Topan-150x200.jpg 150w, https:\/\/bilmat.org\/calisma_grubu\/wp-content\/uploads\/2020\/11\/IMG_4190-Beyda-Topan-50x67.jpg 50w, https:\/\/bilmat.org\/calisma_grubu\/wp-content\/uploads\/2020\/11\/IMG_4190-Beyda-Topan-100x133.jpg 100w, https:\/\/bilmat.org\/calisma_grubu\/wp-content\/uploads\/2020\/11\/IMG_4190-Beyda-Topan-200x267.jpg 200w, https:\/\/bilmat.org\/calisma_grubu\/wp-content\/uploads\/2020\/11\/IMG_4190-Beyda-Topan-300x400.jpg 300w, https:\/\/bilmat.org\/calisma_grubu\/wp-content\/uploads\/2020\/11\/IMG_4190-Beyda-Topan-350x467.jpg 350w, https:\/\/bilmat.org\/calisma_grubu\/wp-content\/uploads\/2020\/11\/IMG_4190-Beyda-Topan-450x600.jpg 450w, https:\/\/bilmat.org\/calisma_grubu\/wp-content\/uploads\/2020\/11\/IMG_4190-Beyda-Topan-500x667.jpg 500w, https:\/\/bilmat.org\/calisma_grubu\/wp-content\/uploads\/2020\/11\/IMG_4190-Beyda-Topan-550x733.jpg 550w, https:\/\/bilmat.org\/calisma_grubu\/wp-content\/uploads\/2020\/11\/IMG_4190-Beyda-Topan-800x1067.jpg 800w, https:\/\/bilmat.org\/calisma_grubu\/wp-content\/uploads\/2020\/11\/IMG_4190-Beyda-Topan-1200x1600.jpg 1200w, https:\/\/bilmat.org\/calisma_grubu\/wp-content\/uploads\/2020\/11\/IMG_4190-Beyda-Topan-1600x2133.jpg 1600w, https:\/\/bilmat.org\/calisma_grubu\/wp-content\/uploads\/2020\/11\/IMG_4190-Beyda-Topan-2000x2667.jpg 2000w\" sizes=\"(max-width: 225px) 100vw, 225px\" \/><\/a><\/p>\n<\/div>\n<\/td>\n<td valign=\"top\" bgcolor=\"#FFFFFF\">\n<div align=\"left\">\n<div align=\"left\">\n<div align=\"left\">\n<div align=\"left\">\n<div align=\"left\">\n<div align=\"left\">\n<div align=\"justify\">\n<table style=\"height: 150px;\" width=\"671\">\n<tbody>\n<tr>\n<td width=\"659\">Beyda TOPAN 1989 y\u0131l\u0131nda \u0130stanbul\u2019da do\u011fdu. \u0130lkokul \u00f6\u011frenimini Konya&#8217;da, ortaokul ve lise \u00f6\u011frenimini \u0130stanbul&#8217;da tamamlad\u0131. 2007 y\u0131l\u0131nda Kocaeli \u00dcniversitesi \u0130lk\u00f6\u011fretim Matematik E\u011fitimi program\u0131nda lisans e\u011fitimine ba\u015flad\u0131. 2011 y\u0131l\u0131nda lisans e\u011fitimini tamamlay\u0131p ayn\u0131 y\u0131l Kocaeli \u00dcniversitesi Fen Bilimleri Enstit\u00fcs\u00fc \u0130lk\u00f6\u011fretim Matematik E\u011fitimi program\u0131nda y\u00fcksek lisans e\u011fitimine ba\u015flad\u0131. 2014 y\u0131l\u0131nda Karadeniz Teknik \u00dcniversitesi E\u011fitim Bilimleri Enstit\u00fcs\u00fc \u0130lk\u00f6\u011fretim Matematik E\u011fitimi Anabilim dal\u0131nda doktora e\u011fitimine ve Ondokuz May\u0131s \u00dcniversitesi \u0130lk\u00f6\u011fretim B\u00f6l\u00fcm\u00fc Matematik E\u011fitimi Anabilim dal\u0131nda ara\u015ft\u0131rma g\u00f6revlisi olarak \u00e7al\u0131\u015fmaya ba\u015flad\u0131. 2019 y\u0131l\u0131nda doktora program\u0131ndan mezun olup ayn\u0131 yerde g\u00f6revine devam etmektedir.<\/td>\n<\/tr>\n<\/tbody>\n<\/table>\n<\/div>\n<\/div>\n<\/div>\n<\/div>\n<\/div>\n<\/div>\n<\/div>\n<\/td>\n<\/tr>\n<tr>\n<td bgcolor=\"#CCCCCC\">\n<div align=\"left\">\u00c7al\u0131\u015fma Alanlar\u0131:<\/div>\n<\/td>\n<td bgcolor=\"#F3F3F3\">Meta-analiz, istatistik \u00f6\u011fretimi, istatiksel okuryazarl\u0131k, ters-y\u00fcz s\u0131n\u0131f, \u0130slami desenlerdeki geometri.<\/td>\n<\/tr>\n<tr>\n<td bgcolor=\"#CCCCCC\">\n<div align=\"left\">\u0130leti\u015fim Bilgileri:<\/div>\n<\/td>\n<td bgcolor=\"#FFFFFF\"><\/td>\n<\/tr>\n<tr>\n<td bgcolor=\"#CCCCCC\">E-posta:<\/td>\n<td bgcolor=\"#F3F3F3\">beyda.topan@omu.edu.tr<\/td>\n<\/tr>\n<tr>\n<td bgcolor=\"#CCCCCC\">\n<div align=\"left\">Web Adresi:<\/div>\n<\/td>\n<td bgcolor=\"#FFFFFF\"><\/td>\n<\/tr>\n<\/tbody>\n<\/table>\n<p style=\"text-align: right;\">\n","protected":false},"excerpt":{"rendered":"<p>Dr. Beyda TOPAN Beyda TOPAN 1989 y\u0131l\u0131nda \u0130stanbul\u2019da do\u011fdu. \u0130lkokul \u00f6\u011frenimini Konya&#8217;da, ortaokul ve lise \u00f6\u011frenimini \u0130stanbul&#8217;da tamamlad\u0131. 2007 y\u0131l\u0131nda Kocaeli \u00dcniversitesi \u0130lk\u00f6\u011fretim Matematik E\u011fitimi program\u0131nda lisans e\u011fitimine ba\u015flad\u0131. 2011 y\u0131l\u0131nda lisans e\u011fitimini tamamlay\u0131p ayn\u0131 y\u0131l Kocaeli \u00dcniversitesi Fen Bilimleri Enstit\u00fcs\u00fc \u0130lk\u00f6\u011fretim Matematik E\u011fitimi program\u0131nda y\u00fcksek lisans e\u011fitimine ba\u015flad\u0131. 2014 y\u0131l\u0131nda Karadeniz Teknik \u00dcniversitesi E\u011fitim [&hellip;]<\/p>\n","protected":false},"author":1,"featured_media":0,"parent":0,"menu_order":0,"comment_status":"closed","ping_status":"closed","template":"","meta":[],"_links":{"self":[{"href":"https:\/\/bilmat.org\/calisma_grubu\/wp-json\/wp\/v2\/pages\/2425"}],"collection":[{"href":"https:\/\/bilmat.org\/calisma_grubu\/wp-json\/wp\/v2\/pages"}],"about":[{"href":"https:\/\/bilmat.org\/calisma_grubu\/wp-json\/wp\/v2\/types\/page"}],"author":[{"embeddable":true,"href":"https:\/\/bilmat.org\/calisma_grubu\/wp-json\/wp\/v2\/users\/1"}],"replies":[{"embeddable":true,"href":"https:\/\/bilmat.org\/calisma_grubu\/wp-json\/wp\/v2\/comments?post=2425"}],"version-history":[{"count":2,"href":"https:\/\/bilmat.org\/calisma_grubu\/wp-json\/wp\/v2\/pages\/2425\/revisions"}],"predecessor-version":[{"id":2478,"href":"https:\/\/bilmat.org\/calisma_grubu\/wp-json\/wp\/v2\/pages\/2425\/revisions\/2478"}],"wp:attachment":[{"href":"https:\/\/bilmat.org\/calisma_grubu\/wp-json\/wp\/v2\/media?parent=2425"}],"curies":[{"name":"wp","href":"https:\/\/api.w.org\/{rel}","templated":true}]}}