{"id":897,"date":"2014-09-08T09:29:32","date_gmt":"2014-09-08T09:29:32","guid":{"rendered":"http:\/\/bilmat.org\/calisma_grubu\/?page_id=897"},"modified":"2020-12-26T12:17:04","modified_gmt":"2020-12-26T12:17:04","slug":"doc-dr-hayal-y-mumcu","status":"publish","type":"page","link":"https:\/\/bilmat.org\/calisma_grubu\/doc-dr-hayal-y-mumcu\/","title":{"rendered":"Do\u00e7. Dr. Hayal YAVUZ MUMCU"},"content":{"rendered":"<table border=\"0\" width=\"100%\" cellspacing=\"1\" cellpadding=\"1\" align=\"left\" bgcolor=\"#CCCCCC\">\n<tbody>\n<tr>\n<td bgcolor=\"#CCCCCC\" width=\"116\">\n<div style=\"text-align: left;\" align=\"left\">Do\u00e7. Dr.<\/div>\n<div style=\"text-align: left;\" align=\"left\">Hayal YAVUZ MUMCU<a href=\"http:\/\/bilmat.org\/calisma_grubu\/wp-content\/uploads\/2020\/11\/resim-hayal-yavuz.jpg\"><img loading=\"lazy\" class=\"aligncenter size-full wp-image-2323\" src=\"http:\/\/bilmat.org\/calisma_grubu\/wp-content\/uploads\/2020\/11\/resim-hayal-yavuz.jpg\" alt=\"resim - hayal yavuz\" width=\"205\" height=\"272\" srcset=\"https:\/\/bilmat.org\/calisma_grubu\/wp-content\/uploads\/2020\/11\/resim-hayal-yavuz.jpg 205w, https:\/\/bilmat.org\/calisma_grubu\/wp-content\/uploads\/2020\/11\/resim-hayal-yavuz-150x199.jpg 150w, https:\/\/bilmat.org\/calisma_grubu\/wp-content\/uploads\/2020\/11\/resim-hayal-yavuz-50x66.jpg 50w, https:\/\/bilmat.org\/calisma_grubu\/wp-content\/uploads\/2020\/11\/resim-hayal-yavuz-100x133.jpg 100w, https:\/\/bilmat.org\/calisma_grubu\/wp-content\/uploads\/2020\/11\/resim-hayal-yavuz-200x265.jpg 200w\" sizes=\"(max-width: 205px) 100vw, 205px\" \/><\/a><\/div>\n<p><img src=\"http:\/\/bilmat.org\/calisma_grubu\/wp-content\/uploads\/2014\/09\/hym.jpg\" alt=\"\" \/><\/td>\n<td valign=\"top\" bgcolor=\"#FFFFFF\">\n<div align=\"left\">\n<div align=\"left\">\n<div align=\"left\">\n<div align=\"left\">\n<div align=\"left\">\n<div align=\"left\">\n<div align=\"left\"><\/div>\n<div align=\"justify\">\n<p>1979 y\u0131l\u0131nda G\u00fcm\u00fc\u015fhanede do\u011fdu. Orta\u00f6\u011fretimini Giresun S\u00fcper Lisesinde tamamlad\u0131ktan sonra 1997 y\u0131l\u0131nda Karadeniz Teknik \u00dcniversitesi Matematik B\u00f6l\u00fcm\u00fcn\u00fc kazand\u0131. 2004 y\u0131l\u0131nda Karadeniz Teknik \u00dcniversitesi Fatih E\u011fitim Fak\u00fcltesi Orta\u00f6\u011fretim Fen ve Matematik Alanlar\u0131 E\u011fitimi b\u00f6l\u00fcm\u00fcnde tezsiz y\u00fcksek lisans\u0131n\u0131, 2011 y\u0131l\u0131nda ise ayn\u0131 Anabilim dal\u0131nda doktora e\u011fitimini tamamlad\u0131. 2012 y\u0131l\u0131nda Ordu \u00dcniversitesi E\u011fitim Fak\u00fcltesi&#8217;ne yard\u0131mc\u0131 do\u00e7ent olarak atand\u0131. Halen ayn\u0131 \u00fcniversitede doktor \u00f6\u011fretim \u00fcyesi olarak \u00e7al\u0131\u015fmakla birlikte evli ve iki \u00e7ocuk sahibidir.<\/p>\n<\/div>\n<\/div>\n<\/div>\n<\/div>\n<\/div>\n<\/div>\n<\/div>\n<\/td>\n<\/tr>\n<tr>\n<td bgcolor=\"#CCCCCC\">\n<div align=\"left\">\u00c7al\u0131\u015fma Alanlar\u0131:<\/div>\n<\/td>\n<td bgcolor=\"#F3F3F3\">\u00a0Matemati\u011fi Kullanma, Matematiksel Beceriler, Matematiksel Modelleme, Matematik \u00d6\u011fretiminde Model Kullanma, Pedagojik Alan Bilgisi<\/td>\n<\/tr>\n<tr>\n<td bgcolor=\"#CCCCCC\">\n<div align=\"left\">\u0130leti\u015fim Bilgileri:<\/div>\n<\/td>\n<td bgcolor=\"#FFFFFF\"><\/td>\n<\/tr>\n<tr>\n<td bgcolor=\"#CCCCCC\">E-posta:<\/td>\n<td bgcolor=\"#F3F3F3\">hayalym52@gmail.com<\/td>\n<\/tr>\n<tr>\n<td bgcolor=\"#CCCCCC\">\n<div align=\"left\">Web Adresi:<\/div>\n<\/td>\n<td bgcolor=\"#FFFFFF\"><\/td>\n<\/tr>\n<\/tbody>\n<\/table>\n<p style=\"text-align: right;\">\n","protected":false},"excerpt":{"rendered":"<p>Do\u00e7. Dr. Hayal YAVUZ MUMCU 1979 y\u0131l\u0131nda G\u00fcm\u00fc\u015fhanede do\u011fdu. Orta\u00f6\u011fretimini Giresun S\u00fcper Lisesinde tamamlad\u0131ktan sonra 1997 y\u0131l\u0131nda Karadeniz Teknik \u00dcniversitesi Matematik B\u00f6l\u00fcm\u00fcn\u00fc kazand\u0131. 2004 y\u0131l\u0131nda Karadeniz Teknik \u00dcniversitesi Fatih E\u011fitim Fak\u00fcltesi Orta\u00f6\u011fretim Fen ve Matematik Alanlar\u0131 E\u011fitimi b\u00f6l\u00fcm\u00fcnde tezsiz y\u00fcksek lisans\u0131n\u0131, 2011 y\u0131l\u0131nda ise ayn\u0131 Anabilim dal\u0131nda doktora e\u011fitimini tamamlad\u0131. 2012 y\u0131l\u0131nda Ordu \u00dcniversitesi E\u011fitim [&hellip;]<\/p>\n","protected":false},"author":1,"featured_media":0,"parent":0,"menu_order":0,"comment_status":"closed","ping_status":"closed","template":"","meta":[],"_links":{"self":[{"href":"https:\/\/bilmat.org\/calisma_grubu\/wp-json\/wp\/v2\/pages\/897"}],"collection":[{"href":"https:\/\/bilmat.org\/calisma_grubu\/wp-json\/wp\/v2\/pages"}],"about":[{"href":"https:\/\/bilmat.org\/calisma_grubu\/wp-json\/wp\/v2\/types\/page"}],"author":[{"embeddable":true,"href":"https:\/\/bilmat.org\/calisma_grubu\/wp-json\/wp\/v2\/users\/1"}],"replies":[{"embeddable":true,"href":"https:\/\/bilmat.org\/calisma_grubu\/wp-json\/wp\/v2\/comments?post=897"}],"version-history":[{"count":9,"href":"https:\/\/bilmat.org\/calisma_grubu\/wp-json\/wp\/v2\/pages\/897\/revisions"}],"predecessor-version":[{"id":2382,"href":"https:\/\/bilmat.org\/calisma_grubu\/wp-json\/wp\/v2\/pages\/897\/revisions\/2382"}],"wp:attachment":[{"href":"https:\/\/bilmat.org\/calisma_grubu\/wp-json\/wp\/v2\/media?parent=897"}],"curies":[{"name":"wp","href":"https:\/\/api.w.org\/{rel}","templated":true}]}}