{"id":908,"date":"2014-09-08T10:30:43","date_gmt":"2014-09-08T10:30:43","guid":{"rendered":"http:\/\/bilmat.org\/calisma_grubu\/?page_id=908"},"modified":"2024-02-25T12:33:33","modified_gmt":"2024-02-25T12:33:33","slug":"ekibimiz","status":"publish","type":"page","link":"https:\/\/bilmat.org\/calisma_grubu\/ekibimiz\/","title":{"rendered":"Ekibimiz"},"content":{"rendered":"<table class=\"ui-sortable-handle\" width=\"650\">\n<tbody>\n<tr>\n<td width=\"348\"><a href=\"http:\/\/bilmat.org\/calisma_grubu\/prof-dr-adnan-baki\/\">Prof. Dr. Adnan BAK\u0130<\/a><\/td>\n<td width=\"295\">Trabzon \u00dcniversitesi<\/td>\n<\/tr>\n<tr>\n<td width=\"348\"><a href=\"http:\/\/bilmat.org\/calisma_grubu\/prof-dr-bulent-guven\/\">Prof. Dr. B\u00fclent G\u00dcVEN<\/a><\/td>\n<td width=\"295\">Trabzon \u00dcniversitesi<\/td>\n<\/tr>\n<tr>\n<td width=\"348\"><a href=\"http:\/\/bilmat.org\/calisma_grubu\/prof-dr-ramazan-gurbuz\/\">Prof. Dr. Ramazan G\u00dcRB\u00dcZ<\/a><\/td>\n<td width=\"295\">Ad\u0131yaman \u00dcniversitesi<\/td>\n<\/tr>\n<tr>\n<td><a href=\"http:\/\/bilmat.org\/calisma_grubu\/prof-dr-osman-birgin\/\">Prof. Dr. Osman B\u0130RG\u0130N<\/a><\/td>\n<td>U\u015fak \u00dcniversitesi<\/td>\n<\/tr>\n<tr>\n<td width=\"348\"><a href=\"http:\/\/bilmat.org\/calisma_grubu\/prof-dr-ilhan-karatas\/\">Prof. Dr. \u0130lhan KARATA\u015e<\/a><\/td>\n<td width=\"295\">Zonguldak B\u00fclent Ecevit \u00dcniversitesi<\/td>\n<\/tr>\n<tr>\n<td width=\"348\"><a href=\"http:\/\/bilmat.org\/calisma_grubu\/prof-dr-yasar-akkan\/\">Prof. Dr. Ya\u015far AKKAN<\/a><\/td>\n<td width=\"295\">Trabzon \u00dcniversitesi<\/td>\n<\/tr>\n<tr>\n<td width=\"348\"><a href=\"http:\/\/bilmat.org\/calisma_grubu\/prof-dr-selahattin-arslan\/\">Prof. Dr. Selahattin ARSLAN<\/a><\/td>\n<td width=\"295\">Trabzon\u00a0\u00dcniversitesi<\/td>\n<\/tr>\n<tr>\n<td width=\"348\"><a href=\"http:\/\/bilmat.org\/calisma_grubu\/doc-dr-tuba-gokcek\/\">Prof. Dr. Tuba G\u00d6K\u00c7EK<\/a><\/td>\n<td width=\"295\">K\u0131r\u0131kkale \u00dcniversitesi<\/td>\n<\/tr>\n<tr>\n<td width=\"348\"><a href=\"http:\/\/bilmat.org\/calisma_grubu\/prof-dr-unal-cakiroglu\/\">Prof. Dr. \u00dcnal \u00c7AKIRO\u011eLU<\/a><\/td>\n<td width=\"295\">Trabzon \u00dcniversitesi<\/td>\n<\/tr>\n<tr>\n<td width=\"348\"><a href=\"http:\/\/bilmat.org\/calisma_grubu\/doc-dr-derya-celik\/\">Prof. Dr. Derya \u00c7EL\u0130K<\/a><\/td>\n<td width=\"295\">Trabzon \u00dcniversitesi<\/td>\n<\/tr>\n<tr>\n<td width=\"348\"><a href=\"http:\/\/bilmat.org\/calisma_grubu\/prof-dr-seher-m-sahin\/\">Prof. Dr. Seher MANDACI \u015eAH\u0130N<\/a><\/td>\n<td width=\"295\">\u00d6mer Halisdemir\u00a0\u00dcniversitesi<\/td>\n<\/tr>\n<tr>\n<td width=\"348\"><a href=\"http:\/\/bilmat.org\/calisma_grubu\/doc-dr-tamer-kutluca\/\">Prof. Dr. Tamer KUTLUCA<\/a><\/td>\n<td width=\"295\">Dicle \u00dcniversitesi<\/td>\n<\/tr>\n<tr>\n<td width=\"348\"><a href=\"http:\/\/bilmat.org\/calisma_grubu\/doc-dr-gonul-gunes\/\">Do\u00e7. Dr. G\u00f6n\u00fcl G\u00dcNE\u015e<\/a><\/td>\n<td width=\"295\">Trabzon \u00dcniversitesi<\/td>\n<\/tr>\n<tr>\n<td width=\"348\"><a href=\"http:\/\/bilmat.org\/calisma_grubu\/doc-dr-fatih-karakus\/\">Do\u00e7. Dr. Fatih KARAKU\u015e<\/a><\/td>\n<td width=\"295\">Afyon Kocatepe \u00dcniversitesi<\/td>\n<\/tr>\n<tr>\n<td><a href=\"http:\/\/bilmat.org\/calisma_grubu\/doc-dr-gul-kaleli-yilmaz\/\">Do\u00e7. Dr. G\u00fcl KALEL\u0130 YILMAZ<\/a><\/td>\n<td>Uluda\u011f \u00dcniversitesi<\/td>\n<\/tr>\n<tr>\n<td><a href=\"http:\/\/bilmat.org\/calisma_grubu\/doc-dr-timur-koparan\/\">Do\u00e7. Dr. Timur KOPARAN<\/a><\/td>\n<td>Zonguldak B\u00fclent Ecevit \u00dcniversitesi<\/td>\n<\/tr>\n<tr>\n<td width=\"348\"><a href=\"http:\/\/bilmat.org\/calisma_grubu\/doc-dr-davut-kogce\/\">Do\u00e7. Dr. Davut K\u00d6\u011eCE<\/a><\/td>\n<td width=\"295\">\u00d6mer Halisdemir \u00dcniversitesi<\/td>\n<\/tr>\n<tr>\n<td><a href=\"http:\/\/bilmat.org\/calisma_grubu\/doc-dr-temel-kosa\/\">Do\u00e7. Dr. Temel K\u00d6SA<\/a><\/td>\n<td>Trabzon \u00dcniversitesi<\/td>\n<\/tr>\n<tr>\n<td><a href=\"http:\/\/bilmat.org\/calisma_grubu\/dr-ogr-uyesi-nimet-pirasa\/\">Dr. \u00d6\u011fr. \u00dcyesi Nimet PIRASA<\/a><\/td>\n<td>Recep Tayyip Erdo\u011fan \u00dcniversitesi<\/td>\n<\/tr>\n<tr>\n<td><a href=\"http:\/\/bilmat.org\/calisma_grubu\/dr-ogr-uyesi-ali-turkdogan\/\">Dr. \u00d6\u011fr. \u00dcyesi Ali T\u00dcRKDO\u011eAN<\/a><\/td>\n<td>Cumhuriyet \u00dcniversitesi<\/td>\n<\/tr>\n<tr>\n<td><a href=\"http:\/\/bilmat.org\/calisma_grubu\/doc-dr-tuba-iskenderoglu\/\">Do\u00e7. Dr. Tuba AYDO\u011eDU \u0130SKENDERO\u011eLU<\/a><\/td>\n<td>Trabzon \u00dcniversitesi<\/td>\n<\/tr>\n<tr>\n<td><a href=\"http:\/\/bilmat.org\/calisma_grubu\/dr-ogr-uyesi-mesut-butun\/\">Dr. \u00d6\u011fr. \u00dcyesi Mesut B\u00dcT\u00dcN<\/a><\/td>\n<td>Cumhuriyet \u00dcniversitesi<\/td>\n<\/tr>\n<tr>\n<td>Dr. \u00d6\u011fr. \u00dcyesi Tayfun TUTAK<\/td>\n<td>F\u0131rat \u00dcniversitesi<\/td>\n<\/tr>\n<tr>\n<td><a href=\"http:\/\/bilmat.org\/calisma_grubu\/doc-dr-meral-c-aktas\/\">Do\u00e7. Dr. Meral CANSIZ AKTA\u015e<\/a><\/td>\n<td>Ordu \u00dcniversitesi<\/td>\n<\/tr>\n<tr>\n<td><a href=\"http:\/\/bilmat.org\/calisma_grubu\/dr-ogr-uyesi-ercan-atasoy\/\">Dr. \u00d6\u011fr. \u00dcyesi Ercan ATASOY<\/a><\/td>\n<td>Recep Tayyip Erdo\u011fan \u00dcniversitesi<\/td>\n<\/tr>\n<tr>\n<td><a href=\"http:\/\/bilmat.org\/calisma_grubu\/dr-ogr-uyesi-mihriban-h-karadeniz\/\">Dr. \u00d6\u011fr. \u00dcyesi Mihriban H. KARADEN\u0130Z<\/a><\/td>\n<td>Giresun \u00dcniversitesi<\/td>\n<\/tr>\n<tr>\n<td><a href=\"http:\/\/bilmat.org\/calisma_grubu\/dr-ogr-uyesi-mujgan-baki\/\">Do\u00e7. Dr. \u00dcyesi M\u00fcjgan BAK\u0130<\/a><\/td>\n<td>Trabzon \u00dcniversitesi<\/td>\n<\/tr>\n<tr>\n<td><a href=\"http:\/\/bilmat.org\/calisma_grubu\/dr-ogr-uyesi-mehmet-aydin\/\">Dr. \u00d6\u011fr. \u00dcyesi\u00a0Mehmet AYDIN<\/a><\/td>\n<td>Dicle \u00dcniversitesi<\/td>\n<\/tr>\n<tr>\n<td><a href=\"http:\/\/bilmat.org\/calisma_grubu\/doc-dr-ilknur-ozpinar\/\">Do\u00e7. Dr. \u0130lknur \u00d6ZPINAR<\/a><\/td>\n<td>\u00d6mer Halisdemir \u00dcniversitesi<\/td>\n<\/tr>\n<tr>\n<td><a href=\"http:\/\/bilmat.org\/calisma_grubu\/dr-ogr-uyesi-hacer-ozyurt\/\">Dr. \u00d6\u011fr. \u00dcyesi Hacer \u00d6ZYURT<\/a><\/td>\n<td>Karadeniz Teknik \u00dcniversitesi<\/td>\n<\/tr>\n<tr>\n<td>Dr. \u00d6\u011fr. \u00dcyesi \u00d6zcan \u00d6ZYURT<\/td>\n<td>Karadeniz Teknik \u00dcniversitesi<\/td>\n<\/tr>\n<tr>\n<td><a href=\"http:\/\/bilmat.org\/calisma_grubu\/dr-ogr-uyesi-ebru-guveli\/\">Dr. \u00d6\u011fr. \u00dcyesi\u00a0Ebru G\u00dcVEL\u0130<\/a><\/td>\n<td>Recep Tayyip Erdo\u011fan \u00dcniversitesi<\/td>\n<\/tr>\n<tr>\n<td><a href=\"http:\/\/bilmat.org\/calisma_grubu\/doc-dr-avni-yildiz\/\">Do\u00e7. Dr. Avni YILDIZ<\/a><\/td>\n<td>Zonguldak B\u00fclent Ecevit \u00dcniversitesi<\/td>\n<\/tr>\n<tr>\n<td><a href=\"http:\/\/bilmat.org\/calisma_grubu\/doc-dr-hayal-y-mumcu\/\">Do\u00e7. Dr. Hayal YAVUZ MUMCU<\/a><\/td>\n<td>Ordu \u00dcniversitesi<\/td>\n<\/tr>\n<tr>\n<td><a href=\"http:\/\/bilmat.org\/calisma_grubu\/dr-ogr-uyesi-cemalettin-yildiz\/\">Dr. \u00d6\u011fr. \u00dcyesi Cemalettin YILDIZ<\/a><\/td>\n<td>Giresun \u00dcniversitesi<\/td>\n<\/tr>\n<tr>\n<td><a href=\"http:\/\/bilmat.org\/calisma_grubu\/doc-dr-erdem-cekmez\/\">Do\u00e7. Dr. Erdem \u00c7EKMEZ<\/a><\/td>\n<td>Trabzon \u00dcniversitesi<\/td>\n<\/tr>\n<tr>\n<td><a href=\"http:\/\/bilmat.org\/calisma_grubu\/dr-ogr-uyesi-selcen-calik-uzun\/\">Dr. \u00d6\u011fr. \u00dcyesi Selcen \u00c7ALIK UZUN<\/a><\/td>\n<td>Artvin \u00c7oruh \u00dcniversitesi<\/td>\n<\/tr>\n<tr>\n<td><a href=\"http:\/\/bilmat.org\/calisma_grubu\/doc-dr-suphi-onder-butuner\/\">Do\u00e7. Dr. Suphi \u00d6nder B\u00dcT\u00dcNER<\/a><\/td>\n<td>Bozok \u00dcniversitesi<\/td>\n<\/tr>\n<tr>\n<td><a href=\"http:\/\/bilmat.org\/calisma_grubu\/doc-dr-serdal-baltaci\/\">Do\u00e7. Dr. Serdal BALTACI<\/a><\/td>\n<td>Ahi Evran \u00dcniversitesi<\/td>\n<\/tr>\n<tr>\n<td><a href=\"http:\/\/bilmat.org\/calisma_grubu\/dr-ogr-uyesi-funda-aydin-guc\/\">Dr. \u00d6\u011fr. \u00dcyesi Funda AYDIN G\u00dc\u00c7<\/a><\/td>\n<td>Giresun \u00dcniversitesi<\/td>\n<\/tr>\n<tr>\n<td><a href=\"http:\/\/bilmat.org\/calisma_grubu\/dr-ogr-uyesi-oben-kanbolat\/\">Dr. \u00d6\u011fr. \u00dcyesi Oben KANBOLAT<\/a><\/td>\n<td>Erzincan \u00dcniversitesi<\/td>\n<\/tr>\n<tr>\n<td><a href=\"http:\/\/bilmat.org\/calisma_grubu\/dr-ogr-uyesi-zeynep-medine-ozmen\/\">Dr. \u00d6\u011fr. \u00dcyesi Zeynep Medine \u00d6ZMEN<\/a><\/td>\n<td>Trabzon \u00dcniversitesi<\/td>\n<\/tr>\n<tr>\n<td><a href=\"http:\/\/bilmat.org\/calisma_grubu\/dr-ogr-uyesi-elif-aksan-kilicaslan\/\">Dr. \u00d6\u011fr. \u00dcyesi Elif AK\u015eAN\u00a0KILI\u00c7ASLAN<\/a><\/td>\n<td>Trabzon\u00a0\u00dcniversitesi<\/td>\n<\/tr>\n<tr>\n<td><a href=\"http:\/\/bilmat.org\/calisma_grubu\/dr-ogr-uyesi-duygu-arabaci\/\">Dr. \u00d6\u011fr. \u00dcyesi Duygu ARABACI<\/a><\/td>\n<td>D\u00fczce \u00dcniversitesi<\/td>\n<\/tr>\n<tr>\n<td><a href=\"http:\/\/bilmat.org\/calisma_grubu\/dr-ogr-uyesi-tugba-ozturk\/\">Dr. \u00d6\u011fr. \u00dcyesi Tu\u011fba \u00d6ZT\u00dcRK<\/a><\/td>\n<td>Trabzon\u00a0\u00dcniversitesi<\/td>\n<\/tr>\n<tr>\n<td><a href=\"http:\/\/bilmat.org\/calisma_grubu\/dr-ogr-uyesi-buket-ozum-bulbul\/\">Dr. \u00d6\u011fr. \u00dcyesi Buket \u00d6z\u00fcm B\u00dcLB\u00dcL<\/a><\/td>\n<td>Celal Bayar \u00dcniversitesi<\/td>\n<\/tr>\n<tr>\n<td><a href=\"http:\/\/bilmat.org\/calisma_grubu\/dr-ogr-uyesi-elif-ertemakbas\/\">Dr. \u00d6\u011fr. \u00dcyesi Elif ERTEM<\/a><\/td>\n<td>Van Y\u00fcz\u00fcnc\u00fc Y\u0131l \u00dcniversitesi<\/td>\n<\/tr>\n<tr>\n<td><a href=\"http:\/\/bilmat.org\/calisma_grubu\/ogr-gor-hulya-elmas-baydar\/\">\u00d6\u011fr. G\u00f6r. H\u00fclya ELMAS BAYDAR<\/a><\/td>\n<td>Artvin \u00c7oruh \u00dcniversitesi<\/td>\n<\/tr>\n<tr>\n<td><a href=\"http:\/\/bilmat.org\/calisma_grubu\/dr-ogr-uyesi-hilal-yildiz\/\">Dr. \u00d6\u011fr. \u00dcyesi Hilal YILDIZ<\/a><\/td>\n<td>Kafkas \u00dcniversitesi<\/td>\n<\/tr>\n<tr>\n<td><a href=\"http:\/\/bilmat.org\/calisma_grubu\/ogr-gor-dr-yasemin-turk\/\">\u00d6\u011fr. G\u00f6r. Dr. Yasemin T\u00fcrk<\/a><\/td>\n<td>Trabzon \u00dcniversitesi<\/td>\n<\/tr>\n<tr>\n<td>Dr. Kadir G\u00dcRSOY<\/td>\n<td>Trabzon \u00dcniversitesi<\/td>\n<\/tr>\n<tr>\n<td><a href=\"http:\/\/bilmat.org\/calisma_grubu\/dr-beyda-topan\/\">\u00a0Dr. Beyda TOPAN<\/a><\/td>\n<td>\u00a0Ondokuz May\u0131s \u00dcniversitesi<\/td>\n<\/tr>\n<tr>\n<td><\/td>\n<td><\/td>\n<\/tr>\n<\/tbody>\n<\/table>\n<table class=\"ui-sortable-handle\" width=\"650\">\n<tbody>\n<tr>\n<td><\/td>\n<td><\/td>\n<\/tr>\n<\/tbody>\n<\/table>\n<table class=\"ui-sortable-handle\" width=\"650\">\n<tbody>\n<tr>\n<td><a href=\"http:\/\/bilmat.org\/calisma_grubu\/ars-gor-zeynep-arslan\/\">Ar\u015f. G\u00f6r.\u00a0Zeynep ARSLAN<\/a><\/td>\n<td>Trabzon \u00dcniversitesi<\/td>\n<\/tr>\n<tr>\n<td><a href=\"http:\/\/bilmat.org\/calisma_grubu\/ars-gor-neslihan-sonmez\/\">Ar\u015f. G\u00f6r.\u00a0Neslihan S\u00d6NMEZ<\/a><\/td>\n<td>Trabzon \u00dcniversitesi<\/td>\n<\/tr>\n<tr>\n<td><a href=\"https:\/\/akademik.yok.gov.tr\/AkademikArama\/AkademisyenGorevOgrenimBilgileri?islem=direct&amp;authorId=9D67493268779263\">Ar\u015f. G\u00f6r. Dr. Mustafa G\u00dcLER<\/a><\/td>\n<td>Trabzon \u00dcniversitesi<\/td>\n<\/tr>\n<tr>\n<td><a href=\"http:\/\/bilmat.org\/calisma_grubu\/ars-gor-neslihan-uzun\/\">Ar\u015f. G\u00f6r. Dr. Neslihan UZUN<\/a><\/td>\n<td>Recep Tayyip Erdo\u011fan \u00dcniversitesi<\/td>\n<\/tr>\n<\/tbody>\n<\/table>\n<table class=\"ui-sortable-handle\" width=\"650\">\n<tbody>\n<tr>\n<td><a href=\"http:\/\/bilmat.org\/calisma_grubu\/ars-gor-dr-sedef-celik\/\">Ar\u015f. G\u00f6r. Dr. Sedef \u00c7EL\u0130K<\/a><\/td>\n<td>\u00a0Artvin \u00c7oruh \u00dcniversitesi<\/td>\n<\/tr>\n<\/tbody>\n<\/table>\n<table class=\"ui-sortable-handle\" width=\"650\">\n<tbody>\n<tr>\n<td><a href=\"http:\/\/bilmat.org\/calisma_grubu\/ars-gor-damla-kutlu\/\">Ar\u015f. G\u00f6r. Damla KUTLU<\/a><\/td>\n<td>Trabzon \u00dcniversitesi<\/td>\n<\/tr>\n<\/tbody>\n<\/table>\n<table class=\"ui-sortable-handle\" width=\"650\">\n<tbody>\n<tr>\n<td><\/td>\n<td><\/td>\n<\/tr>\n<\/tbody>\n<\/table>\n","protected":false},"excerpt":{"rendered":"<p>Prof. Dr. Adnan BAK\u0130 Trabzon \u00dcniversitesi Prof. Dr. B\u00fclent G\u00dcVEN Trabzon \u00dcniversitesi Prof. Dr. Ramazan G\u00dcRB\u00dcZ Ad\u0131yaman \u00dcniversitesi Prof. Dr. Osman B\u0130RG\u0130N U\u015fak \u00dcniversitesi Prof. Dr. \u0130lhan KARATA\u015e Zonguldak B\u00fclent Ecevit \u00dcniversitesi Prof. Dr. Ya\u015far AKKAN Trabzon \u00dcniversitesi Prof. Dr. Selahattin ARSLAN Trabzon\u00a0\u00dcniversitesi Prof. Dr. Tuba G\u00d6K\u00c7EK K\u0131r\u0131kkale \u00dcniversitesi Prof. Dr. \u00dcnal \u00c7AKIRO\u011eLU Trabzon \u00dcniversitesi [&hellip;]<\/p>\n","protected":false},"author":1,"featured_media":0,"parent":0,"menu_order":0,"comment_status":"closed","ping_status":"closed","template":"","meta":[],"_links":{"self":[{"href":"https:\/\/bilmat.org\/calisma_grubu\/wp-json\/wp\/v2\/pages\/908"}],"collection":[{"href":"https:\/\/bilmat.org\/calisma_grubu\/wp-json\/wp\/v2\/pages"}],"about":[{"href":"https:\/\/bilmat.org\/calisma_grubu\/wp-json\/wp\/v2\/types\/page"}],"author":[{"embeddable":true,"href":"https:\/\/bilmat.org\/calisma_grubu\/wp-json\/wp\/v2\/users\/1"}],"replies":[{"embeddable":true,"href":"https:\/\/bilmat.org\/calisma_grubu\/wp-json\/wp\/v2\/comments?post=908"}],"version-history":[{"count":126,"href":"https:\/\/bilmat.org\/calisma_grubu\/wp-json\/wp\/v2\/pages\/908\/revisions"}],"predecessor-version":[{"id":2603,"href":"https:\/\/bilmat.org\/calisma_grubu\/wp-json\/wp\/v2\/pages\/908\/revisions\/2603"}],"wp:attachment":[{"href":"https:\/\/bilmat.org\/calisma_grubu\/wp-json\/wp\/v2\/media?parent=908"}],"curies":[{"name":"wp","href":"https:\/\/api.w.org\/{rel}","templated":true}]}}