{"id":943,"date":"2014-09-08T11:25:46","date_gmt":"2014-09-08T11:25:46","guid":{"rendered":"http:\/\/bilmat.org\/calisma_grubu\/?page_id=943"},"modified":"2021-06-15T01:20:35","modified_gmt":"2021-06-15T01:20:35","slug":"prof-dr-unal-cakiroglu","status":"publish","type":"page","link":"https:\/\/bilmat.org\/calisma_grubu\/prof-dr-unal-cakiroglu\/","title":{"rendered":"Prof. Dr. \u00dcnal \u00c7AKIRO\u011eLU"},"content":{"rendered":"<table border=\"0\" width=\"100%\" cellspacing=\"1\" cellpadding=\"1\" align=\"left\" bgcolor=\"#CCCCCC\">\n<tbody>\n<tr>\n<td bgcolor=\"#CCCCCC\" width=\"116\">\n<div style=\"text-align: left;\" align=\"left\">\n<a href=\"http:\/\/bilmat.org\/calisma_grubu\/wp-content\/uploads\/2021\/06\/unalcakir.jpg\"><img loading=\"lazy\" class=\"aligncenter wp-image-2519 size-full\" src=\"http:\/\/bilmat.org\/calisma_grubu\/wp-content\/uploads\/2021\/06\/unalcakir.jpg\" alt=\"\" width=\"390\" height=\"416\" srcset=\"https:\/\/bilmat.org\/calisma_grubu\/wp-content\/uploads\/2021\/06\/unalcakir.jpg 390w, https:\/\/bilmat.org\/calisma_grubu\/wp-content\/uploads\/2021\/06\/unalcakir-250x267.jpg 250w, https:\/\/bilmat.org\/calisma_grubu\/wp-content\/uploads\/2021\/06\/unalcakir-150x160.jpg 150w, https:\/\/bilmat.org\/calisma_grubu\/wp-content\/uploads\/2021\/06\/unalcakir-50x53.jpg 50w, https:\/\/bilmat.org\/calisma_grubu\/wp-content\/uploads\/2021\/06\/unalcakir-100x107.jpg 100w, https:\/\/bilmat.org\/calisma_grubu\/wp-content\/uploads\/2021\/06\/unalcakir-200x213.jpg 200w, https:\/\/bilmat.org\/calisma_grubu\/wp-content\/uploads\/2021\/06\/unalcakir-300x320.jpg 300w, https:\/\/bilmat.org\/calisma_grubu\/wp-content\/uploads\/2021\/06\/unalcakir-350x373.jpg 350w\" sizes=\"(max-width: 390px) 100vw, 390px\" \/><\/a><\/div>\n<\/td>\n<td valign=\"top\" bgcolor=\"#FFFFFF\">\n<div align=\"left\">\n<div align=\"left\">\n<div align=\"left\">\n<div align=\"left\">\n<div align=\"left\">\n<div align=\"left\"><\/div>\n<div align=\"justify\">1975 y\u0131l\u0131nda Trabzon\u2019da do\u011fdu. \u0130lk ve orta \u00f6\u011frenimini Trabzon\u2019da tamamlad\u0131ktan sonra 1997 y\u0131l\u0131nda Ege \u00dcniversitesi Bilgisayar M\u00fchendisli\u011fi B\u00f6l\u00fcm\u00fc\u2019nde lisans e\u011fitimini tamamlad\u0131. Y\u00fcksek lisans e\u011fitimini Karadeniz Teknik \u00dcniversitesi Fen Bilimleri Enstit\u00fcs\u00fc Bilgisayar M\u00fchendisli\u011fi Anabilim Dal\u0131nda tamamlad\u0131ktan sonra doktoras\u0131n\u0131 ayn\u0131 \u00fcniversitenin Fen Bilimleri Enstit\u00fcs\u00fc Orta\u00f6\u011fretim Fen ve Matematik Alanlar\u0131 B\u00f6l\u00fcm\u00fc Matematik E\u011fitimi Anabilim Dal\u0131\u2019nda Doktora e\u011fitimini \u201c\u00d6\u011frenme Nesneleri\u201d konusundaki doktora teziyle tamamlad\u0131. 1999 y\u0131l\u0131nda \u00f6\u011fretim g\u00f6revlisi olarak ba\u015flad\u0131\u011f\u0131 Karadeniz Teknik \u00dcniversitesi Bilgisayar ve \u00d6\u011fretim Teknolojileri E\u011fitimi B\u00f6l\u00fcm\u00fc\u2019nde uzun y\u0131llar g\u00f6rev yapm\u0131\u015f olup, 2018 y\u0131l\u0131nda Trabzon \u00dcniversitesi\u2019nin kurulu\u015fu ile halen Trabzon \u00dcniversitesi Bilgisayar ve \u00d6\u011fretim Teknolojileri E\u011fitimi B\u00f6l\u00fcm\u00fc\u2019nde profes\u00f6r olarak g\u00f6rev yapmaktad\u0131r. Dr. \u00c7ak\u0131ro\u011flu, e\u011fitimde teknoloji entegrasyonu, bilgisayar bilimleri e\u011fitimi, uzaktan e\u011fitim, ve e\u011fitimde yapay zeka uygulamalar\u0131 gibi alanlarda akademik \u00e7al\u0131\u015fmalar y\u00fcr\u00fctmektedir. Evli ve iki \u00e7ocuk babas\u0131 olan \u00c7ak\u0131ro\u011flu, son y\u0131llardaki \u00e7al\u0131\u015fmalar\u0131n\u0131 ulusal ve uluslararas\u0131 projeler ile bilgisayar bilimleri e\u011fitimi \u00e7er\u00e7evesinde Bilgi \u0130\u015flemsel D\u00fc\u015f\u00fcnme Becerisinin okullarda \u00f6\u011fretimi ve bu alanda \u00f6\u011fretmen e\u011fitimleri do\u011frultusunda yo\u011funla\u015ft\u0131rmaktad\u0131r.<\/div>\n<\/div>\n<\/div>\n<\/div>\n<\/div>\n<\/div>\n<\/td>\n<\/tr>\n<tr>\n<td bgcolor=\"#CCCCCC\">\n<div align=\"left\">\u00c7al\u0131\u015fma Alanlar\u0131:<\/div>\n<\/td>\n<td bgcolor=\"#F3F3F3\">\u00a0e\u011fitimde teknoloji entegrasyonu, bilgisayar bilimleri e\u011fitimi, uzaktan e\u011fitim, \u00f6\u011frenme analitikleri<\/td>\n<\/tr>\n<tr>\n<td bgcolor=\"#CCCCCC\">\n<div align=\"left\">\u0130leti\u015fim Bilgileri:<\/div>\n<\/td>\n<td bgcolor=\"#FFFFFF\"><\/td>\n<\/tr>\n<tr>\n<td bgcolor=\"#CCCCCC\">E-posta:<\/td>\n<td bgcolor=\"#F3F3F3\">cakiroglu@trabzon.edu.tr<\/td>\n<\/tr>\n<tr>\n<td bgcolor=\"#CCCCCC\">\n<div align=\"left\">Web Adresi:<\/div>\n<\/td>\n<td bgcolor=\"#FFFFFF\"><\/td>\n<\/tr>\n<\/tbody>\n<\/table>\n<p style=\"text-align: right;\">\n","protected":false},"excerpt":{"rendered":"<p>1975 y\u0131l\u0131nda Trabzon\u2019da do\u011fdu. \u0130lk ve orta \u00f6\u011frenimini Trabzon\u2019da tamamlad\u0131ktan sonra 1997 y\u0131l\u0131nda Ege \u00dcniversitesi Bilgisayar M\u00fchendisli\u011fi B\u00f6l\u00fcm\u00fc\u2019nde lisans e\u011fitimini tamamlad\u0131. Y\u00fcksek lisans e\u011fitimini Karadeniz Teknik \u00dcniversitesi Fen Bilimleri Enstit\u00fcs\u00fc Bilgisayar M\u00fchendisli\u011fi Anabilim Dal\u0131nda tamamlad\u0131ktan sonra doktoras\u0131n\u0131 ayn\u0131 \u00fcniversitenin Fen Bilimleri Enstit\u00fcs\u00fc Orta\u00f6\u011fretim Fen ve Matematik Alanlar\u0131 B\u00f6l\u00fcm\u00fc Matematik E\u011fitimi Anabilim Dal\u0131\u2019nda Doktora e\u011fitimini \u201c\u00d6\u011frenme [&hellip;]<\/p>\n","protected":false},"author":1,"featured_media":0,"parent":0,"menu_order":0,"comment_status":"closed","ping_status":"closed","template":"","meta":[],"_links":{"self":[{"href":"https:\/\/bilmat.org\/calisma_grubu\/wp-json\/wp\/v2\/pages\/943"}],"collection":[{"href":"https:\/\/bilmat.org\/calisma_grubu\/wp-json\/wp\/v2\/pages"}],"about":[{"href":"https:\/\/bilmat.org\/calisma_grubu\/wp-json\/wp\/v2\/types\/page"}],"author":[{"embeddable":true,"href":"https:\/\/bilmat.org\/calisma_grubu\/wp-json\/wp\/v2\/users\/1"}],"replies":[{"embeddable":true,"href":"https:\/\/bilmat.org\/calisma_grubu\/wp-json\/wp\/v2\/comments?post=943"}],"version-history":[{"count":7,"href":"https:\/\/bilmat.org\/calisma_grubu\/wp-json\/wp\/v2\/pages\/943\/revisions"}],"predecessor-version":[{"id":2520,"href":"https:\/\/bilmat.org\/calisma_grubu\/wp-json\/wp\/v2\/pages\/943\/revisions\/2520"}],"wp:attachment":[{"href":"https:\/\/bilmat.org\/calisma_grubu\/wp-json\/wp\/v2\/media?parent=943"}],"curies":[{"name":"wp","href":"https:\/\/api.w.org\/{rel}","templated":true}]}}