{"id":973,"date":"2014-09-08T12:23:27","date_gmt":"2014-09-08T12:23:27","guid":{"rendered":"http:\/\/bilmat.org\/calisma_grubu\/?page_id=973"},"modified":"2020-03-04T02:22:15","modified_gmt":"2020-03-04T02:22:15","slug":"dr-ogr-uyesi-nimet-pirasa","status":"publish","type":"page","link":"https:\/\/bilmat.org\/calisma_grubu\/dr-ogr-uyesi-nimet-pirasa\/","title":{"rendered":"Dr. \u00d6\u011fr. \u00dcyesi Nimet PIRASA"},"content":{"rendered":"<table border=\"0\" width=\"100%\" cellspacing=\"1\" cellpadding=\"1\" align=\"left\" bgcolor=\"#CCCCCC\">\n<tbody>\n<tr>\n<td bgcolor=\"#CCCCCC\" width=\"116\">\n<div style=\"text-align: left;\" align=\"left\">Dr. \u00d6\u011fr. \u00dcyesi Nimet PIRASA<\/div>\n<p><img loading=\"lazy\" src=\"http:\/\/www.bilmat.org\/ktubilmat\/kullanici\/35.bmp\" alt=\"\" width=\"120\" height=\"130\" \/><\/td>\n<td valign=\"top\" bgcolor=\"#FFFFFF\">\n<div align=\"left\">\n<div align=\"left\">\n<div align=\"left\">\n<div align=\"left\">\n<div align=\"left\">\n<div align=\"left\">\n<div align=\"left\">\n<div align=\"left\"><a href=\"http:\/\/www.bilmat.org\/ktubilmat\/yayh.php?ids=25\" target=\"_blank\">Yay\u0131nlar<\/a><\/div>\n<div align=\"justify\">1977 y\u0131l\u0131nda Trabzon\u2019da do\u011fdu. 1999 y\u0131l\u0131nda KT\u00dc Fatih E\u011fitim Fak\u00fcltesi, OFMA Matematik \u00d6\u011fretmenli\u011fi Program\u0131&#8217;ndan mezun oldu ve MEB&#8217;de \u00e7al\u0131\u015fmaya ba\u015flad\u0131. \u00dc\u00e7 y\u0131ll\u0131k \u00f6\u011fretmenli\u011fi esnas\u0131nda KT\u00dc Fen Bilimleri Enstit\u00fcs\u00fcnde Y\u00fcksek Lisans\u0131&#8217;n\u0131 tamamlad\u0131 ve ayn\u0131 b\u00f6l\u00fcmde matematik e\u011fitimi alan\u0131nda doktora e\u011fitimine ba\u015flad\u0131. &#8220;S\u0131n\u0131f \u00f6\u011fretmeni adaylar\u0131n\u0131n matematik \u00f6\u011fretim bilgilerinin de\u011fi\u015fim s\u00fcreci&#8221; adl\u0131 tezini 2009 tamamlad\u0131. 2002 y\u0131l\u0131nda ge\u00e7ti\u011fi Rize \u00dcniversitesi E\u011fitim Fak\u00fcltesinde halen \u00f6\u011fretim \u00fcyesi olarak \u00e7al\u0131\u015fmaya devam etmektedir.<\/div>\n<\/div>\n<\/div>\n<\/div>\n<\/div>\n<\/div>\n<\/div>\n<\/div>\n<\/td>\n<\/tr>\n<tr>\n<td bgcolor=\"#CCCCCC\">\n<div align=\"left\">\u00c7al\u0131\u015fma Alanlar\u0131:<\/div>\n<\/td>\n<td bgcolor=\"#F3F3F3\">\u00a0Matematik \u00d6\u011fretimi Bilgisi, Cross-Sectional \u00c7al\u0131\u015fmalar<\/td>\n<\/tr>\n<tr>\n<td bgcolor=\"#CCCCCC\">\n<div align=\"left\">\u0130leti\u015fim Bilgileri:<\/div>\n<\/td>\n<td bgcolor=\"#FFFFFF\"><\/td>\n<\/tr>\n<tr>\n<td bgcolor=\"#CCCCCC\">E-posta:<\/td>\n<td bgcolor=\"#F3F3F3\"><a href=\"mailto:abudak@erzincan.edu.tr\">nimet.pirasa@rize.edu.tr<\/a><\/td>\n<\/tr>\n<tr>\n<td bgcolor=\"#CCCCCC\">\n<div align=\"left\">Web Adresi:<\/div>\n<\/td>\n<td bgcolor=\"#FFFFFF\"><\/td>\n<\/tr>\n<\/tbody>\n<\/table>\n<p style=\"text-align: right;\">\n","protected":false},"excerpt":{"rendered":"<p>Dr. \u00d6\u011fr. \u00dcyesi Nimet PIRASA Yay\u0131nlar 1977 y\u0131l\u0131nda Trabzon\u2019da do\u011fdu. 1999 y\u0131l\u0131nda KT\u00dc Fatih E\u011fitim Fak\u00fcltesi, OFMA Matematik \u00d6\u011fretmenli\u011fi Program\u0131&#8217;ndan mezun oldu ve MEB&#8217;de \u00e7al\u0131\u015fmaya ba\u015flad\u0131. \u00dc\u00e7 y\u0131ll\u0131k \u00f6\u011fretmenli\u011fi esnas\u0131nda KT\u00dc Fen Bilimleri Enstit\u00fcs\u00fcnde Y\u00fcksek Lisans\u0131&#8217;n\u0131 tamamlad\u0131 ve ayn\u0131 b\u00f6l\u00fcmde matematik e\u011fitimi alan\u0131nda doktora e\u011fitimine ba\u015flad\u0131. &#8220;S\u0131n\u0131f \u00f6\u011fretmeni adaylar\u0131n\u0131n matematik \u00f6\u011fretim bilgilerinin de\u011fi\u015fim s\u00fcreci&#8221; adl\u0131 [&hellip;]<\/p>\n","protected":false},"author":1,"featured_media":0,"parent":0,"menu_order":0,"comment_status":"closed","ping_status":"closed","template":"","meta":[],"_links":{"self":[{"href":"https:\/\/bilmat.org\/calisma_grubu\/wp-json\/wp\/v2\/pages\/973"}],"collection":[{"href":"https:\/\/bilmat.org\/calisma_grubu\/wp-json\/wp\/v2\/pages"}],"about":[{"href":"https:\/\/bilmat.org\/calisma_grubu\/wp-json\/wp\/v2\/types\/page"}],"author":[{"embeddable":true,"href":"https:\/\/bilmat.org\/calisma_grubu\/wp-json\/wp\/v2\/users\/1"}],"replies":[{"embeddable":true,"href":"https:\/\/bilmat.org\/calisma_grubu\/wp-json\/wp\/v2\/comments?post=973"}],"version-history":[{"count":3,"href":"https:\/\/bilmat.org\/calisma_grubu\/wp-json\/wp\/v2\/pages\/973\/revisions"}],"predecessor-version":[{"id":2052,"href":"https:\/\/bilmat.org\/calisma_grubu\/wp-json\/wp\/v2\/pages\/973\/revisions\/2052"}],"wp:attachment":[{"href":"https:\/\/bilmat.org\/calisma_grubu\/wp-json\/wp\/v2\/media?parent=973"}],"curies":[{"name":"wp","href":"https:\/\/api.w.org\/{rel}","templated":true}]}}