{"id":983,"date":"2014-09-08T12:32:36","date_gmt":"2014-09-08T12:32:36","guid":{"rendered":"http:\/\/bilmat.org\/calisma_grubu\/?page_id=983"},"modified":"2020-03-04T02:17:08","modified_gmt":"2020-03-04T02:17:08","slug":"doc-dr-timur-koparan","status":"publish","type":"page","link":"https:\/\/bilmat.org\/calisma_grubu\/doc-dr-timur-koparan\/","title":{"rendered":"Do\u00e7. Dr. Timur KOPARAN"},"content":{"rendered":"<table border=\"0\" width=\"100%\" cellspacing=\"1\" cellpadding=\"1\" align=\"left\" bgcolor=\"#CCCCCC\">\n<tbody>\n<tr>\n<td bgcolor=\"#CCCCCC\" width=\"116\">\n<div style=\"text-align: left;\" align=\"left\">Do\u00e7. Dr. Timur KOPARAN<\/div>\n<p><img src=\"http:\/\/bilmat.org\/calisma_grubu\/wp-content\/uploads\/2014\/09\/tk.png\" alt=\"\" \/><\/td>\n<td valign=\"top\" bgcolor=\"#FFFFFF\">\n<div align=\"left\">\n<div align=\"left\">\n<div align=\"left\">\n<div align=\"left\">\n<div align=\"left\">\n<div align=\"left\">\n<div align=\"left\"><a href=\"http:\/\/www.bilmat.org\/ktubilmat\/yayh.php?ids=26\" target=\"_blank\">Yay\u0131nlar<\/a><\/div>\n<div align=\"justify\">1975 y\u0131l\u0131nda Denizli\u2019de do\u011fdu. \u0130lkokul, ortaokul ve Liseyi Denizli\u2019de tamamlad\u0131. 1993 y\u0131l\u0131nda girdi\u011fi Karadeniz Teknik \u00dcniversitesi Fatih E\u011fitim Fak\u00fcltesi Matematik \u00d6\u011fretmenli\u011fi B\u00f6l\u00fcm\u00fcnden 1997 y\u0131l\u0131nda mezun oldu. 1998 y\u0131l\u0131nda \u00f6\u011fretmenli\u011fe ba\u015flad\u0131. 2000 y\u0131l\u0131nda askerli\u011fini yedek subay olarak tamamlad\u0131. 2002 y\u0131l\u0131nda Pamukkale \u00dcniversitesi Fen Bilimleri Enstit\u00fcs\u00fc Matematik Anabilim Dal\u0131\u2019nda y\u00fcksek lisans e\u011fitimine ba\u015flad\u0131. 2005 y\u0131l\u0131nda \u201cN\u00fcmerik Metotlarla Skaler Dalga Modellemesi\u201d adl\u0131 y\u00fcksek lisans teziyle y\u00fcksek lisans e\u011fitimini tamamlad\u0131. 2007 y\u0131l\u0131nda Karadeniz Teknik \u00dcniversitesi E\u011fitim Bilimleri Enstit\u00fcs\u00fc \u0130lk\u00f6\u011fretim Matematik Anabilim Dal\u0131\u2019nda doktora e\u011fitimine ba\u015flad\u0131. 2012 y\u0131l\u0131nda \u201cProje Tabanl\u0131 \u00d6\u011frenme Yakla\u015f\u0131m\u0131n\u0131n \u00d6\u011frencilerin \u0130statistiksel Okuryazarl\u0131k Seviyelerine ve \u0130statisti\u011fe Y\u00f6nelik Tutumlar\u0131na Etkisi\u201d adl\u0131 doktora teziyle doktora e\u011fitimini tamamlad\u0131. Afyonkarahisar, Denizli ve Trabzon illerinde Milli E\u011fitim Bakanl\u0131\u011f\u0131\u2019na ba\u011fl\u0131 ilk\u00f6\u011fretim, lise ve Anadolu liselerinde matematik \u00f6\u011fretmenli\u011fi yapt\u0131. 2013 y\u0131l\u0131nda B\u00fclent Ecevit \u00dcniversitesi, Ere\u011fli E\u011fitim Fak\u00fcltesi, \u0130lk\u00f6\u011fretim Matematik E\u011fitimi Anabilim Dal\u0131\u2019nda yard\u0131mc\u0131 do\u00e7ent olarak g\u00f6reve ba\u015flad\u0131. 2017 y\u0131l\u0131nda do\u00e7ent olan Koparan halen bu b\u00f6l\u00fcmde g\u00f6revine devam etmektedir.<\/div>\n<\/div>\n<\/div>\n<\/div>\n<\/div>\n<\/div>\n<\/div>\n<\/td>\n<\/tr>\n<tr>\n<td bgcolor=\"#CCCCCC\">\n<div align=\"left\">\u00c7al\u0131\u015fma Alanlar\u0131:<\/div>\n<\/td>\n<td bgcolor=\"#F3F3F3\"><\/td>\n<\/tr>\n<tr>\n<td bgcolor=\"#CCCCCC\">\n<div align=\"left\">\u0130leti\u015fim Bilgileri:<\/div>\n<\/td>\n<td bgcolor=\"#FFFFFF\"><\/td>\n<\/tr>\n<tr>\n<td bgcolor=\"#CCCCCC\">E-posta:<\/td>\n<td bgcolor=\"#F3F3F3\"><a href=\"emailto:timurkoparan@gmail.com\">timurkoparan@gmail.com<\/a><\/td>\n<\/tr>\n<tr>\n<td bgcolor=\"#CCCCCC\">\n<div align=\"left\">Web Adresi:<\/div>\n<\/td>\n<td bgcolor=\"#FFFFFF\"><\/td>\n<\/tr>\n<\/tbody>\n<\/table>\n<p style=\"text-align: right;\">\n","protected":false},"excerpt":{"rendered":"<p>Do\u00e7. Dr. Timur KOPARAN Yay\u0131nlar 1975 y\u0131l\u0131nda Denizli\u2019de do\u011fdu. \u0130lkokul, ortaokul ve Liseyi Denizli\u2019de tamamlad\u0131. 1993 y\u0131l\u0131nda girdi\u011fi Karadeniz Teknik \u00dcniversitesi Fatih E\u011fitim Fak\u00fcltesi Matematik \u00d6\u011fretmenli\u011fi B\u00f6l\u00fcm\u00fcnden 1997 y\u0131l\u0131nda mezun oldu. 1998 y\u0131l\u0131nda \u00f6\u011fretmenli\u011fe ba\u015flad\u0131. 2000 y\u0131l\u0131nda askerli\u011fini yedek subay olarak tamamlad\u0131. 2002 y\u0131l\u0131nda Pamukkale \u00dcniversitesi Fen Bilimleri Enstit\u00fcs\u00fc Matematik Anabilim Dal\u0131\u2019nda y\u00fcksek lisans e\u011fitimine [&hellip;]<\/p>\n","protected":false},"author":1,"featured_media":0,"parent":0,"menu_order":0,"comment_status":"closed","ping_status":"closed","template":"","meta":[],"_links":{"self":[{"href":"https:\/\/bilmat.org\/calisma_grubu\/wp-json\/wp\/v2\/pages\/983"}],"collection":[{"href":"https:\/\/bilmat.org\/calisma_grubu\/wp-json\/wp\/v2\/pages"}],"about":[{"href":"https:\/\/bilmat.org\/calisma_grubu\/wp-json\/wp\/v2\/types\/page"}],"author":[{"embeddable":true,"href":"https:\/\/bilmat.org\/calisma_grubu\/wp-json\/wp\/v2\/users\/1"}],"replies":[{"embeddable":true,"href":"https:\/\/bilmat.org\/calisma_grubu\/wp-json\/wp\/v2\/comments?post=983"}],"version-history":[{"count":4,"href":"https:\/\/bilmat.org\/calisma_grubu\/wp-json\/wp\/v2\/pages\/983\/revisions"}],"predecessor-version":[{"id":2046,"href":"https:\/\/bilmat.org\/calisma_grubu\/wp-json\/wp\/v2\/pages\/983\/revisions\/2046"}],"wp:attachment":[{"href":"https:\/\/bilmat.org\/calisma_grubu\/wp-json\/wp\/v2\/media?parent=983"}],"curies":[{"name":"wp","href":"https:\/\/api.w.org\/{rel}","templated":true}]}}